{"id":54814,"date":"2019-06-20T10:53:47","date_gmt":"2019-06-20T10:53:47","guid":{"rendered":"https:\/\/octaedro.com\/libro\/innovacion-e-investigacion-sobre-el-aprendizaje-ubicuo-y-movil-en-la-educacion-superior\/"},"modified":"2023-02-22T13:38:44","modified_gmt":"2023-02-22T12:38:44","slug":"innovacion-e-investigacion-sobre-el-aprendizaje-ubicuo-y-movil-en-la-educacion-superior-2","status":"publish","type":"product","link":"https:\/\/wizardly-davinci.82-223-8-23.plesk.page\/en\/producto\/innovacion-e-investigacion-sobre-el-aprendizaje-ubicuo-y-movil-en-la-educacion-superior-2\/","title":{"rendered":"Innovaci\u00f3n e investigaci\u00f3n sobre el aprendizaje ubicuo y m\u00f3vil en la Educaci\u00f3n Superior"},"content":{"rendered":"<p><span style=\"font-weight: 400;\">El aprendizaje ubicuo y m\u00f3vil es uno de los hitos educativos m\u00e1s significativos de este siglo XXI. Los dispositivos m\u00f3viles y, la facilidad de acceso a la informaci\u00f3n y a la formaci\u00f3n en entornos digitales, han transformado las vidas y el aprendizaje de millones de personas, de maneras que tan s\u00f3lo hace un decenio habr\u00edan sido inconcebibles (UNESCO, 2013). A finales de 2012 ya se calculaba que el n\u00famero de dispositivos m\u00f3viles sobrepasaba la cifra de poblaci\u00f3n mundial (Cisco, 2012). El poder disponer de dispositivos digitales cada vez m\u00e1s asequibles, junto con el dise\u00f1o de plataformas, app y entornos digitales m\u00e1s din\u00e1micos, favorece que el aprendizaje se convierta en un proceso mucho m\u00e1s poli\u00e9drico en el que el estudiante puede recurrir a diferentes contenidos, en diferentes formatos favoreciendo la ubicuidad en el aprendizaje. Este libro presenta algunas l\u00edneas presentes y futuras para innovar e investigar en este campo tan apasionante, teniendo en consideraci\u00f3n que el aprendizaje no est\u00e1 mediado \u00fanicamente por los \u00abclics\u00bb, sino por el \u00abthink\u00bb. Sin lugar a dudas, uno de los retos presentes y futuros en la Educaci\u00f3n Superior ser\u00e1 integrar y aprovechar las posibilidades del aprendizaje m\u00f3vil y ubicuo para asegurar una educaci\u00f3n de calidad.<\/span><\/p>\n","protected":false},"excerpt":{"rendered":"<p><span style=\"font-weight: 400;\">El aprendizaje ubicuo y m\u00f3vil es uno de los hitos educativos m\u00e1s significativos de este siglo XXI. Los dispositivos m\u00f3viles y, la facilidad de acceso a la informaci\u00f3n y a la formaci\u00f3n en entornos digitales, han transformado las vidas y el aprendizaje de millones de personas, de maneras que tan s\u00f3lo hace un decenio habr\u00edan sido inconcebibles (UNESCO, 2013). A finales de 2012 ya se calculaba que el n\u00famero de dispositivos m\u00f3viles sobrepasaba la cifra de poblaci\u00f3n mundial (Cisco, 2012). El poder disponer de dispositivos digitales cada vez m\u00e1s asequibles, junto con el dise\u00f1o de plataformas, app y entornos digitales m\u00e1s din\u00e1micos, favorece que el aprendizaje se convierta en un proceso mucho m\u00e1s poli\u00e9drico en el que el estudiante puede recurrir a diferentes contenidos, en diferentes formatos favoreciendo la ubicuidad en el aprendizaje. Este libro presenta algunas l\u00edneas presentes y futuras para innovar e investigar en este campo tan apasionante, teniendo en consideraci\u00f3n que el aprendizaje no est\u00e1 mediado \u00fanicamente por los \u00abclics\u00bb, sino por el \u00abthink\u00bb. Sin lugar a dudas, uno de los retos presentes y futuros en la Educaci\u00f3n Superior ser\u00e1 integrar y aprovechar las posibilidades del aprendizaje m\u00f3vil y ubicuo para asegurar una educaci\u00f3n de calidad.<\/span><\/p>\n","protected":false},"featured_media":54815,"comment_status":"open","ping_status":"closed","template":"","meta":{"_et_pb_use_builder":"","_et_pb_old_content":"","_et_gb_content_width":""},"product_cat":[11899,11912,11907],"product_tag":[11888],"edicion":[12199],"editoriales":[11867],"tienda":[],"autor_id":[14202,12360,12387,12219],"universidades_coeditoras":[12270],"palabras_clave":[],"listado_alfabetico":[],"acf":[],"_links":{"self":[{"href":"https:\/\/wizardly-davinci.82-223-8-23.plesk.page\/en\/wp-json\/wp\/v2\/product\/54814"}],"collection":[{"href":"https:\/\/wizardly-davinci.82-223-8-23.plesk.page\/en\/wp-json\/wp\/v2\/product"}],"about":[{"href":"https:\/\/wizardly-davinci.82-223-8-23.plesk.page\/en\/wp-json\/wp\/v2\/types\/product"}],"replies":[{"embeddable":true,"href":"https:\/\/wizardly-davinci.82-223-8-23.plesk.page\/en\/wp-json\/wp\/v2\/comments?post=54814"}],"wp:featuredmedia":[{"embeddable":true,"href":"https:\/\/wizardly-davinci.82-223-8-23.plesk.page\/en\/wp-json\/wp\/v2\/media\/54815"}],"wp:attachment":[{"href":"https:\/\/wizardly-davinci.82-223-8-23.plesk.page\/en\/wp-json\/wp\/v2\/media?parent=54814"}],"wp:term":[{"taxonomy":"product_cat","embeddable":true,"href":"https:\/\/wizardly-davinci.82-223-8-23.plesk.page\/en\/wp-json\/wp\/v2\/product_cat?post=54814"},{"taxonomy":"product_tag","embeddable":true,"href":"https:\/\/wizardly-davinci.82-223-8-23.plesk.page\/en\/wp-json\/wp\/v2\/product_tag?post=54814"},{"taxonomy":"edicion","embeddable":true,"href":"https:\/\/wizardly-davinci.82-223-8-23.plesk.page\/en\/wp-json\/wp\/v2\/edicion?post=54814"},{"taxonomy":"editoriales","embeddable":true,"href":"https:\/\/wizardly-davinci.82-223-8-23.plesk.page\/en\/wp-json\/wp\/v2\/editoriales?post=54814"},{"taxonomy":"tienda","embeddable":true,"href":"https:\/\/wizardly-davinci.82-223-8-23.plesk.page\/en\/wp-json\/wp\/v2\/tienda?post=54814"},{"taxonomy":"autor_id","embeddable":true,"href":"https:\/\/wizardly-davinci.82-223-8-23.plesk.page\/en\/wp-json\/wp\/v2\/autor_id?post=54814"},{"taxonomy":"universidades_coeditoras","embeddable":true,"href":"https:\/\/wizardly-davinci.82-223-8-23.plesk.page\/en\/wp-json\/wp\/v2\/universidades_coeditoras?post=54814"},{"taxonomy":"palabras_clave","embeddable":true,"href":"https:\/\/wizardly-davinci.82-223-8-23.plesk.page\/en\/wp-json\/wp\/v2\/palabras_clave?post=54814"},{"taxonomy":"listado_alfabetico","embeddable":true,"href":"https:\/\/wizardly-davinci.82-223-8-23.plesk.page\/en\/wp-json\/wp\/v2\/listado_alfabetico?post=54814"}],"curies":[{"name":"wp","href":"https:\/\/api.w.org\/{rel}","templated":true}]}}