{"id":54819,"date":"2019-06-17T09:37:36","date_gmt":"2019-06-17T07:37:36","guid":{"rendered":"https:\/\/octaedro.com\/libro\/narrativas-de-vida-y-educacion\/"},"modified":"2023-02-22T13:38:44","modified_gmt":"2023-02-22T12:38:44","slug":"narrativas-de-vida-y-educacion-2","status":"publish","type":"product","link":"https:\/\/wizardly-davinci.82-223-8-23.plesk.page\/en\/producto\/narrativas-de-vida-y-educacion-2\/","title":{"rendered":"Narrativas de vida y educaci\u00f3n"},"content":{"rendered":"<p style=\"text-align: justify;\"><span style=\"font-weight: 400;\">El libro transita por diversas narrativas de hombres y mujeres, recuperando sus experiencias, vicisitudes, desaf\u00edos, traumas, sentimientos, alegr\u00edas y conflictos a lo largo de sus vidas, en contextos m\u00faltiples, casi siempre vinculados con la educaci\u00f3n en sus diversas manifestaciones. As\u00ed, nos encontramos con experiencias de docentes, estudiantes, investigadores e investigadoras, familias, personas \u00abdiagnosticadas\u00bb e institucionalizadas, mediadoras culturales y sujetos de otros grupos \u00e9tnicos. A trav\u00e9s de sus voces se pone al descubierto la complejidad de los procesos educativos y la diversidad de contextos en los que se construye sentido para la participaci\u00f3n y la transformaci\u00f3n social.<\/span><\/p>\n<p style=\"text-align: justify;\"><span style=\"font-weight: 400;\">Estas narrativas nos acercan al mundo de los significados y los sentidos que estas personas est\u00e1n otorgando a sus propias vidas y a los escenarios sociales, pol\u00edticos y culturales en los que estas transcurren. Desde esta mirada, podemos adentrarnos en los procesos de construcci\u00f3n de la subjetividad como un modo de participaci\u00f3n en la sociedad, a partir de los ejes que constituyen las diferentes identidades: la pertenencia, la identificaci\u00f3n, el reconocimiento y la acci\u00f3n. <\/span><\/p>\n<p style=\"text-align: justify;\"><span style=\"font-weight: 400;\">Las voces que aparecen en los diferentes cap\u00edtulos representan una posibilidad de di\u00e1logo, de cambio y de transformaci\u00f3n que afecta al conjunto de la sociedad, ya que penetran en la constituci\u00f3n del mundo social y educativo en su globalidad, generando resonancias en quienes nos aproximemos a ellas, como una forma, a su vez, de aprender sobre cada uno de nosotros. Las voces, experiencias, contextos e instituciones que emergen, que resaltan, que se ocultan una y otra vez nos confrontan con los propios sujetos como art\u00edfices e interlocutores de su propio destino y de la sociedad en su conjunto.<\/span><\/p>\n","protected":false},"excerpt":{"rendered":"<p style=\"text-align: justify;\"><span style=\"font-weight: 400;\">El libro transita por diversas narrativas de hombres y mujeres, recuperando sus experiencias, vicisitudes, desaf\u00edos, traumas, sentimientos, alegr\u00edas y conflictos a lo largo de sus vidas, en contextos m\u00faltiples, casi siempre vinculados con la educaci\u00f3n en sus diversas manifestaciones. As\u00ed, nos encontramos con experiencias de docentes, estudiantes, investigadores e investigadoras, familias, personas \u00abdiagnosticadas\u00bb e institucionalizadas, mediadoras culturales y sujetos de otros grupos \u00e9tnicos. A trav\u00e9s de sus voces se pone al descubierto la complejidad de los procesos educativos y la diversidad de contextos en los que se construye sentido para la participaci\u00f3n y la transformaci\u00f3n social.<\/span><\/p>\n<p style=\"text-align: justify;\"><span style=\"font-weight: 400;\">Estas narrativas nos acercan al mundo de los significados y los sentidos que estas personas est\u00e1n otorgando a sus propias vidas y a los escenarios sociales, pol\u00edticos y culturales en los que estas transcurren. Desde esta mirada, podemos adentrarnos en los procesos de construcci\u00f3n de la subjetividad como un modo de participaci\u00f3n en la sociedad, a partir de los ejes que constituyen las diferentes identidades: la pertenencia, la identificaci\u00f3n, el reconocimiento y la acci\u00f3n. <\/span><\/p>\n<p style=\"text-align: justify;\"><span style=\"font-weight: 400;\">Las voces que aparecen en los diferentes cap\u00edtulos representan una posibilidad de di\u00e1logo, de cambio y de transformaci\u00f3n que afecta al conjunto de la sociedad, ya que penetran en la constituci\u00f3n del mundo social y educativo en su globalidad, generando resonancias en quienes nos aproximemos a ellas, como una forma, a su vez, de aprender sobre cada uno de nosotros. Las voces, experiencias, contextos e instituciones que emergen, que resaltan, que se ocultan una y otra vez nos confrontan con los propios sujetos como art\u00edfices e interlocutores de su propio destino y de la sociedad en su conjunto.<\/span><\/p>\n","protected":false},"featured_media":54820,"comment_status":"open","ping_status":"closed","template":"","meta":{"_et_pb_use_builder":"","_et_pb_old_content":"","_et_gb_content_width":""},"product_cat":[11858,11859,11907],"product_tag":[11860],"edicion":[11865],"editoriales":[],"tienda":[],"autor_id":[13932,14196,14520,19936],"universidades_coeditoras":[12338],"palabras_clave":[],"listado_alfabetico":[],"acf":[],"_links":{"self":[{"href":"https:\/\/wizardly-davinci.82-223-8-23.plesk.page\/en\/wp-json\/wp\/v2\/product\/54819"}],"collection":[{"href":"https:\/\/wizardly-davinci.82-223-8-23.plesk.page\/en\/wp-json\/wp\/v2\/product"}],"about":[{"href":"https:\/\/wizardly-davinci.82-223-8-23.plesk.page\/en\/wp-json\/wp\/v2\/types\/product"}],"replies":[{"embeddable":true,"href":"https:\/\/wizardly-davinci.82-223-8-23.plesk.page\/en\/wp-json\/wp\/v2\/comments?post=54819"}],"wp:featuredmedia":[{"embeddable":true,"href":"https:\/\/wizardly-davinci.82-223-8-23.plesk.page\/en\/wp-json\/wp\/v2\/media\/54820"}],"wp:attachment":[{"href":"https:\/\/wizardly-davinci.82-223-8-23.plesk.page\/en\/wp-json\/wp\/v2\/media?parent=54819"}],"wp:term":[{"taxonomy":"product_cat","embeddable":true,"href":"https:\/\/wizardly-davinci.82-223-8-23.plesk.page\/en\/wp-json\/wp\/v2\/product_cat?post=54819"},{"taxonomy":"product_tag","embeddable":true,"href":"https:\/\/wizardly-davinci.82-223-8-23.plesk.page\/en\/wp-json\/wp\/v2\/product_tag?post=54819"},{"taxonomy":"edicion","embeddable":true,"href":"https:\/\/wizardly-davinci.82-223-8-23.plesk.page\/en\/wp-json\/wp\/v2\/edicion?post=54819"},{"taxonomy":"editoriales","embeddable":true,"href":"https:\/\/wizardly-davinci.82-223-8-23.plesk.page\/en\/wp-json\/wp\/v2\/editoriales?post=54819"},{"taxonomy":"tienda","embeddable":true,"href":"https:\/\/wizardly-davinci.82-223-8-23.plesk.page\/en\/wp-json\/wp\/v2\/tienda?post=54819"},{"taxonomy":"autor_id","embeddable":true,"href":"https:\/\/wizardly-davinci.82-223-8-23.plesk.page\/en\/wp-json\/wp\/v2\/autor_id?post=54819"},{"taxonomy":"universidades_coeditoras","embeddable":true,"href":"https:\/\/wizardly-davinci.82-223-8-23.plesk.page\/en\/wp-json\/wp\/v2\/universidades_coeditoras?post=54819"},{"taxonomy":"palabras_clave","embeddable":true,"href":"https:\/\/wizardly-davinci.82-223-8-23.plesk.page\/en\/wp-json\/wp\/v2\/palabras_clave?post=54819"},{"taxonomy":"listado_alfabetico","embeddable":true,"href":"https:\/\/wizardly-davinci.82-223-8-23.plesk.page\/en\/wp-json\/wp\/v2\/listado_alfabetico?post=54819"}],"curies":[{"name":"wp","href":"https:\/\/api.w.org\/{rel}","templated":true}]}}