{"id":54837,"date":"2019-05-27T08:36:23","date_gmt":"2019-05-27T06:36:23","guid":{"rendered":"https:\/\/octaedro.com\/libro\/la-investigacion-artistica\/"},"modified":"2023-02-22T13:38:44","modified_gmt":"2023-02-22T12:38:44","slug":"la-investigacion-artistica-2","status":"publish","type":"product","link":"https:\/\/wizardly-davinci.82-223-8-23.plesk.page\/en\/producto\/la-investigacion-artistica-2\/","title":{"rendered":"La investigaci\u00f3n art\u00edstica"},"content":{"rendered":"<p><span style=\"font-weight: 400;\">Este libro es el reflejo de varios a\u00f1os de indagaci\u00f3n compartida en torno a un tema que genera debates, aportaciones y controversias: la investigaci\u00f3n art\u00edstica. Un campo para el cual no existe una definici\u00f3n \u00fanica, ya que, como pasa en el arte, se construye no desde una afirmaci\u00f3n propositiva sino desde el cuestionamiento de su propia existencia. Es desde el disenso mismo desde donde partimos para poder desplegar otros argumentos que contribuyan a esclarecer qu\u00e9 puede ser la investigaci\u00f3n art\u00edstica y cu\u00e1les pueden sus aportaciones al mundo del saber, del pensar y del hacer dentro y fuera de las artes, dentro y fuera de la Universidad. <\/span><\/p>\n<p><span style=\"font-weight: 400;\">Este recorrido se inicia abordando la pertinencia de revisar los argumentos que sustentan la investigaci\u00f3n art\u00edstica, para luego recuperar algunas ideas que han ayudado a construir el debate alrededor de ella. Finalmente, hacemos visibles las diferencias entre la investigaci\u00f3n art\u00edstica y la producci\u00f3n en el arte, con el fin de reivindicar la importancia del rigor metodol\u00f3gico, la transparencia de los procesos y la difusi\u00f3n de los resultados. <\/span><\/p>\n<p><span style=\"font-weight: 400;\">Esta publicaci\u00f3n no est\u00e1 pensada para ense\u00f1ar a hacer investigaci\u00f3n art\u00edstica, sino para situarla y problematizarla. Para dialogar con algunas pistas que aqu\u00ed se presentan en torno a los debates y las aproximaciones que esta relaci\u00f3n ha generado en los \u00faltimos a\u00f1os. En especial, desde que las artes entran en la Universidad y pasan de ser un objeto de inter\u00e9s para la cr\u00edtica y los historiadores a una necesidad que ha de dar cuenta de sus recorridos y procesos. No solo a partir de los objetos y experiencias art\u00edsticas, sino tambi\u00e9n de publicaciones que, en forma de tesis o art\u00edculos, son evaluadas por los pares, y no ya en el sistema del arte, sino en la Universidad.<\/span><\/p>\n","protected":false},"excerpt":{"rendered":"<p><span style=\"font-weight: 400;\">Este libro es el reflejo de varios a\u00f1os de indagaci\u00f3n compartida en torno a un tema que genera debates, aportaciones y controversias: la investigaci\u00f3n art\u00edstica. Un campo para el cual no existe una definici\u00f3n \u00fanica, ya que, como pasa en el arte, se construye no desde una afirmaci\u00f3n propositiva sino desde el cuestionamiento de su propia existencia. Es desde el disenso mismo desde donde partimos para poder desplegar otros argumentos que contribuyan a esclarecer qu\u00e9 puede ser la investigaci\u00f3n art\u00edstica y cu\u00e1les pueden sus aportaciones al mundo del saber, del pensar y del hacer dentro y fuera de las artes, dentro y fuera de la Universidad. <\/span><\/p>\n<p><span style=\"font-weight: 400;\">Este recorrido se inicia abordando la pertinencia de revisar los argumentos que sustentan la investigaci\u00f3n art\u00edstica, para luego recuperar algunas ideas que han ayudado a construir el debate alrededor de ella. Finalmente, hacemos visibles las diferencias entre la investigaci\u00f3n art\u00edstica y la producci\u00f3n en el arte, con el fin de reivindicar la importancia del rigor metodol\u00f3gico, la transparencia de los procesos y la difusi\u00f3n de los resultados. <\/span><\/p>\n<p><span style=\"font-weight: 400;\">Esta publicaci\u00f3n no est\u00e1 pensada para ense\u00f1ar a hacer investigaci\u00f3n art\u00edstica, sino para situarla y problematizarla. Para dialogar con algunas pistas que aqu\u00ed se presentan en torno a los debates y las aproximaciones que esta relaci\u00f3n ha generado en los \u00faltimos a\u00f1os. En especial, desde que las artes entran en la Universidad y pasan de ser un objeto de inter\u00e9s para la cr\u00edtica y los historiadores a una necesidad que ha de dar cuenta de sus recorridos y procesos. No solo a partir de los objetos y experiencias art\u00edsticas, sino tambi\u00e9n de publicaciones que, en forma de tesis o art\u00edculos, son evaluadas por los pares, y no ya en el sistema del arte, sino en la Universidad.<\/span><\/p>\n","protected":false},"featured_media":54838,"comment_status":"open","ping_status":"closed","template":"","meta":{"_et_pb_use_builder":"","_et_pb_old_content":"","_et_gb_content_width":""},"product_cat":[11858,11859],"product_tag":[11860],"edicion":[11865],"editoriales":[11867],"tienda":[],"autor_id":[13885,12785],"universidades_coeditoras":[14894],"palabras_clave":[],"listado_alfabetico":[],"acf":[],"_links":{"self":[{"href":"https:\/\/wizardly-davinci.82-223-8-23.plesk.page\/en\/wp-json\/wp\/v2\/product\/54837"}],"collection":[{"href":"https:\/\/wizardly-davinci.82-223-8-23.plesk.page\/en\/wp-json\/wp\/v2\/product"}],"about":[{"href":"https:\/\/wizardly-davinci.82-223-8-23.plesk.page\/en\/wp-json\/wp\/v2\/types\/product"}],"replies":[{"embeddable":true,"href":"https:\/\/wizardly-davinci.82-223-8-23.plesk.page\/en\/wp-json\/wp\/v2\/comments?post=54837"}],"wp:featuredmedia":[{"embeddable":true,"href":"https:\/\/wizardly-davinci.82-223-8-23.plesk.page\/en\/wp-json\/wp\/v2\/media\/54838"}],"wp:attachment":[{"href":"https:\/\/wizardly-davinci.82-223-8-23.plesk.page\/en\/wp-json\/wp\/v2\/media?parent=54837"}],"wp:term":[{"taxonomy":"product_cat","embeddable":true,"href":"https:\/\/wizardly-davinci.82-223-8-23.plesk.page\/en\/wp-json\/wp\/v2\/product_cat?post=54837"},{"taxonomy":"product_tag","embeddable":true,"href":"https:\/\/wizardly-davinci.82-223-8-23.plesk.page\/en\/wp-json\/wp\/v2\/product_tag?post=54837"},{"taxonomy":"edicion","embeddable":true,"href":"https:\/\/wizardly-davinci.82-223-8-23.plesk.page\/en\/wp-json\/wp\/v2\/edicion?post=54837"},{"taxonomy":"editoriales","embeddable":true,"href":"https:\/\/wizardly-davinci.82-223-8-23.plesk.page\/en\/wp-json\/wp\/v2\/editoriales?post=54837"},{"taxonomy":"tienda","embeddable":true,"href":"https:\/\/wizardly-davinci.82-223-8-23.plesk.page\/en\/wp-json\/wp\/v2\/tienda?post=54837"},{"taxonomy":"autor_id","embeddable":true,"href":"https:\/\/wizardly-davinci.82-223-8-23.plesk.page\/en\/wp-json\/wp\/v2\/autor_id?post=54837"},{"taxonomy":"universidades_coeditoras","embeddable":true,"href":"https:\/\/wizardly-davinci.82-223-8-23.plesk.page\/en\/wp-json\/wp\/v2\/universidades_coeditoras?post=54837"},{"taxonomy":"palabras_clave","embeddable":true,"href":"https:\/\/wizardly-davinci.82-223-8-23.plesk.page\/en\/wp-json\/wp\/v2\/palabras_clave?post=54837"},{"taxonomy":"listado_alfabetico","embeddable":true,"href":"https:\/\/wizardly-davinci.82-223-8-23.plesk.page\/en\/wp-json\/wp\/v2\/listado_alfabetico?post=54837"}],"curies":[{"name":"wp","href":"https:\/\/api.w.org\/{rel}","templated":true}]}}