{"id":54839,"date":"2019-05-27T07:55:44","date_gmt":"2019-05-27T05:55:44","guid":{"rendered":"https:\/\/octaedro.com\/libro\/experiencias-pedagogicas-e-innovacion-educativa-innovagogia-2018\/"},"modified":"2023-02-22T13:38:49","modified_gmt":"2023-02-22T12:38:49","slug":"experiencias-pedagogicas-e-innovacion-educativa-innovagogia-2","status":"publish","type":"product","link":"https:\/\/wizardly-davinci.82-223-8-23.plesk.page\/en\/producto\/experiencias-pedagogicas-e-innovacion-educativa-innovagogia-2\/","title":{"rendered":"Experiencias pedag\u00f3gicas e innovaci\u00f3n educativa (INNOVAGOG\u00cdA 2018)"},"content":{"rendered":"<p style=\"font-weight: 400;\">Este libro recoge las principales aportaciones al \u201cIV Congreso Internacional Virtual sobre Innovaci\u00f3n Pedag\u00f3gica y Praxis Educativa-Innovagog\u00eda 2018\u201d, organizado por el Colectivo Docente Internacional Innovagog\u00eda y AFOE Formaci\u00f3n, que tuvo como pre\u00e1mbulo el \u201cII Seminario de Innovaci\u00f3n Docente: nuevas perspectivas y temas emergentes\u201d, celebrado en la Universidad Pablo de Olavide, de Sevilla (Espa\u00f1a). En el Congreso est\u00e1n implicados tanto profesionales individuales como organizaciones e instituciones de \u00e1mbito internacional, preocupadas por la innovaci\u00f3n, la pr\u00e1ctica educativa y formativa de calidad.&lt;br \/&gt;&lt;br \/&gt;<\/p>\n<p style=\"font-weight: 400;\">Est\u00e1 dirigido a profesorado, personal t\u00e9cnico y profesionales de la Educaci\u00f3n de cualquier etapa y en todos sus \u00e1mbitos: maestros, docentes de secundaria, bachillerato y formaci\u00f3n profesional, profesorado universitario, profesionales del trabajo y la educaci\u00f3n social, formaci\u00f3n ocupacional y permanente, animaci\u00f3n sociocultural, tiempo libre, y animaci\u00f3n juvenil, entre otros profesionales. Los trabajos incluidos recogen reflexiones y experiencias de un total de 540 participantes de 17 nacionalidades diferentes, pertenecientes a m\u00e1s de 100 entidades, 78 de ellas universidades.<\/p>\n<p style=\"font-weight: 400;\">Las l\u00edneas tem\u00e1ticas en las que se insertan inciden en las buenas pr\u00e1cticas y aportaciones docentes e investigadoras sobre la praxis educativa en los niveles universitarios y no universitarios, hablan del impacto de las Nuevas Tecnolog\u00edas en la educaci\u00f3n y la formaci\u00f3n, as\u00ed como de la mejora de la calidad de vida de las personas, sostenibilidad medioambiental, cooperaci\u00f3n para el desarrollo, estudios de g\u00e9nero e igualdad, educaci\u00f3n y formaci\u00f3n de personas adultas. Estamos seguros que la amplitud, diversidad y profundizaci\u00f3n de las distintas aportaciones ofrecer\u00e1 nuevas pistas y numerosas ideas para orientar la labor socio-educativa de los distintos colectivos profesionales involucrados.<\/p>\n","protected":false},"excerpt":{"rendered":"<p>Este libro recoge las principales aportaciones al \u201cIV Congreso Internacional Virtual sobre Innovaci\u00f3n Pedag\u00f3gica y Praxis Educativa-Innovagog\u00eda 2018\u201d, organizado por el Colectivo Docente Internacional Innovagog\u00eda y AFOE Formaci\u00f3n, que tuvo como pre\u00e1mbulo el \u201cII Seminario de Innovaci\u00f3n Docente: nuevas perspectivas y temas emergentes\u201d, celebrado en la Universidad Pablo de Olavide, de Sevilla (Espa\u00f1a). En el Congreso est\u00e1n implicados tanto profesionales individuales como organizaciones e instituciones de \u00e1mbito internacional, preocupadas por la innovaci\u00f3n, la pr\u00e1ctica educativa y formativa de calidad.<\/p>\n<p>Est\u00e1 dirigido a profesorado, personal t\u00e9cnico y profesionales de la Educaci\u00f3n de cualquier etapa y en todos sus \u00e1mbitos: maestros, docentes de secundaria, bachillerato y formaci\u00f3n profesional, profesorado universitario, profesionales del trabajo y la educaci\u00f3n social, formaci\u00f3n ocupacional y permanente, animaci\u00f3n sociocultural, tiempo libre, y animaci\u00f3n juvenil, entre otros profesionales. Los trabajos incluidos recogen reflexiones y experiencias de un total de 540 participantes de 17 nacionalidades diferentes, pertenecientes a m\u00e1s de 100 entidades, 78 de ellas universidades.<\/p>\n<p>Las l\u00edneas tem\u00e1ticas en las que se insertan inciden en las buenas pr\u00e1cticas y aportaciones docentes e investigadoras sobre la praxis educativa en los niveles universitarios y no universitarios, hablan del impacto de las Nuevas Tecnolog\u00edas en la educaci\u00f3n y la formaci\u00f3n, as\u00ed como de la mejora de la calidad de vida de las personas, sostenibilidad medioambiental, cooperaci\u00f3n para el desarrollo, estudios de g\u00e9nero e igualdad, educaci\u00f3n y formaci\u00f3n de personas adultas. Estamos seguros que la amplitud, diversidad y profundizaci\u00f3n de las distintas aportaciones ofrecer\u00e1 nuevas pistas y numerosas ideas para orientar la labor socio-educativa de los distintos colectivos profesionales involucrados.<\/p>\n","protected":false},"featured_media":63444,"comment_status":"open","ping_status":"closed","template":"","meta":{"_et_pb_use_builder":"","_et_pb_old_content":"","_et_gb_content_width":""},"product_cat":[11913,11900,11907],"product_tag":[11887],"edicion":[12178],"editoriales":[11867],"tienda":[],"autor_id":[12591,12592,12387,12593,12594],"universidades_coeditoras":[12312],"palabras_clave":[],"listado_alfabetico":[],"acf":[],"_links":{"self":[{"href":"https:\/\/wizardly-davinci.82-223-8-23.plesk.page\/en\/wp-json\/wp\/v2\/product\/54839"}],"collection":[{"href":"https:\/\/wizardly-davinci.82-223-8-23.plesk.page\/en\/wp-json\/wp\/v2\/product"}],"about":[{"href":"https:\/\/wizardly-davinci.82-223-8-23.plesk.page\/en\/wp-json\/wp\/v2\/types\/product"}],"replies":[{"embeddable":true,"href":"https:\/\/wizardly-davinci.82-223-8-23.plesk.page\/en\/wp-json\/wp\/v2\/comments?post=54839"}],"wp:featuredmedia":[{"embeddable":true,"href":"https:\/\/wizardly-davinci.82-223-8-23.plesk.page\/en\/wp-json\/wp\/v2\/media\/63444"}],"wp:attachment":[{"href":"https:\/\/wizardly-davinci.82-223-8-23.plesk.page\/en\/wp-json\/wp\/v2\/media?parent=54839"}],"wp:term":[{"taxonomy":"product_cat","embeddable":true,"href":"https:\/\/wizardly-davinci.82-223-8-23.plesk.page\/en\/wp-json\/wp\/v2\/product_cat?post=54839"},{"taxonomy":"product_tag","embeddable":true,"href":"https:\/\/wizardly-davinci.82-223-8-23.plesk.page\/en\/wp-json\/wp\/v2\/product_tag?post=54839"},{"taxonomy":"edicion","embeddable":true,"href":"https:\/\/wizardly-davinci.82-223-8-23.plesk.page\/en\/wp-json\/wp\/v2\/edicion?post=54839"},{"taxonomy":"editoriales","embeddable":true,"href":"https:\/\/wizardly-davinci.82-223-8-23.plesk.page\/en\/wp-json\/wp\/v2\/editoriales?post=54839"},{"taxonomy":"tienda","embeddable":true,"href":"https:\/\/wizardly-davinci.82-223-8-23.plesk.page\/en\/wp-json\/wp\/v2\/tienda?post=54839"},{"taxonomy":"autor_id","embeddable":true,"href":"https:\/\/wizardly-davinci.82-223-8-23.plesk.page\/en\/wp-json\/wp\/v2\/autor_id?post=54839"},{"taxonomy":"universidades_coeditoras","embeddable":true,"href":"https:\/\/wizardly-davinci.82-223-8-23.plesk.page\/en\/wp-json\/wp\/v2\/universidades_coeditoras?post=54839"},{"taxonomy":"palabras_clave","embeddable":true,"href":"https:\/\/wizardly-davinci.82-223-8-23.plesk.page\/en\/wp-json\/wp\/v2\/palabras_clave?post=54839"},{"taxonomy":"listado_alfabetico","embeddable":true,"href":"https:\/\/wizardly-davinci.82-223-8-23.plesk.page\/en\/wp-json\/wp\/v2\/listado_alfabetico?post=54839"}],"curies":[{"name":"wp","href":"https:\/\/api.w.org\/{rel}","templated":true}]}}