{"id":54841,"date":"2019-05-22T08:35:42","date_gmt":"2019-05-22T06:35:42","guid":{"rendered":"https:\/\/octaedro.com\/libro\/buenas-practicas-e-innovacion-en-pedagogia-hospitalaria\/"},"modified":"2023-02-22T13:38:49","modified_gmt":"2023-02-22T12:38:49","slug":"buenas-practicas-e-innovacion-en-pedagogia-hospitalaria-2","status":"publish","type":"product","link":"https:\/\/wizardly-davinci.82-223-8-23.plesk.page\/en\/producto\/buenas-practicas-e-innovacion-en-pedagogia-hospitalaria-2\/","title":{"rendered":"Buenas pr\u00e1cticas e innovaci\u00f3n en pedagog\u00eda hospitalaria"},"content":{"rendered":"<p style=\"text-align: justify;\"><span style=\"font-weight: 400;\">Aportamos en esta obra alguna de las experiencias educativas llevadas a cabo en las escuelas y aulas hospitalarias, as\u00ed como en la atenci\u00f3n domiciliaria en Europa y Am\u00e9rica Latina, relatadas por los propios actores implicados: docentes, directores o responsables de estas modalidades. <\/span><\/p>\n<p style=\"text-align: justify;\"><span style=\"font-weight: 400;\">Estas acciones contribuyen a garantizar el derecho a la educaci\u00f3n y producen efectos positivos en el bienestar y la calidad de vida en los ni\u00f1os, las ni\u00f1as, los j\u00f3venes y las familias por el compromiso, la implicaci\u00f3n y la profesionalidad de quienes imparten esta docencia. <\/span><\/p>\n<p style=\"text-align: justify;\"><span style=\"font-weight: 400;\">Pretende ser un recurso \u00fatil y de mostrar elementos de buenas pr\u00e1cticas e innovaci\u00f3n en la atenci\u00f3n educativa con el fin de conocer mejor la realidad de la pedagog\u00eda hospitalaria e identificar l\u00edneas de investigaci\u00f3n y elementos de formaci\u00f3n para el desarrollo profesional en este \u00e1mbito.<\/span><\/p>\n<p style=\"text-align: justify;\"><span style=\"font-weight: 400;\">El reto est\u00e1 en seguir impulsando la difusi\u00f3n de las buenas pr\u00e1cticas y la innovaci\u00f3n en pedagog\u00eda hospitalaria, en generar redes de intercambio entre profesionales y en visibilizar las aportaciones de esta modalidad educativa para seguir avanzando hacia el desarrollo profesional y la calidad en la pedagog\u00eda hospitalaria. <\/span><\/p>\n<p>&nbsp;<\/p>\n","protected":false},"excerpt":{"rendered":"<p style=\"text-align: justify;\"><span style=\"font-weight: 400;\">Aportamos en esta obra alguna de las experiencias educativas llevadas a cabo en las escuelas y aulas hospitalarias, as\u00ed como en la atenci\u00f3n domiciliaria en Europa y Am\u00e9rica Latina, relatadas por los propios actores implicados: docentes, directores o responsables de estas modalidades. <\/span><\/p>\n<p style=\"text-align: justify;\"><span style=\"font-weight: 400;\">Estas acciones contribuyen a garantizar el derecho a la educaci\u00f3n y producen efectos positivos en el bienestar y la calidad de vida en los ni\u00f1os, las ni\u00f1as, los j\u00f3venes y las familias por el compromiso, la implicaci\u00f3n y la profesionalidad de quienes imparten esta docencia. <\/span><\/p>\n<p style=\"text-align: justify;\"><span style=\"font-weight: 400;\">Pretende ser un recurso \u00fatil y de mostrar elementos de buenas pr\u00e1cticas e innovaci\u00f3n en la atenci\u00f3n educativa con el fin de conocer mejor la realidad de la pedagog\u00eda hospitalaria e identificar l\u00edneas de investigaci\u00f3n y elementos de formaci\u00f3n para el desarrollo profesional en este \u00e1mbito.<\/span><\/p>\n<p style=\"text-align: justify;\"><span style=\"font-weight: 400;\">El reto est\u00e1 en seguir impulsando la difusi\u00f3n de las buenas pr\u00e1cticas y la innovaci\u00f3n en pedagog\u00eda hospitalaria, en generar redes de intercambio entre profesionales y en visibilizar las aportaciones de esta modalidad educativa para seguir avanzando hacia el desarrollo profesional y la calidad en la pedagog\u00eda hospitalaria. <\/span><\/p>\n","protected":false},"featured_media":54842,"comment_status":"open","ping_status":"closed","template":"","meta":{"_et_pb_use_builder":"","_et_pb_old_content":"","_et_gb_content_width":""},"product_cat":[11899,11858,11859,11912],"product_tag":[11892],"edicion":[12199,11865],"editoriales":[11867],"tienda":[],"autor_id":[12442,19945,12446],"universidades_coeditoras":[],"palabras_clave":[],"listado_alfabetico":[],"acf":[],"_links":{"self":[{"href":"https:\/\/wizardly-davinci.82-223-8-23.plesk.page\/en\/wp-json\/wp\/v2\/product\/54841"}],"collection":[{"href":"https:\/\/wizardly-davinci.82-223-8-23.plesk.page\/en\/wp-json\/wp\/v2\/product"}],"about":[{"href":"https:\/\/wizardly-davinci.82-223-8-23.plesk.page\/en\/wp-json\/wp\/v2\/types\/product"}],"replies":[{"embeddable":true,"href":"https:\/\/wizardly-davinci.82-223-8-23.plesk.page\/en\/wp-json\/wp\/v2\/comments?post=54841"}],"wp:featuredmedia":[{"embeddable":true,"href":"https:\/\/wizardly-davinci.82-223-8-23.plesk.page\/en\/wp-json\/wp\/v2\/media\/54842"}],"wp:attachment":[{"href":"https:\/\/wizardly-davinci.82-223-8-23.plesk.page\/en\/wp-json\/wp\/v2\/media?parent=54841"}],"wp:term":[{"taxonomy":"product_cat","embeddable":true,"href":"https:\/\/wizardly-davinci.82-223-8-23.plesk.page\/en\/wp-json\/wp\/v2\/product_cat?post=54841"},{"taxonomy":"product_tag","embeddable":true,"href":"https:\/\/wizardly-davinci.82-223-8-23.plesk.page\/en\/wp-json\/wp\/v2\/product_tag?post=54841"},{"taxonomy":"edicion","embeddable":true,"href":"https:\/\/wizardly-davinci.82-223-8-23.plesk.page\/en\/wp-json\/wp\/v2\/edicion?post=54841"},{"taxonomy":"editoriales","embeddable":true,"href":"https:\/\/wizardly-davinci.82-223-8-23.plesk.page\/en\/wp-json\/wp\/v2\/editoriales?post=54841"},{"taxonomy":"tienda","embeddable":true,"href":"https:\/\/wizardly-davinci.82-223-8-23.plesk.page\/en\/wp-json\/wp\/v2\/tienda?post=54841"},{"taxonomy":"autor_id","embeddable":true,"href":"https:\/\/wizardly-davinci.82-223-8-23.plesk.page\/en\/wp-json\/wp\/v2\/autor_id?post=54841"},{"taxonomy":"universidades_coeditoras","embeddable":true,"href":"https:\/\/wizardly-davinci.82-223-8-23.plesk.page\/en\/wp-json\/wp\/v2\/universidades_coeditoras?post=54841"},{"taxonomy":"palabras_clave","embeddable":true,"href":"https:\/\/wizardly-davinci.82-223-8-23.plesk.page\/en\/wp-json\/wp\/v2\/palabras_clave?post=54841"},{"taxonomy":"listado_alfabetico","embeddable":true,"href":"https:\/\/wizardly-davinci.82-223-8-23.plesk.page\/en\/wp-json\/wp\/v2\/listado_alfabetico?post=54841"}],"curies":[{"name":"wp","href":"https:\/\/api.w.org\/{rel}","templated":true}]}}