{"id":54843,"date":"2019-05-22T07:39:19","date_gmt":"2019-05-22T05:39:19","guid":{"rendered":"https:\/\/octaedro.com\/libro\/innovacion-y-equidad-educativa\/"},"modified":"2023-02-22T13:38:49","modified_gmt":"2023-02-22T12:38:49","slug":"innovacion-y-equidad-educativa-2","status":"publish","type":"product","link":"https:\/\/wizardly-davinci.82-223-8-23.plesk.page\/en\/producto\/innovacion-y-equidad-educativa-2\/","title":{"rendered":"Innovaci\u00f3n y equidad educativa"},"content":{"rendered":"<p><span style=\"font-weight: 400;\">Innovaci\u00f3n y equidad educativa son dos demandas simult\u00e1neas e inseparables para satisfacer las nuevas funciones que se esperan de la escuela moderna del nuevo milenio. Sin un cambio innovador y disruptivo de la matriz escolar tradicional no aumentar\u00e1 la equidad del sistema. Y sin mayor equidad en los resultados, el sistema no ser\u00e1 ni justo ni excelente.<\/span><\/p>\n<p><span style=\"font-weight: 400;\">Si hemos conseguido cuotas de equidad e innovaci\u00f3n interna ha sido a pesar de la inercia del sistema y de su matriz burocr\u00e1tica, enciclop\u00e9dica y selectiva, pensada para una sociedad que ha dejado de existir. Ha llegado la hora del profesorado y de una nueva profesionalidad docente capaz de redefinir el qu\u00e9, el c\u00f3mo y el porqu\u00e9 educan nuestras escuelas.<\/span><\/p>\n","protected":false},"excerpt":{"rendered":"<p><span style=\"font-weight: 400;\">Innovaci\u00f3n y equidad educativa son dos demandas simult\u00e1neas e inseparables para satisfacer las nuevas funciones que se esperan de la escuela moderna del nuevo milenio. Sin un cambio innovador y disruptivo de la matriz escolar tradicional no aumentar\u00e1 la equidad del sistema. Y sin mayor equidad en los resultados, el sistema no ser\u00e1 ni justo ni excelente.<\/span><\/p>\n<p><span style=\"font-weight: 400;\">Si hemos conseguido cuotas de equidad e innovaci\u00f3n interna ha sido a pesar de la inercia del sistema y de su matriz burocr\u00e1tica, enciclop\u00e9dica y selectiva, pensada para una sociedad que ha dejado de existir. Ha llegado la hora del profesorado y de una nueva profesionalidad docente capaz de redefinir el qu\u00e9, el c\u00f3mo y el porqu\u00e9 educan nuestras escuelas.<\/span><\/p>\n","protected":false},"featured_media":54844,"comment_status":"open","ping_status":"closed","template":"","meta":{"_et_pb_use_builder":"","_et_pb_old_content":"","_et_gb_content_width":""},"product_cat":[11858,11859],"product_tag":[11860],"edicion":[11865],"editoriales":[11867],"tienda":[],"autor_id":[14614],"universidades_coeditoras":[],"palabras_clave":[],"listado_alfabetico":[],"acf":[],"_links":{"self":[{"href":"https:\/\/wizardly-davinci.82-223-8-23.plesk.page\/en\/wp-json\/wp\/v2\/product\/54843"}],"collection":[{"href":"https:\/\/wizardly-davinci.82-223-8-23.plesk.page\/en\/wp-json\/wp\/v2\/product"}],"about":[{"href":"https:\/\/wizardly-davinci.82-223-8-23.plesk.page\/en\/wp-json\/wp\/v2\/types\/product"}],"replies":[{"embeddable":true,"href":"https:\/\/wizardly-davinci.82-223-8-23.plesk.page\/en\/wp-json\/wp\/v2\/comments?post=54843"}],"wp:featuredmedia":[{"embeddable":true,"href":"https:\/\/wizardly-davinci.82-223-8-23.plesk.page\/en\/wp-json\/wp\/v2\/media\/54844"}],"wp:attachment":[{"href":"https:\/\/wizardly-davinci.82-223-8-23.plesk.page\/en\/wp-json\/wp\/v2\/media?parent=54843"}],"wp:term":[{"taxonomy":"product_cat","embeddable":true,"href":"https:\/\/wizardly-davinci.82-223-8-23.plesk.page\/en\/wp-json\/wp\/v2\/product_cat?post=54843"},{"taxonomy":"product_tag","embeddable":true,"href":"https:\/\/wizardly-davinci.82-223-8-23.plesk.page\/en\/wp-json\/wp\/v2\/product_tag?post=54843"},{"taxonomy":"edicion","embeddable":true,"href":"https:\/\/wizardly-davinci.82-223-8-23.plesk.page\/en\/wp-json\/wp\/v2\/edicion?post=54843"},{"taxonomy":"editoriales","embeddable":true,"href":"https:\/\/wizardly-davinci.82-223-8-23.plesk.page\/en\/wp-json\/wp\/v2\/editoriales?post=54843"},{"taxonomy":"tienda","embeddable":true,"href":"https:\/\/wizardly-davinci.82-223-8-23.plesk.page\/en\/wp-json\/wp\/v2\/tienda?post=54843"},{"taxonomy":"autor_id","embeddable":true,"href":"https:\/\/wizardly-davinci.82-223-8-23.plesk.page\/en\/wp-json\/wp\/v2\/autor_id?post=54843"},{"taxonomy":"universidades_coeditoras","embeddable":true,"href":"https:\/\/wizardly-davinci.82-223-8-23.plesk.page\/en\/wp-json\/wp\/v2\/universidades_coeditoras?post=54843"},{"taxonomy":"palabras_clave","embeddable":true,"href":"https:\/\/wizardly-davinci.82-223-8-23.plesk.page\/en\/wp-json\/wp\/v2\/palabras_clave?post=54843"},{"taxonomy":"listado_alfabetico","embeddable":true,"href":"https:\/\/wizardly-davinci.82-223-8-23.plesk.page\/en\/wp-json\/wp\/v2\/listado_alfabetico?post=54843"}],"curies":[{"name":"wp","href":"https:\/\/api.w.org\/{rel}","templated":true}]}}