{"id":54846,"date":"2019-05-21T09:33:24","date_gmt":"2019-05-21T07:33:24","guid":{"rendered":"https:\/\/octaedro.com\/libro\/nueva-pornografia-y-cambios-en-las-relaciones-interpersonales\/"},"modified":"2023-02-22T13:38:49","modified_gmt":"2023-02-22T12:38:49","slug":"nueva-pornografia-y-cambios-en-las-relaciones-interpersonales-2","status":"publish","type":"product","link":"https:\/\/wizardly-davinci.82-223-8-23.plesk.page\/en\/producto\/nueva-pornografia-y-cambios-en-las-relaciones-interpersonales-2\/","title":{"rendered":"Nueva pornograf\u00eda y cambios en las relaciones interpersonales"},"content":{"rendered":"<p><span style=\"font-weight: 400;\">Esta obra es fruto de la colaboraci\u00f3n entre entidades del Tercer Sector de Acci\u00f3n Social de siete comunidades aut\u00f3nomas espa\u00f1olas, representados por la Red J\u00f3venes e Inclusi\u00f3n y la Universitat de les Illes Balears con el objeto de analizar c\u00f3mo ha impactado la nueva pornograf\u00eda distribuida por internet en nuestros adolescentes.<\/span><\/p>\n<p><span style=\"font-weight: 400;\">La Red J\u00f3venes e Inclusi\u00f3n es una red de organizaciones especializadas en el apoyo a la infancia y la juventud, que se propone facilitar la inclusi\u00f3n social de chicos y chicas en situaci\u00f3n de riesgo o dificultad. Para conseguirlo, apuesta por la investigaci\u00f3n y la innovaci\u00f3n, incorporando la cultura de la mejora continua en las entidades que trabajan con los j\u00f3venes y poniendo el conocimiento al servicio de las administraciones p\u00fablicas para incidir en el desarrollo de pol\u00edticas de apoyo a la juventud en situaci\u00f3n de vulnerabilidad. <\/span><\/p>\n<p><span style=\"font-weight: 400;\">Desde un enfoque colaborativo, esta alianza nace para generar un mayor impacto y mejorar el trabajo con j\u00f3venes en dificultad social, tanto con menores en situaci\u00f3n vulnerable como con adultos extutelados. <\/span><\/p>\n<p><span style=\"font-weight: 400;\">Creada en el a\u00f1o 2012, esta organizaci\u00f3n incluye actualmente siete comunidades aut\u00f3nomas, cada una de las cuales est\u00e1 representada por una de las organizaciones miembro: Andaluc\u00eda (Inserta Andaluc\u00eda), Arag\u00f3n (FAIM), Castilla-La Mancha (Asociaci\u00f3n Vasija), Castilla y Le\u00f3n (ASECAL), Catalu\u00f1a (Asociaci\u00f3n Educativa Itaca), Galicia (Igaxes), Islas Baleares (Fundaci\u00f3 Natzaret). M\u00e1s informaci\u00f3n: &lt;<a href=\"http:\/\/joveneseinclusion.org\/\">http:\/\/joveneseinclusion.org\/<\/a>&gt;.<\/span><\/p>\n","protected":false},"excerpt":{"rendered":"<p><span style=\"font-weight: 400;\">Esta obra es fruto de la colaboraci\u00f3n entre entidades del Tercer Sector de Acci\u00f3n Social de siete comunidades aut\u00f3nomas espa\u00f1olas, representados por la Red J\u00f3venes e Inclusi\u00f3n y la Universitat de les Illes Balears con el objeto de analizar c\u00f3mo ha impactado la nueva pornograf\u00eda distribuida por internet en nuestros adolescentes.<\/span><\/p>\n<p><span style=\"font-weight: 400;\">La Red J\u00f3venes e Inclusi\u00f3n es una red de organizaciones especializadas en el apoyo a la infancia y la juventud, que se propone facilitar la inclusi\u00f3n social de chicos y chicas en situaci\u00f3n de riesgo o dificultad. Para conseguirlo, apuesta por la investigaci\u00f3n y la innovaci\u00f3n, incorporando la cultura de la mejora continua en las entidades que trabajan con los j\u00f3venes y poniendo el conocimiento al servicio de las administraciones p\u00fablicas para incidir en el desarrollo de pol\u00edticas de apoyo a la juventud en situaci\u00f3n de vulnerabilidad. <\/span><\/p>\n<p><span style=\"font-weight: 400;\">Desde un enfoque colaborativo, esta alianza nace para generar un mayor impacto y mejorar el trabajo con j\u00f3venes en dificultad social, tanto con menores en situaci\u00f3n vulnerable como con adultos extutelados. <\/span><\/p>\n<p><span style=\"font-weight: 400;\">Creada en el a\u00f1o 2012, esta organizaci\u00f3n incluye actualmente siete comunidades aut\u00f3nomas, cada una de las cuales est\u00e1 representada por una de las organizaciones miembro: Andaluc\u00eda (Inserta Andaluc\u00eda), Arag\u00f3n (FAIM), Castilla-La Mancha (Asociaci\u00f3n Vasija), Castilla y Le\u00f3n (ASECAL), Catalu\u00f1a (Asociaci\u00f3n Educativa Itaca), Galicia (Igaxes), Islas Baleares (Fundaci\u00f3 Natzaret). M\u00e1s informaci\u00f3n: &lt;<a href=\"http:\/\/joveneseinclusion.org\/\">http:\/\/joveneseinclusion.org\/<\/a>&gt;.<\/span><\/p>\n","protected":false},"featured_media":54847,"comment_status":"open","ping_status":"closed","template":"","meta":{"_et_pb_use_builder":"","_et_pb_old_content":"","_et_gb_content_width":""},"product_cat":[11858,11859,11924],"product_tag":[11860],"edicion":[11865],"editoriales":[11867],"tienda":[],"autor_id":[14083,19541],"universidades_coeditoras":[14902],"palabras_clave":[],"listado_alfabetico":[],"acf":[],"_links":{"self":[{"href":"https:\/\/wizardly-davinci.82-223-8-23.plesk.page\/en\/wp-json\/wp\/v2\/product\/54846"}],"collection":[{"href":"https:\/\/wizardly-davinci.82-223-8-23.plesk.page\/en\/wp-json\/wp\/v2\/product"}],"about":[{"href":"https:\/\/wizardly-davinci.82-223-8-23.plesk.page\/en\/wp-json\/wp\/v2\/types\/product"}],"replies":[{"embeddable":true,"href":"https:\/\/wizardly-davinci.82-223-8-23.plesk.page\/en\/wp-json\/wp\/v2\/comments?post=54846"}],"wp:featuredmedia":[{"embeddable":true,"href":"https:\/\/wizardly-davinci.82-223-8-23.plesk.page\/en\/wp-json\/wp\/v2\/media\/54847"}],"wp:attachment":[{"href":"https:\/\/wizardly-davinci.82-223-8-23.plesk.page\/en\/wp-json\/wp\/v2\/media?parent=54846"}],"wp:term":[{"taxonomy":"product_cat","embeddable":true,"href":"https:\/\/wizardly-davinci.82-223-8-23.plesk.page\/en\/wp-json\/wp\/v2\/product_cat?post=54846"},{"taxonomy":"product_tag","embeddable":true,"href":"https:\/\/wizardly-davinci.82-223-8-23.plesk.page\/en\/wp-json\/wp\/v2\/product_tag?post=54846"},{"taxonomy":"edicion","embeddable":true,"href":"https:\/\/wizardly-davinci.82-223-8-23.plesk.page\/en\/wp-json\/wp\/v2\/edicion?post=54846"},{"taxonomy":"editoriales","embeddable":true,"href":"https:\/\/wizardly-davinci.82-223-8-23.plesk.page\/en\/wp-json\/wp\/v2\/editoriales?post=54846"},{"taxonomy":"tienda","embeddable":true,"href":"https:\/\/wizardly-davinci.82-223-8-23.plesk.page\/en\/wp-json\/wp\/v2\/tienda?post=54846"},{"taxonomy":"autor_id","embeddable":true,"href":"https:\/\/wizardly-davinci.82-223-8-23.plesk.page\/en\/wp-json\/wp\/v2\/autor_id?post=54846"},{"taxonomy":"universidades_coeditoras","embeddable":true,"href":"https:\/\/wizardly-davinci.82-223-8-23.plesk.page\/en\/wp-json\/wp\/v2\/universidades_coeditoras?post=54846"},{"taxonomy":"palabras_clave","embeddable":true,"href":"https:\/\/wizardly-davinci.82-223-8-23.plesk.page\/en\/wp-json\/wp\/v2\/palabras_clave?post=54846"},{"taxonomy":"listado_alfabetico","embeddable":true,"href":"https:\/\/wizardly-davinci.82-223-8-23.plesk.page\/en\/wp-json\/wp\/v2\/listado_alfabetico?post=54846"}],"curies":[{"name":"wp","href":"https:\/\/api.w.org\/{rel}","templated":true}]}}