{"id":54850,"date":"2019-05-16T08:53:12","date_gmt":"2019-05-16T06:53:12","guid":{"rendered":"https:\/\/octaedro.com\/libro\/el-oficio-de-maestro\/"},"modified":"2023-02-22T13:38:49","modified_gmt":"2023-02-22T12:38:49","slug":"el-oficio-de-maestro-2","status":"publish","type":"product","link":"https:\/\/wizardly-davinci.82-223-8-23.plesk.page\/en\/producto\/el-oficio-de-maestro-2\/","title":{"rendered":"El oficio de maestro"},"content":{"rendered":"<p><span style=\"font-weight: 400;\">Este libro muestra la experiencia de un maestro de escuela que, ante la falta de inter\u00e9s de su alumnado y la pobreza de recursos profesionales debido a la deficiente formaci\u00f3n recibida en sus estudios, decide buscar soluciones cambiando su enfoque metodol\u00f3gico.<\/span><\/p>\n<p><span style=\"font-weight: 400;\">Despu\u00e9s de un periodo de inquietud, lecturas y conocimiento de diversas experiencias alternativas a la escuela tradicional, descubre la pedagog\u00eda Freinet y queda seducido por sus t\u00e9cnicas de trabajo, que dan la palabra al alumnado y abren la escuela a la vida.<\/span><\/p>\n<p><i><span style=\"font-weight: 400;\">El oficio de maestro<\/span><\/i><span style=\"font-weight: 400;\"> relata su experiencia profesional, pero tambi\u00e9n supone una rigurosa y profunda reflexi\u00f3n alrededor de cuestiones metodol\u00f3gicas de permanente actualidad y plantea la reivindicaci\u00f3n de un patrimonio pedag\u00f3gico que ha dado sentido a su vida.<\/span><\/p>\n","protected":false},"excerpt":{"rendered":"<p><span style=\"font-weight: 400;\">Este libro muestra la experiencia de un maestro de escuela que, ante la falta de inter\u00e9s de su alumnado y la pobreza de recursos profesionales debido a la deficiente formaci\u00f3n recibida en sus estudios, decide buscar soluciones cambiando su enfoque metodol\u00f3gico.<\/span><\/p>\n<p><span style=\"font-weight: 400;\">Despu\u00e9s de un periodo de inquietud, lecturas y conocimiento de diversas experiencias alternativas a la escuela tradicional, descubre la pedagog\u00eda Freinet y queda seducido por sus t\u00e9cnicas de trabajo, que dan la palabra al alumnado y abren la escuela a la vida.<\/span><\/p>\n<p><i><span style=\"font-weight: 400;\">El oficio de maestro<\/span><\/i><span style=\"font-weight: 400;\"> relata su experiencia profesional, pero tambi\u00e9n supone una rigurosa y profunda reflexi\u00f3n alrededor de cuestiones metodol\u00f3gicas de permanente actualidad y plantea la reivindicaci\u00f3n de un patrimonio pedag\u00f3gico que ha dado sentido a su vida.<\/span><\/p>\n","protected":false},"featured_media":54851,"comment_status":"open","ping_status":"closed","template":"","meta":{"_et_pb_use_builder":"","_et_pb_old_content":"","_et_gb_content_width":""},"product_cat":[11858,11910,11859,11925],"product_tag":[11860],"edicion":[11865],"editoriales":[11867,12203],"tienda":[],"autor_id":[14295],"universidades_coeditoras":[],"palabras_clave":[],"listado_alfabetico":[],"acf":[],"_links":{"self":[{"href":"https:\/\/wizardly-davinci.82-223-8-23.plesk.page\/en\/wp-json\/wp\/v2\/product\/54850"}],"collection":[{"href":"https:\/\/wizardly-davinci.82-223-8-23.plesk.page\/en\/wp-json\/wp\/v2\/product"}],"about":[{"href":"https:\/\/wizardly-davinci.82-223-8-23.plesk.page\/en\/wp-json\/wp\/v2\/types\/product"}],"replies":[{"embeddable":true,"href":"https:\/\/wizardly-davinci.82-223-8-23.plesk.page\/en\/wp-json\/wp\/v2\/comments?post=54850"}],"wp:featuredmedia":[{"embeddable":true,"href":"https:\/\/wizardly-davinci.82-223-8-23.plesk.page\/en\/wp-json\/wp\/v2\/media\/54851"}],"wp:attachment":[{"href":"https:\/\/wizardly-davinci.82-223-8-23.plesk.page\/en\/wp-json\/wp\/v2\/media?parent=54850"}],"wp:term":[{"taxonomy":"product_cat","embeddable":true,"href":"https:\/\/wizardly-davinci.82-223-8-23.plesk.page\/en\/wp-json\/wp\/v2\/product_cat?post=54850"},{"taxonomy":"product_tag","embeddable":true,"href":"https:\/\/wizardly-davinci.82-223-8-23.plesk.page\/en\/wp-json\/wp\/v2\/product_tag?post=54850"},{"taxonomy":"edicion","embeddable":true,"href":"https:\/\/wizardly-davinci.82-223-8-23.plesk.page\/en\/wp-json\/wp\/v2\/edicion?post=54850"},{"taxonomy":"editoriales","embeddable":true,"href":"https:\/\/wizardly-davinci.82-223-8-23.plesk.page\/en\/wp-json\/wp\/v2\/editoriales?post=54850"},{"taxonomy":"tienda","embeddable":true,"href":"https:\/\/wizardly-davinci.82-223-8-23.plesk.page\/en\/wp-json\/wp\/v2\/tienda?post=54850"},{"taxonomy":"autor_id","embeddable":true,"href":"https:\/\/wizardly-davinci.82-223-8-23.plesk.page\/en\/wp-json\/wp\/v2\/autor_id?post=54850"},{"taxonomy":"universidades_coeditoras","embeddable":true,"href":"https:\/\/wizardly-davinci.82-223-8-23.plesk.page\/en\/wp-json\/wp\/v2\/universidades_coeditoras?post=54850"},{"taxonomy":"palabras_clave","embeddable":true,"href":"https:\/\/wizardly-davinci.82-223-8-23.plesk.page\/en\/wp-json\/wp\/v2\/palabras_clave?post=54850"},{"taxonomy":"listado_alfabetico","embeddable":true,"href":"https:\/\/wizardly-davinci.82-223-8-23.plesk.page\/en\/wp-json\/wp\/v2\/listado_alfabetico?post=54850"}],"curies":[{"name":"wp","href":"https:\/\/api.w.org\/{rel}","templated":true}]}}