{"id":54853,"date":"2019-05-16T08:37:13","date_gmt":"2019-05-16T06:37:13","guid":{"rendered":"https:\/\/octaedro.com\/libro\/como-abordar-la-educacion-del-futuro\/"},"modified":"2023-02-22T13:38:49","modified_gmt":"2023-02-22T12:38:49","slug":"como-abordar-la-educacion-del-futuro-2","status":"publish","type":"product","link":"https:\/\/wizardly-davinci.82-223-8-23.plesk.page\/en\/producto\/como-abordar-la-educacion-del-futuro-2\/","title":{"rendered":"\u00bfC\u00f3mo abordar la educaci\u00f3n del futuro?"},"content":{"rendered":"<p>En el grupo de investigaci\u00f3n<span style=\"color: #333399;\"><a style=\"color: #333399;\" href=\"http:\/\/arget-dpedago.urv.cat\">ARGET<\/a><\/span> empezamos a experimentar con entornos simulados 3D y con laboratorios virtuales en el 2003 y hemos desarrollado en los \u00faltimos siete a\u00f1os dos proyectos consecutivos SIMUL@: Evaluaci\u00f3n de un entorno tecnol\u00f3gico de simulaci\u00f3n para el Aprendizaje de Competencias transversales en la universidad y SIMUL@b: Laboratorio de simulaciones 3D para el desarrollo de la competencia digital docente con los que hemos experimentado el desarrollo y evaluaci\u00f3n de las competencias transversales (trabajo en equipo y autogesti\u00f3n) y la competencia digital docente mediante el uso de un entono simulado 3D.<br \/>\nDe manera paralela al trabajo con mundos 3D, en la \u00faltima d\u00e9cada, tambi\u00e9n hemos desarrollado una l\u00ednea de investigaci\u00f3n que se ha concretado especialmente en la mejora de la formaci\u00f3n en Competencia Digital Docente (CDD) de los futuros docentes y del profesorado en ejercicio.<br \/>\nTanto la financiaci\u00f3n como los a\u00f1os de experiencia nos han permitido construir un corpus de conocimiento para la mejora tanto de la formaci\u00f3n docente como de la optimizaci\u00f3n del uso de las tecnolog\u00edas en los diferentes contextos educativos, especialmente en el de la Educaci\u00f3n Superior desde una perspectiva tanto local, la propia universidad, como estatal (colaboraci\u00f3n con otras universidades del territorio espa\u00f1ol) e internacional (especialmente Am\u00e9rica Latina).<br \/>\nEl texto que presentamos es fruto de todo el trabajo de investigaci\u00f3n y de reflexi\u00f3n alrededor de la implementaci\u00f3n de los Laboratorios Virtuales en entornos 3D aplicados al desarrollo de la Competencia Digital y la CDD.<\/p>\n","protected":false},"excerpt":{"rendered":"<p>En el grupo de investigaci\u00f3n<span style=\"color: #333399;\"><a style=\"color: #333399;\" href=\"http:\/\/arget-dpedago.urv.cat\">ARGET<\/a><\/span> empezamos a experimentar con entornos simulados 3D y con laboratorios virtuales en el 2003 y hemos desarrollado en los \u00faltimos siete a\u00f1os dos proyectos consecutivos SIMUL@: Evaluaci\u00f3n de un entorno tecnol\u00f3gico de simulaci\u00f3n para el Aprendizaje de Competencias transversales en la universidad y SIMUL@b: Laboratorio de simulaciones 3D para el desarrollo de la competencia digital docente con los que hemos experimentado el desarrollo y evaluaci\u00f3n de las competencias transversales (trabajo en equipo y autogesti\u00f3n) y la competencia digital docente mediante el uso de un entono simulado 3D.<br \/>\nDe manera paralela al trabajo con mundos 3D, en la \u00faltima d\u00e9cada, tambi\u00e9n hemos desarrollado una l\u00ednea de investigaci\u00f3n que se ha concretado especialmente en la mejora de la formaci\u00f3n en Competencia Digital Docente (CDD) de los futuros docentes y del profesorado en ejercicio.<br \/>\nTanto la financiaci\u00f3n como los a\u00f1os de experiencia nos han permitido construir un corpus de conocimiento para la mejora tanto de la formaci\u00f3n docente como de la optimizaci\u00f3n del uso de las tecnolog\u00edas en los diferentes contextos educativos, especialmente en el de la Educaci\u00f3n Superior desde una perspectiva tanto local, la propia universidad, como estatal (colaboraci\u00f3n con otras universidades del territorio espa\u00f1ol) e internacional (especialmente Am\u00e9rica Latina).<br \/>\nEl texto que presentamos es fruto de todo el trabajo de investigaci\u00f3n y de reflexi\u00f3n alrededor de la implementaci\u00f3n de los Laboratorios Virtuales en entornos 3D aplicados al desarrollo de la Competencia Digital y la CDD.<\/p>\n","protected":false},"featured_media":52666,"comment_status":"open","ping_status":"closed","template":"","meta":{"_et_pb_use_builder":"","_et_pb_old_content":"","_et_gb_content_width":""},"product_cat":[11899,11858,11859,11912,11907],"product_tag":[11892],"edicion":[12199,11865],"editoriales":[11867],"tienda":[],"autor_id":[14183,12585,12586],"universidades_coeditoras":[16449],"palabras_clave":[],"listado_alfabetico":[],"acf":[],"_links":{"self":[{"href":"https:\/\/wizardly-davinci.82-223-8-23.plesk.page\/en\/wp-json\/wp\/v2\/product\/54853"}],"collection":[{"href":"https:\/\/wizardly-davinci.82-223-8-23.plesk.page\/en\/wp-json\/wp\/v2\/product"}],"about":[{"href":"https:\/\/wizardly-davinci.82-223-8-23.plesk.page\/en\/wp-json\/wp\/v2\/types\/product"}],"replies":[{"embeddable":true,"href":"https:\/\/wizardly-davinci.82-223-8-23.plesk.page\/en\/wp-json\/wp\/v2\/comments?post=54853"}],"wp:featuredmedia":[{"embeddable":true,"href":"https:\/\/wizardly-davinci.82-223-8-23.plesk.page\/en\/wp-json\/wp\/v2\/media\/52666"}],"wp:attachment":[{"href":"https:\/\/wizardly-davinci.82-223-8-23.plesk.page\/en\/wp-json\/wp\/v2\/media?parent=54853"}],"wp:term":[{"taxonomy":"product_cat","embeddable":true,"href":"https:\/\/wizardly-davinci.82-223-8-23.plesk.page\/en\/wp-json\/wp\/v2\/product_cat?post=54853"},{"taxonomy":"product_tag","embeddable":true,"href":"https:\/\/wizardly-davinci.82-223-8-23.plesk.page\/en\/wp-json\/wp\/v2\/product_tag?post=54853"},{"taxonomy":"edicion","embeddable":true,"href":"https:\/\/wizardly-davinci.82-223-8-23.plesk.page\/en\/wp-json\/wp\/v2\/edicion?post=54853"},{"taxonomy":"editoriales","embeddable":true,"href":"https:\/\/wizardly-davinci.82-223-8-23.plesk.page\/en\/wp-json\/wp\/v2\/editoriales?post=54853"},{"taxonomy":"tienda","embeddable":true,"href":"https:\/\/wizardly-davinci.82-223-8-23.plesk.page\/en\/wp-json\/wp\/v2\/tienda?post=54853"},{"taxonomy":"autor_id","embeddable":true,"href":"https:\/\/wizardly-davinci.82-223-8-23.plesk.page\/en\/wp-json\/wp\/v2\/autor_id?post=54853"},{"taxonomy":"universidades_coeditoras","embeddable":true,"href":"https:\/\/wizardly-davinci.82-223-8-23.plesk.page\/en\/wp-json\/wp\/v2\/universidades_coeditoras?post=54853"},{"taxonomy":"palabras_clave","embeddable":true,"href":"https:\/\/wizardly-davinci.82-223-8-23.plesk.page\/en\/wp-json\/wp\/v2\/palabras_clave?post=54853"},{"taxonomy":"listado_alfabetico","embeddable":true,"href":"https:\/\/wizardly-davinci.82-223-8-23.plesk.page\/en\/wp-json\/wp\/v2\/listado_alfabetico?post=54853"}],"curies":[{"name":"wp","href":"https:\/\/api.w.org\/{rel}","templated":true}]}}