{"id":54861,"date":"2019-07-02T16:09:25","date_gmt":"2019-07-02T14:09:25","guid":{"rendered":"https:\/\/octaedro.com\/libro\/passos-1-quadern-dexercicis-nivell-basic-1\/"},"modified":"2023-02-22T13:38:49","modified_gmt":"2023-02-22T12:38:49","slug":"passos-1-quadern-dexercicis-nivell-basic-1-2017","status":"publish","type":"product","link":"https:\/\/wizardly-davinci.82-223-8-23.plesk.page\/en\/producto\/passos-1-quadern-dexercicis-nivell-basic-1-2017\/","title":{"rendered":"Passos 1. Quadern d&#8217;exercicis. Nivell b\u00e0sic 1"},"content":{"rendered":"<p><strong> Nova edici\u00f3 actualitzada 2017!<\/strong><\/p>\n<p>Hem revisant els <strong><em>Passos<\/em><\/strong>: tant els llibres com els quaderns i les guies dels <em>Passos 1<\/em>, <em>Passos 2<\/em> i <em>Passos 3<\/em>.<\/p>\n<p>En aquesta revisi\u00f3, d\u2019una banda, tenim en compte les novetats ortogr\u00e0fiques i gramaticals de l\u2019IEC i, de l\u2019altra, aprofitem l\u2019avinentesa per revisar novament la feina feta, de manera que milloraran alguns \u00e0udios, algunes graelles, algunes fotografies i unes quantes activitats, per\u00f2 hem procurat que la paginaci\u00f3 sigui pr\u00e0cticament la mateixa, per fer m\u00e9s f\u00e0cil la conviv\u00e8ncia, durant un temps, de l\u2019edici\u00f3 del 2011 i l\u2019actual.<\/p>\n","protected":false},"excerpt":{"rendered":"<p><strong> Nova edici\u00f3 actualitzada 2017!<\/strong><\/p>\n<p>Hem revisant els <strong><em>Passos<\/em><\/strong>: tant els llibres com els quaderns i les guies dels <em>Passos 1<\/em>, <em>Passos 2<\/em> i <em>Passos 3<\/em>.<\/p>\n<p>En aquesta revisi\u00f3, d\u2019una banda, tenim en compte les novetats ortogr\u00e0fiques i gramaticals de l\u2019IEC i, de l\u2019altra, aprofitem l\u2019avinentesa per revisar novament la feina feta, de manera que milloraran alguns \u00e0udios, algunes graelles, algunes fotografies i unes quantes activitats, per\u00f2 hem procurat que la paginaci\u00f3 sigui pr\u00e0cticament la mateixa, per fer m\u00e9s f\u00e0cil la conviv\u00e8ncia, durant un temps, de l\u2019edici\u00f3 del 2011 i l\u2019actual.<\/p>\n","protected":false},"featured_media":54863,"comment_status":"open","ping_status":"closed","template":"","meta":{"_et_pb_use_builder":"","_et_pb_old_content":"","_et_gb_content_width":""},"product_cat":[11858,11859,11918,11921],"product_tag":[11860],"edicion":[11865],"editoriales":[11867],"tienda":[],"autor_id":[14120,19950,19920],"universidades_coeditoras":[],"palabras_clave":[],"listado_alfabetico":[],"acf":[],"_links":{"self":[{"href":"https:\/\/wizardly-davinci.82-223-8-23.plesk.page\/en\/wp-json\/wp\/v2\/product\/54861"}],"collection":[{"href":"https:\/\/wizardly-davinci.82-223-8-23.plesk.page\/en\/wp-json\/wp\/v2\/product"}],"about":[{"href":"https:\/\/wizardly-davinci.82-223-8-23.plesk.page\/en\/wp-json\/wp\/v2\/types\/product"}],"replies":[{"embeddable":true,"href":"https:\/\/wizardly-davinci.82-223-8-23.plesk.page\/en\/wp-json\/wp\/v2\/comments?post=54861"}],"wp:featuredmedia":[{"embeddable":true,"href":"https:\/\/wizardly-davinci.82-223-8-23.plesk.page\/en\/wp-json\/wp\/v2\/media\/54863"}],"wp:attachment":[{"href":"https:\/\/wizardly-davinci.82-223-8-23.plesk.page\/en\/wp-json\/wp\/v2\/media?parent=54861"}],"wp:term":[{"taxonomy":"product_cat","embeddable":true,"href":"https:\/\/wizardly-davinci.82-223-8-23.plesk.page\/en\/wp-json\/wp\/v2\/product_cat?post=54861"},{"taxonomy":"product_tag","embeddable":true,"href":"https:\/\/wizardly-davinci.82-223-8-23.plesk.page\/en\/wp-json\/wp\/v2\/product_tag?post=54861"},{"taxonomy":"edicion","embeddable":true,"href":"https:\/\/wizardly-davinci.82-223-8-23.plesk.page\/en\/wp-json\/wp\/v2\/edicion?post=54861"},{"taxonomy":"editoriales","embeddable":true,"href":"https:\/\/wizardly-davinci.82-223-8-23.plesk.page\/en\/wp-json\/wp\/v2\/editoriales?post=54861"},{"taxonomy":"tienda","embeddable":true,"href":"https:\/\/wizardly-davinci.82-223-8-23.plesk.page\/en\/wp-json\/wp\/v2\/tienda?post=54861"},{"taxonomy":"autor_id","embeddable":true,"href":"https:\/\/wizardly-davinci.82-223-8-23.plesk.page\/en\/wp-json\/wp\/v2\/autor_id?post=54861"},{"taxonomy":"universidades_coeditoras","embeddable":true,"href":"https:\/\/wizardly-davinci.82-223-8-23.plesk.page\/en\/wp-json\/wp\/v2\/universidades_coeditoras?post=54861"},{"taxonomy":"palabras_clave","embeddable":true,"href":"https:\/\/wizardly-davinci.82-223-8-23.plesk.page\/en\/wp-json\/wp\/v2\/palabras_clave?post=54861"},{"taxonomy":"listado_alfabetico","embeddable":true,"href":"https:\/\/wizardly-davinci.82-223-8-23.plesk.page\/en\/wp-json\/wp\/v2\/listado_alfabetico?post=54861"}],"curies":[{"name":"wp","href":"https:\/\/api.w.org\/{rel}","templated":true}]}}