{"id":54927,"date":"2014-05-16T09:28:57","date_gmt":"2014-05-16T07:28:57","guid":{"rendered":"https:\/\/octaedro.com\/libro\/matematicas-cuaderno-4-2o-primaria\/"},"modified":"2023-02-22T13:38:54","modified_gmt":"2023-02-22T12:38:54","slug":"matematicas-cuaderno-4-2o-primaria-2","status":"publish","type":"product","link":"https:\/\/wizardly-davinci.82-223-8-23.plesk.page\/en\/producto\/matematicas-cuaderno-4-2o-primaria-2\/","title":{"rendered":"Matem\u00e1ticas. Cuaderno 4 (2\u00ba PRIMARIA)"},"content":{"rendered":"<p>Con el presente cuaderno 4, presentamos a los alumnos los cuadernos en \u201cletra de imprenta\u201d. En su contenido destacamos:<br \/>&#8211; Trabajar los n\u00fameros entre 110 y 120, que suelen presentar cierta dificultad a los alumnos, y llegar a la centena.<br \/>&#8211; Presentar por primera vez los algoritmos cl\u00e1sicos de sumas y restas escritas en forma vertical, sin dedicarles m\u00e1s atenci\u00f3n que la que pensamos merecen.<br \/>&#8211; Ensanchar el abanico de tipos de problemas, con los de estructura (l\u00f3gica) y los abiertos.<br \/>&#8211; Introducir la pr\u00e1ctica de secciones planas y de las sombras para el estudio de figuras, en geometr\u00eda.<\/p>\n","protected":false},"excerpt":{"rendered":"<p>Con el presente cuaderno 4, presentamos a los alumnos los cuadernos en \u201cletra de imprenta\u201d. En su contenido destacamos:<br \/>&#8211; Trabajar los n\u00fameros entre 110 y 120, que suelen presentar cierta dificultad a los alumnos, y llegar a la centena.<br \/>&#8211; Presentar por primera vez los algoritmos cl\u00e1sicos de sumas y restas escritas en forma vertical, sin dedicarles m\u00e1s atenci\u00f3n que la que pensamos merecen.<br \/>&#8211; Ensanchar el abanico de tipos de problemas, con los de estructura (l\u00f3gica) y los abiertos.<br \/>&#8211; Introducir la pr\u00e1ctica de secciones planas y de las sombras para el estudio de figuras, en geometr\u00eda.<\/p>\n","protected":false},"featured_media":54928,"comment_status":"open","ping_status":"closed","template":"","meta":{"_et_pb_use_builder":"","_et_pb_old_content":"","_et_gb_content_width":""},"product_cat":[11858,11859,11877],"product_tag":[],"edicion":[],"editoriales":[11867,12203],"tienda":[],"autor_id":[12429],"universidades_coeditoras":[],"palabras_clave":[],"listado_alfabetico":[],"acf":[],"_links":{"self":[{"href":"https:\/\/wizardly-davinci.82-223-8-23.plesk.page\/en\/wp-json\/wp\/v2\/product\/54927"}],"collection":[{"href":"https:\/\/wizardly-davinci.82-223-8-23.plesk.page\/en\/wp-json\/wp\/v2\/product"}],"about":[{"href":"https:\/\/wizardly-davinci.82-223-8-23.plesk.page\/en\/wp-json\/wp\/v2\/types\/product"}],"replies":[{"embeddable":true,"href":"https:\/\/wizardly-davinci.82-223-8-23.plesk.page\/en\/wp-json\/wp\/v2\/comments?post=54927"}],"wp:featuredmedia":[{"embeddable":true,"href":"https:\/\/wizardly-davinci.82-223-8-23.plesk.page\/en\/wp-json\/wp\/v2\/media\/54928"}],"wp:attachment":[{"href":"https:\/\/wizardly-davinci.82-223-8-23.plesk.page\/en\/wp-json\/wp\/v2\/media?parent=54927"}],"wp:term":[{"taxonomy":"product_cat","embeddable":true,"href":"https:\/\/wizardly-davinci.82-223-8-23.plesk.page\/en\/wp-json\/wp\/v2\/product_cat?post=54927"},{"taxonomy":"product_tag","embeddable":true,"href":"https:\/\/wizardly-davinci.82-223-8-23.plesk.page\/en\/wp-json\/wp\/v2\/product_tag?post=54927"},{"taxonomy":"edicion","embeddable":true,"href":"https:\/\/wizardly-davinci.82-223-8-23.plesk.page\/en\/wp-json\/wp\/v2\/edicion?post=54927"},{"taxonomy":"editoriales","embeddable":true,"href":"https:\/\/wizardly-davinci.82-223-8-23.plesk.page\/en\/wp-json\/wp\/v2\/editoriales?post=54927"},{"taxonomy":"tienda","embeddable":true,"href":"https:\/\/wizardly-davinci.82-223-8-23.plesk.page\/en\/wp-json\/wp\/v2\/tienda?post=54927"},{"taxonomy":"autor_id","embeddable":true,"href":"https:\/\/wizardly-davinci.82-223-8-23.plesk.page\/en\/wp-json\/wp\/v2\/autor_id?post=54927"},{"taxonomy":"universidades_coeditoras","embeddable":true,"href":"https:\/\/wizardly-davinci.82-223-8-23.plesk.page\/en\/wp-json\/wp\/v2\/universidades_coeditoras?post=54927"},{"taxonomy":"palabras_clave","embeddable":true,"href":"https:\/\/wizardly-davinci.82-223-8-23.plesk.page\/en\/wp-json\/wp\/v2\/palabras_clave?post=54927"},{"taxonomy":"listado_alfabetico","embeddable":true,"href":"https:\/\/wizardly-davinci.82-223-8-23.plesk.page\/en\/wp-json\/wp\/v2\/listado_alfabetico?post=54927"}],"curies":[{"name":"wp","href":"https:\/\/api.w.org\/{rel}","templated":true}]}}