{"id":54929,"date":"2014-05-16T09:29:00","date_gmt":"2014-05-16T07:29:00","guid":{"rendered":"https:\/\/octaedro.com\/libro\/matematicas-cuaderno-3-1o-primaria\/"},"modified":"2023-02-22T13:38:54","modified_gmt":"2023-02-22T12:38:54","slug":"matematicas-cuaderno-3-1o-primaria-2","status":"publish","type":"product","link":"https:\/\/wizardly-davinci.82-223-8-23.plesk.page\/en\/producto\/matematicas-cuaderno-3-1o-primaria-2\/","title":{"rendered":"Matem\u00e1ticas. Cuaderno 3 (1\u00ba PRIMARIA)"},"content":{"rendered":"<p>El contenido del presente cuaderno 3 podr\u00edamos resumirlo as\u00ed:<br \/>&#8211; Ampliar el conocimiento de los n\u00fameros, presentando de la centena.<br \/>&#8211; Proponer actividades de c\u00e1lculo mental, descomposiciones de n\u00fameros y expresiones escritas con esquemas y m\u00e1quinas.<br \/>&#8211; Reconocer l\u00edneas curvas y rectas (trabajadas previamente con movimientos), y la primera noci\u00f3n general de figuras planas.<br \/>&#8211; Ensanchar un poco el abanico de los distintos tipos de problemas.<\/p>\n","protected":false},"excerpt":{"rendered":"<p>El contenido del presente cuaderno 3 podr\u00edamos resumirlo as\u00ed:<br \/>&#8211; Ampliar el conocimiento de los n\u00fameros, presentando de la centena.<br \/>&#8211; Proponer actividades de c\u00e1lculo mental, descomposiciones de n\u00fameros y expresiones escritas con esquemas y m\u00e1quinas.<br \/>&#8211; Reconocer l\u00edneas curvas y rectas (trabajadas previamente con movimientos), y la primera noci\u00f3n general de figuras planas.<br \/>&#8211; Ensanchar un poco el abanico de los distintos tipos de problemas.<\/p>\n","protected":false},"featured_media":54930,"comment_status":"open","ping_status":"closed","template":"","meta":{"_et_pb_use_builder":"","_et_pb_old_content":"","_et_gb_content_width":""},"product_cat":[11858,11859,11877],"product_tag":[],"edicion":[],"editoriales":[11867,12203],"tienda":[],"autor_id":[12429],"universidades_coeditoras":[],"palabras_clave":[],"listado_alfabetico":[],"acf":[],"_links":{"self":[{"href":"https:\/\/wizardly-davinci.82-223-8-23.plesk.page\/en\/wp-json\/wp\/v2\/product\/54929"}],"collection":[{"href":"https:\/\/wizardly-davinci.82-223-8-23.plesk.page\/en\/wp-json\/wp\/v2\/product"}],"about":[{"href":"https:\/\/wizardly-davinci.82-223-8-23.plesk.page\/en\/wp-json\/wp\/v2\/types\/product"}],"replies":[{"embeddable":true,"href":"https:\/\/wizardly-davinci.82-223-8-23.plesk.page\/en\/wp-json\/wp\/v2\/comments?post=54929"}],"wp:featuredmedia":[{"embeddable":true,"href":"https:\/\/wizardly-davinci.82-223-8-23.plesk.page\/en\/wp-json\/wp\/v2\/media\/54930"}],"wp:attachment":[{"href":"https:\/\/wizardly-davinci.82-223-8-23.plesk.page\/en\/wp-json\/wp\/v2\/media?parent=54929"}],"wp:term":[{"taxonomy":"product_cat","embeddable":true,"href":"https:\/\/wizardly-davinci.82-223-8-23.plesk.page\/en\/wp-json\/wp\/v2\/product_cat?post=54929"},{"taxonomy":"product_tag","embeddable":true,"href":"https:\/\/wizardly-davinci.82-223-8-23.plesk.page\/en\/wp-json\/wp\/v2\/product_tag?post=54929"},{"taxonomy":"edicion","embeddable":true,"href":"https:\/\/wizardly-davinci.82-223-8-23.plesk.page\/en\/wp-json\/wp\/v2\/edicion?post=54929"},{"taxonomy":"editoriales","embeddable":true,"href":"https:\/\/wizardly-davinci.82-223-8-23.plesk.page\/en\/wp-json\/wp\/v2\/editoriales?post=54929"},{"taxonomy":"tienda","embeddable":true,"href":"https:\/\/wizardly-davinci.82-223-8-23.plesk.page\/en\/wp-json\/wp\/v2\/tienda?post=54929"},{"taxonomy":"autor_id","embeddable":true,"href":"https:\/\/wizardly-davinci.82-223-8-23.plesk.page\/en\/wp-json\/wp\/v2\/autor_id?post=54929"},{"taxonomy":"universidades_coeditoras","embeddable":true,"href":"https:\/\/wizardly-davinci.82-223-8-23.plesk.page\/en\/wp-json\/wp\/v2\/universidades_coeditoras?post=54929"},{"taxonomy":"palabras_clave","embeddable":true,"href":"https:\/\/wizardly-davinci.82-223-8-23.plesk.page\/en\/wp-json\/wp\/v2\/palabras_clave?post=54929"},{"taxonomy":"listado_alfabetico","embeddable":true,"href":"https:\/\/wizardly-davinci.82-223-8-23.plesk.page\/en\/wp-json\/wp\/v2\/listado_alfabetico?post=54929"}],"curies":[{"name":"wp","href":"https:\/\/api.w.org\/{rel}","templated":true}]}}