{"id":54935,"date":"2019-04-14T23:24:11","date_gmt":"2019-04-14T21:24:11","guid":{"rendered":"https:\/\/octaedro.com\/libro\/el-estado-de-bienestar-y-sus-detractores\/"},"modified":"2023-02-22T13:38:59","modified_gmt":"2023-02-22T12:38:59","slug":"el-estado-de-bienestar-y-sus-detractores-2","status":"publish","type":"product","link":"https:\/\/wizardly-davinci.82-223-8-23.plesk.page\/en\/producto\/el-estado-de-bienestar-y-sus-detractores-2\/","title":{"rendered":"El Estado de bienestar y sus detractores"},"content":{"rendered":"","protected":false},"excerpt":{"rendered":"<p>Durante d\u00e9cadas, El Estado de bienestar y el modelo social europeo han hecho posible la creaci\u00f3n de sociedades inclusivas, bastante justas y equitativas, y con buenos niveles de seguridad colectiva. Un acuerdo y un consenso hist\u00f3rico en el \u00e1mbito pol\u00edtico y social, que descansaba sobre una determinada noci\u00f3n de la econom\u00eda, el keynesianismo, donde el mercado y la acci\u00f3n correctora y equilibradora de la intervenci\u00f3n p\u00fablica pon\u00edan coto a la desigualdad y a las ineficiencias que pod\u00edan llevar al colapso. Un sistema que tuvo siempre sus detractores, quienes aprovecharon los efectos de las crisis petroleras de los a\u00f1os setenta para imponer una revoluci\u00f3n liberalconservadora que estableci\u00f3 el triunfo absoluto de los mercados desregulados, del individualismo extremo y del af\u00e1n de lucro desmesurado. Se apostaba por una sociedad de ganadores y de perdedores.<\/p>\n<p>Este libro trata tanto de los fundamentos pol\u00edticos y econ\u00f3micos del Estado de bienestar, como de los supuestos en que se ha basado el combate contra \u00e9l. De c\u00f3mo el liberalconservadurismo triunfante ha desnaturalizado y puesto en jaque al modelo social europeo y nos ha llevado hasta la crisis y el desconcierto actual.<\/p>\n","protected":false},"featured_media":54936,"comment_status":"closed","ping_status":"closed","template":"","meta":{"_et_pb_use_builder":"","_et_pb_old_content":"","_et_gb_content_width":""},"product_cat":[11875,11899,11858,11913,11859,11912],"product_tag":[11891],"edicion":[12178,12199,11865],"editoriales":[11867],"tienda":[],"autor_id":[14151],"universidades_coeditoras":[],"palabras_clave":[],"listado_alfabetico":[],"acf":[],"_links":{"self":[{"href":"https:\/\/wizardly-davinci.82-223-8-23.plesk.page\/en\/wp-json\/wp\/v2\/product\/54935"}],"collection":[{"href":"https:\/\/wizardly-davinci.82-223-8-23.plesk.page\/en\/wp-json\/wp\/v2\/product"}],"about":[{"href":"https:\/\/wizardly-davinci.82-223-8-23.plesk.page\/en\/wp-json\/wp\/v2\/types\/product"}],"replies":[{"embeddable":true,"href":"https:\/\/wizardly-davinci.82-223-8-23.plesk.page\/en\/wp-json\/wp\/v2\/comments?post=54935"}],"wp:featuredmedia":[{"embeddable":true,"href":"https:\/\/wizardly-davinci.82-223-8-23.plesk.page\/en\/wp-json\/wp\/v2\/media\/54936"}],"wp:attachment":[{"href":"https:\/\/wizardly-davinci.82-223-8-23.plesk.page\/en\/wp-json\/wp\/v2\/media?parent=54935"}],"wp:term":[{"taxonomy":"product_cat","embeddable":true,"href":"https:\/\/wizardly-davinci.82-223-8-23.plesk.page\/en\/wp-json\/wp\/v2\/product_cat?post=54935"},{"taxonomy":"product_tag","embeddable":true,"href":"https:\/\/wizardly-davinci.82-223-8-23.plesk.page\/en\/wp-json\/wp\/v2\/product_tag?post=54935"},{"taxonomy":"edicion","embeddable":true,"href":"https:\/\/wizardly-davinci.82-223-8-23.plesk.page\/en\/wp-json\/wp\/v2\/edicion?post=54935"},{"taxonomy":"editoriales","embeddable":true,"href":"https:\/\/wizardly-davinci.82-223-8-23.plesk.page\/en\/wp-json\/wp\/v2\/editoriales?post=54935"},{"taxonomy":"tienda","embeddable":true,"href":"https:\/\/wizardly-davinci.82-223-8-23.plesk.page\/en\/wp-json\/wp\/v2\/tienda?post=54935"},{"taxonomy":"autor_id","embeddable":true,"href":"https:\/\/wizardly-davinci.82-223-8-23.plesk.page\/en\/wp-json\/wp\/v2\/autor_id?post=54935"},{"taxonomy":"universidades_coeditoras","embeddable":true,"href":"https:\/\/wizardly-davinci.82-223-8-23.plesk.page\/en\/wp-json\/wp\/v2\/universidades_coeditoras?post=54935"},{"taxonomy":"palabras_clave","embeddable":true,"href":"https:\/\/wizardly-davinci.82-223-8-23.plesk.page\/en\/wp-json\/wp\/v2\/palabras_clave?post=54935"},{"taxonomy":"listado_alfabetico","embeddable":true,"href":"https:\/\/wizardly-davinci.82-223-8-23.plesk.page\/en\/wp-json\/wp\/v2\/listado_alfabetico?post=54935"}],"curies":[{"name":"wp","href":"https:\/\/api.w.org\/{rel}","templated":true}]}}