{"id":54937,"date":"2019-04-14T19:09:30","date_gmt":"2019-04-14T17:09:30","guid":{"rendered":"https:\/\/octaedro.com\/libro\/tu-eres-buda\/"},"modified":"2023-02-22T13:38:59","modified_gmt":"2023-02-22T12:38:59","slug":"tu-eres-buda-3-2","status":"publish","type":"product","link":"https:\/\/wizardly-davinci.82-223-8-23.plesk.page\/en\/producto\/tu-eres-buda-3-2\/","title":{"rendered":"T\u00fa eres Buda"},"content":{"rendered":"<p>El budismo es, b\u00e1sicamente, una experiencia personal que nos ofrece una de las respuestas m\u00e1s convincentes al problema existencial humano. Es un camino hacia la felicidad, el conocimiento de s\u00ed mismo, la aut\u00e9ntica libertad y el Despertar a la Realidad \u00daltima. El autor trata en el libro de todas estas cuestiones y tambi\u00e9n del nacimiento y expansi\u00f3n del budismo, el dharma o ense\u00f1anza de Buddha, el zen, la meditaci\u00f3n, etc. Nos ofrece, en suma, una visi\u00f3n transversal del budismo tanto por el contenido como por el enfoque, uniendo la visi\u00f3n tradicional del budismo con la psicolog\u00eda y la ciencia. Nos sugiere, en fin, el camino hac\u00eda la plena realizaci\u00f3n y nos anima a emprenderlo.<\/p>\n<p><em>Una manera humilde y generosa de participar del movimiento de la rueda del dharma.<br \/>\nT\u00fa eres Buda es una gu\u00eda para perplejos, esc\u00e9pticos o ignorantes que aporta algunas claves de eso que llamamos budismo y nos acerca a una ense\u00f1anza milenaria que cobra sentido cuando conseguimos hacerla real en nuestra vida. Es un dedo que se\u00f1ala la Luna.<\/em><\/p>\n<p>Del Pr\u00f3logo del maestro Pere Taiho Secor\u00fan<\/p>\n","protected":false},"excerpt":{"rendered":"<p>El budismo es, b\u00e1sicamente, una experiencia personal que nos ofrece una de las respuestas m\u00e1s convincentes al problema existencial humano. Es un camino hacia la felicidad, el conocimiento de s\u00ed mismo, la aut\u00e9ntica libertad y el Despertar a la Realidad \u00daltima. El autor trata en el libro de todas estas cuestiones y tambi\u00e9n del nacimiento y expansi\u00f3n del budismo, el dharma o ense\u00f1anza de Buddha, el zen, la meditaci\u00f3n, etc. Nos ofrece, en suma, una visi\u00f3n transversal del budismo tanto por el contenido como por el enfoque, uniendo la visi\u00f3n tradicional del budismo con la psicolog\u00eda y la ciencia. Nos sugiere, en fin, el camino hac\u00eda la plena realizaci\u00f3n y nos anima a emprenderlo.<\/p>\n<p>Una manera humilde y generosa de participar del movimiento de la rueda del dharma.<br \/>\nT\u00fa eres Buda es una gu\u00eda para perplejos, esc\u00e9pticos o ignorantes que aporta algunas claves de eso que llamamos budismo y nos acerca a una ense\u00f1anza milenaria que cobra sentido cuando conseguimos hacerla real en nuestra vida. Es un dedo que se\u00f1ala la Luna.<\/p>\n<p>Del Pr\u00f3logo del maestro Pere Taiho Secor\u00fan<\/p>\n","protected":false},"featured_media":54938,"comment_status":"open","ping_status":"closed","template":"","meta":{"_et_pb_use_builder":"","_et_pb_old_content":"","_et_gb_content_width":""},"product_cat":[11875,11858],"product_tag":[11860],"edicion":[11865],"editoriales":[11867],"tienda":[],"autor_id":[12439],"universidades_coeditoras":[],"palabras_clave":[],"listado_alfabetico":[],"acf":[],"_links":{"self":[{"href":"https:\/\/wizardly-davinci.82-223-8-23.plesk.page\/en\/wp-json\/wp\/v2\/product\/54937"}],"collection":[{"href":"https:\/\/wizardly-davinci.82-223-8-23.plesk.page\/en\/wp-json\/wp\/v2\/product"}],"about":[{"href":"https:\/\/wizardly-davinci.82-223-8-23.plesk.page\/en\/wp-json\/wp\/v2\/types\/product"}],"replies":[{"embeddable":true,"href":"https:\/\/wizardly-davinci.82-223-8-23.plesk.page\/en\/wp-json\/wp\/v2\/comments?post=54937"}],"wp:featuredmedia":[{"embeddable":true,"href":"https:\/\/wizardly-davinci.82-223-8-23.plesk.page\/en\/wp-json\/wp\/v2\/media\/54938"}],"wp:attachment":[{"href":"https:\/\/wizardly-davinci.82-223-8-23.plesk.page\/en\/wp-json\/wp\/v2\/media?parent=54937"}],"wp:term":[{"taxonomy":"product_cat","embeddable":true,"href":"https:\/\/wizardly-davinci.82-223-8-23.plesk.page\/en\/wp-json\/wp\/v2\/product_cat?post=54937"},{"taxonomy":"product_tag","embeddable":true,"href":"https:\/\/wizardly-davinci.82-223-8-23.plesk.page\/en\/wp-json\/wp\/v2\/product_tag?post=54937"},{"taxonomy":"edicion","embeddable":true,"href":"https:\/\/wizardly-davinci.82-223-8-23.plesk.page\/en\/wp-json\/wp\/v2\/edicion?post=54937"},{"taxonomy":"editoriales","embeddable":true,"href":"https:\/\/wizardly-davinci.82-223-8-23.plesk.page\/en\/wp-json\/wp\/v2\/editoriales?post=54937"},{"taxonomy":"tienda","embeddable":true,"href":"https:\/\/wizardly-davinci.82-223-8-23.plesk.page\/en\/wp-json\/wp\/v2\/tienda?post=54937"},{"taxonomy":"autor_id","embeddable":true,"href":"https:\/\/wizardly-davinci.82-223-8-23.plesk.page\/en\/wp-json\/wp\/v2\/autor_id?post=54937"},{"taxonomy":"universidades_coeditoras","embeddable":true,"href":"https:\/\/wizardly-davinci.82-223-8-23.plesk.page\/en\/wp-json\/wp\/v2\/universidades_coeditoras?post=54937"},{"taxonomy":"palabras_clave","embeddable":true,"href":"https:\/\/wizardly-davinci.82-223-8-23.plesk.page\/en\/wp-json\/wp\/v2\/palabras_clave?post=54937"},{"taxonomy":"listado_alfabetico","embeddable":true,"href":"https:\/\/wizardly-davinci.82-223-8-23.plesk.page\/en\/wp-json\/wp\/v2\/listado_alfabetico?post=54937"}],"curies":[{"name":"wp","href":"https:\/\/api.w.org\/{rel}","templated":true}]}}