{"id":54941,"date":"2019-04-11T16:40:47","date_gmt":"2019-04-11T14:40:47","guid":{"rendered":"https:\/\/octaedro.com\/libro\/destino-cataluna\/"},"modified":"2023-02-22T13:38:59","modified_gmt":"2023-02-22T12:38:59","slug":"destino-cataluna-2","status":"publish","type":"product","link":"https:\/\/wizardly-davinci.82-223-8-23.plesk.page\/en\/producto\/destino-cataluna-2\/","title":{"rendered":"Destino Catalu\u00f1a"},"content":{"rendered":"<p>S\u00daMATE naci\u00f3 en 2013 de la voluntad de castellanohablantes venidos o con ra\u00edces en otras regiones de Espa\u00f1a, con la ilusi\u00f3n de luchar por un nuevo pa\u00eds: libre, socialmente m\u00e1s justo y republicano. Creemos en la autodeterminaci\u00f3n de los pueblos y el derecho a decidir su futuro democr\u00e1ticamente.<\/p>\n","protected":false},"excerpt":{"rendered":"<p>S\u00daMATE naci\u00f3 en 2013 de la voluntad de castellanohablantes venidos o con ra\u00edces en otras regiones de Espa\u00f1a, con la ilusi\u00f3n de luchar por un nuevo pa\u00eds: libre, socialmente m\u00e1s justo y republicano. Creemos en la autodeterminaci\u00f3n de los pueblos y el derecho a decidir su futuro democr\u00e1ticamente.<\/p>\n","protected":false},"featured_media":54942,"comment_status":"closed","ping_status":"closed","template":"","meta":{"_et_pb_use_builder":"","_et_pb_old_content":"","_et_gb_content_width":""},"product_cat":[11858],"product_tag":[11860],"edicion":[],"editoriales":[11867],"tienda":[],"autor_id":[19116],"universidades_coeditoras":[],"palabras_clave":[],"listado_alfabetico":[],"acf":[],"_links":{"self":[{"href":"https:\/\/wizardly-davinci.82-223-8-23.plesk.page\/en\/wp-json\/wp\/v2\/product\/54941"}],"collection":[{"href":"https:\/\/wizardly-davinci.82-223-8-23.plesk.page\/en\/wp-json\/wp\/v2\/product"}],"about":[{"href":"https:\/\/wizardly-davinci.82-223-8-23.plesk.page\/en\/wp-json\/wp\/v2\/types\/product"}],"replies":[{"embeddable":true,"href":"https:\/\/wizardly-davinci.82-223-8-23.plesk.page\/en\/wp-json\/wp\/v2\/comments?post=54941"}],"wp:featuredmedia":[{"embeddable":true,"href":"https:\/\/wizardly-davinci.82-223-8-23.plesk.page\/en\/wp-json\/wp\/v2\/media\/54942"}],"wp:attachment":[{"href":"https:\/\/wizardly-davinci.82-223-8-23.plesk.page\/en\/wp-json\/wp\/v2\/media?parent=54941"}],"wp:term":[{"taxonomy":"product_cat","embeddable":true,"href":"https:\/\/wizardly-davinci.82-223-8-23.plesk.page\/en\/wp-json\/wp\/v2\/product_cat?post=54941"},{"taxonomy":"product_tag","embeddable":true,"href":"https:\/\/wizardly-davinci.82-223-8-23.plesk.page\/en\/wp-json\/wp\/v2\/product_tag?post=54941"},{"taxonomy":"edicion","embeddable":true,"href":"https:\/\/wizardly-davinci.82-223-8-23.plesk.page\/en\/wp-json\/wp\/v2\/edicion?post=54941"},{"taxonomy":"editoriales","embeddable":true,"href":"https:\/\/wizardly-davinci.82-223-8-23.plesk.page\/en\/wp-json\/wp\/v2\/editoriales?post=54941"},{"taxonomy":"tienda","embeddable":true,"href":"https:\/\/wizardly-davinci.82-223-8-23.plesk.page\/en\/wp-json\/wp\/v2\/tienda?post=54941"},{"taxonomy":"autor_id","embeddable":true,"href":"https:\/\/wizardly-davinci.82-223-8-23.plesk.page\/en\/wp-json\/wp\/v2\/autor_id?post=54941"},{"taxonomy":"universidades_coeditoras","embeddable":true,"href":"https:\/\/wizardly-davinci.82-223-8-23.plesk.page\/en\/wp-json\/wp\/v2\/universidades_coeditoras?post=54941"},{"taxonomy":"palabras_clave","embeddable":true,"href":"https:\/\/wizardly-davinci.82-223-8-23.plesk.page\/en\/wp-json\/wp\/v2\/palabras_clave?post=54941"},{"taxonomy":"listado_alfabetico","embeddable":true,"href":"https:\/\/wizardly-davinci.82-223-8-23.plesk.page\/en\/wp-json\/wp\/v2\/listado_alfabetico?post=54941"}],"curies":[{"name":"wp","href":"https:\/\/api.w.org\/{rel}","templated":true}]}}