{"id":54943,"date":"2019-04-11T16:03:35","date_gmt":"2019-04-11T14:03:35","guid":{"rendered":"https:\/\/octaedro.com\/libro\/com-es-pot-llegir-el-petit-princep\/"},"modified":"2023-02-22T13:38:59","modified_gmt":"2023-02-22T12:38:59","slug":"com-es-pot-llegir-el-petit-princep-2","status":"publish","type":"product","link":"https:\/\/wizardly-davinci.82-223-8-23.plesk.page\/en\/producto\/com-es-pot-llegir-el-petit-princep-2\/","title":{"rendered":"Com es pot llegir \u00abEl Petit Pr\u00edncep\u00bb"},"content":{"rendered":"<p>Durant quinze cursos escolars hem treballat <em>El Petit Pr\u00edncep<\/em> amb adolescents, amb gran profit i satisfacci\u00f3. La candidesa aparent del relat i les possibilitats d\u2019interpretaci\u00f3 fan que cadasc\u00fa se l\u2019apropi\u00ef a la seva manera.<\/p>\n<p>En aquesta guia, que prov\u00e9 d\u2019anys de treball en el projecte Filosofia 3\/18, hi ha la petjada de Matthew Lipman i tota ella fa flaire de filosofia per a infants. S\u2019hi destaquen substancialment els aspectes filos\u00f2fics per sobre d\u2019altres que s\u00f3n tant o m\u00e9s leg\u00edtims.<\/p>\n<p>A trav\u00e9s dels viatges i les tribulacions del petit pr\u00edncep, trobem conceptes com <em>dubte<\/em>, <em>veritat<\/em>, <em>autoritat<\/em>, <em>ef\u00edmer<\/em> i <em>soledat<\/em>. Els <strong>aspectes \u00e8tics<\/strong> estan il\u00b7lustrats per les virtuts i defectes de personatges paradigm\u00e0tics. Tampoc no podem deixar de consignar els <strong>aspectes epistemol\u00f2gics<\/strong> assenyalats ja des del primer cap\u00edtol i que culminen en la coneguda expressi\u00f3: \u00abL\u2019essencial \u00e9s invisible als ulls\u00bb.<\/p>\n<p><em>El Petit Pr\u00edncep<\/em> \u00e9s un cl\u00e0ssic universal que encara t\u00e9 molt a dir a les generacions actuals.<\/p>\n","protected":false},"excerpt":{"rendered":"<p>Durant quinze cursos escolars hem treballat <em>El Petit Pr\u00edncep<\/em> amb adolescents, amb gran profit i satisfacci\u00f3. La candidesa aparent del relat i les possibilitats d\u2019interpretaci\u00f3 fan que cadasc\u00fa se l\u2019apropi\u00ef a la seva manera.<\/p>\n<p>En aquesta guia, que prov\u00e9 d\u2019anys de treball en el projecte Filosofia 3\/18, hi ha la petjada de Matthew Lipman i tota ella fa flaire de filosofia per a infants. S\u2019hi destaquen substancialment els aspectes filos\u00f2fics per sobre d\u2019altres que s\u00f3n tant o m\u00e9s leg\u00edtims.<\/p>\n<p>A trav\u00e9s dels viatges i les tribulacions del petit pr\u00edncep, trobem conceptes com <em>dubte<\/em>, <em>veritat<\/em>, <em>autoritat<\/em>, <em>ef\u00edmer<\/em> i <em>soledat<\/em>. Els <strong>aspectes \u00e8tics<\/strong> estan il\u00b7lustrats per les virtuts i defectes de personatges paradigm\u00e0tics. Tampoc no podem deixar de consignar els <strong>aspectes epistemol\u00f2gics<\/strong> assenyalats ja des del primer cap\u00edtol i que culminen en la coneguda expressi\u00f3: \u00abL\u2019essencial \u00e9s invisible als ulls\u00bb.<\/p>\n<p><em>El Petit Pr\u00edncep<\/em> \u00e9s un cl\u00e0ssic universal que encara t\u00e9 molt a dir a les generacions actuals.<\/p>\n","protected":false},"featured_media":54944,"comment_status":"open","ping_status":"closed","template":"","meta":{"_et_pb_use_builder":"","_et_pb_old_content":"","_et_gb_content_width":""},"product_cat":[11859,11918],"product_tag":[11860],"edicion":[11865],"editoriales":[11867],"tienda":[],"autor_id":[14349,19961],"universidades_coeditoras":[],"palabras_clave":[],"listado_alfabetico":[],"acf":[],"_links":{"self":[{"href":"https:\/\/wizardly-davinci.82-223-8-23.plesk.page\/en\/wp-json\/wp\/v2\/product\/54943"}],"collection":[{"href":"https:\/\/wizardly-davinci.82-223-8-23.plesk.page\/en\/wp-json\/wp\/v2\/product"}],"about":[{"href":"https:\/\/wizardly-davinci.82-223-8-23.plesk.page\/en\/wp-json\/wp\/v2\/types\/product"}],"replies":[{"embeddable":true,"href":"https:\/\/wizardly-davinci.82-223-8-23.plesk.page\/en\/wp-json\/wp\/v2\/comments?post=54943"}],"wp:featuredmedia":[{"embeddable":true,"href":"https:\/\/wizardly-davinci.82-223-8-23.plesk.page\/en\/wp-json\/wp\/v2\/media\/54944"}],"wp:attachment":[{"href":"https:\/\/wizardly-davinci.82-223-8-23.plesk.page\/en\/wp-json\/wp\/v2\/media?parent=54943"}],"wp:term":[{"taxonomy":"product_cat","embeddable":true,"href":"https:\/\/wizardly-davinci.82-223-8-23.plesk.page\/en\/wp-json\/wp\/v2\/product_cat?post=54943"},{"taxonomy":"product_tag","embeddable":true,"href":"https:\/\/wizardly-davinci.82-223-8-23.plesk.page\/en\/wp-json\/wp\/v2\/product_tag?post=54943"},{"taxonomy":"edicion","embeddable":true,"href":"https:\/\/wizardly-davinci.82-223-8-23.plesk.page\/en\/wp-json\/wp\/v2\/edicion?post=54943"},{"taxonomy":"editoriales","embeddable":true,"href":"https:\/\/wizardly-davinci.82-223-8-23.plesk.page\/en\/wp-json\/wp\/v2\/editoriales?post=54943"},{"taxonomy":"tienda","embeddable":true,"href":"https:\/\/wizardly-davinci.82-223-8-23.plesk.page\/en\/wp-json\/wp\/v2\/tienda?post=54943"},{"taxonomy":"autor_id","embeddable":true,"href":"https:\/\/wizardly-davinci.82-223-8-23.plesk.page\/en\/wp-json\/wp\/v2\/autor_id?post=54943"},{"taxonomy":"universidades_coeditoras","embeddable":true,"href":"https:\/\/wizardly-davinci.82-223-8-23.plesk.page\/en\/wp-json\/wp\/v2\/universidades_coeditoras?post=54943"},{"taxonomy":"palabras_clave","embeddable":true,"href":"https:\/\/wizardly-davinci.82-223-8-23.plesk.page\/en\/wp-json\/wp\/v2\/palabras_clave?post=54943"},{"taxonomy":"listado_alfabetico","embeddable":true,"href":"https:\/\/wizardly-davinci.82-223-8-23.plesk.page\/en\/wp-json\/wp\/v2\/listado_alfabetico?post=54943"}],"curies":[{"name":"wp","href":"https:\/\/api.w.org\/{rel}","templated":true}]}}