{"id":54945,"date":"2019-04-11T15:31:18","date_gmt":"2019-04-11T13:31:18","guid":{"rendered":"https:\/\/octaedro.com\/libro\/cartes-a-la-mare\/"},"modified":"2023-02-22T13:38:59","modified_gmt":"2023-02-22T12:38:59","slug":"cartes-a-la-mare-2","status":"publish","type":"product","link":"https:\/\/wizardly-davinci.82-223-8-23.plesk.page\/en\/producto\/cartes-a-la-mare-2\/","title":{"rendered":"Cartes a la mare"},"content":{"rendered":"<p>El 1998 un noi de 17 anys se su\u00efcida. L\u2019escrit \u00e9s el recull de les cartes que el fill escriu a la mare des del m\u00e9s enll\u00e0, quan ella decideix tornar a viure a Premi\u00e0, on havien viscut quan el fill era petit.<\/p>\n<p>Aquest llibre no \u00e9s sobre el su\u00efcidi juvenil, ni sobre la salut mental, ni sobre el dol, ni sobre l\u2019educaci\u00f3, ni sobre el poder de la paraula. Per\u00f2 tot aix\u00f2 hi \u00e9s present.<\/p>\n<p>A qui pot interessar?<br \/>\n\u2022 A persones que hagin patit el su\u00efcidi d\u2019alg\u00fa estimat.<br \/>\n\u2022 A joves i adults que en algun moment hagin pensat seriosament en el su\u00efcidi com a alternativa.<br \/>\n\u2022 A professorat de tots els nivells educatius, psic\u00f2legs, psiquiatres, pedagogs, psicopedagogs, psicoterapeutes, treballadors socials&#8230;<br \/>\n\u2022 A pares i mares de fills adolescents, o preadolescents, o postadolescents.<br \/>\n\u2022 A qualsevol persona amb ganes de fruir d\u2019un text fet d\u2019intimitat i sentiments.<\/p>\n","protected":false},"excerpt":{"rendered":"<p>El 1998 un noi de 17 anys se su\u00efcida. L\u2019escrit \u00e9s el recull de les cartes que el fill escriu a la mare des del m\u00e9s enll\u00e0, quan ella decideix tornar a viure a Premi\u00e0, on havien viscut quan el fill era petit.<\/p>\n<p>Aquest llibre no \u00e9s sobre el su\u00efcidi juvenil, ni sobre la salut mental, ni sobre el dol, ni sobre l\u2019educaci\u00f3, ni sobre el poder de la paraula. Per\u00f2 tot aix\u00f2 hi \u00e9s present.<\/p>\n<p>A qui pot interessar?<br \/>\n\u2022 A persones que hagin patit el su\u00efcidi d\u2019alg\u00fa estimat.<br \/>\n\u2022 A joves i adults que en algun moment hagin pensat seriosament en el su\u00efcidi com a alternativa.<br \/>\n\u2022 A professorat de tots els nivells educatius, psic\u00f2legs, psiquiatres, pedagogs, psicopedagogs, psicoterapeutes, treballadors socials&#8230;<br \/>\n\u2022 A pares i mares de fills adolescents, o preadolescents, o postadolescents.<br \/>\n\u2022 A qualsevol persona amb ganes de fruir d\u2019un text fet d\u2019intimitat i sentiments.<\/p>\n","protected":false},"featured_media":54946,"comment_status":"open","ping_status":"closed","template":"","meta":{"_et_pb_use_builder":"","_et_pb_old_content":"","_et_gb_content_width":""},"product_cat":[11859,11918],"product_tag":[11860],"edicion":[11865],"editoriales":[11867],"tienda":[],"autor_id":[14011],"universidades_coeditoras":[],"palabras_clave":[],"listado_alfabetico":[],"acf":[],"_links":{"self":[{"href":"https:\/\/wizardly-davinci.82-223-8-23.plesk.page\/en\/wp-json\/wp\/v2\/product\/54945"}],"collection":[{"href":"https:\/\/wizardly-davinci.82-223-8-23.plesk.page\/en\/wp-json\/wp\/v2\/product"}],"about":[{"href":"https:\/\/wizardly-davinci.82-223-8-23.plesk.page\/en\/wp-json\/wp\/v2\/types\/product"}],"replies":[{"embeddable":true,"href":"https:\/\/wizardly-davinci.82-223-8-23.plesk.page\/en\/wp-json\/wp\/v2\/comments?post=54945"}],"wp:featuredmedia":[{"embeddable":true,"href":"https:\/\/wizardly-davinci.82-223-8-23.plesk.page\/en\/wp-json\/wp\/v2\/media\/54946"}],"wp:attachment":[{"href":"https:\/\/wizardly-davinci.82-223-8-23.plesk.page\/en\/wp-json\/wp\/v2\/media?parent=54945"}],"wp:term":[{"taxonomy":"product_cat","embeddable":true,"href":"https:\/\/wizardly-davinci.82-223-8-23.plesk.page\/en\/wp-json\/wp\/v2\/product_cat?post=54945"},{"taxonomy":"product_tag","embeddable":true,"href":"https:\/\/wizardly-davinci.82-223-8-23.plesk.page\/en\/wp-json\/wp\/v2\/product_tag?post=54945"},{"taxonomy":"edicion","embeddable":true,"href":"https:\/\/wizardly-davinci.82-223-8-23.plesk.page\/en\/wp-json\/wp\/v2\/edicion?post=54945"},{"taxonomy":"editoriales","embeddable":true,"href":"https:\/\/wizardly-davinci.82-223-8-23.plesk.page\/en\/wp-json\/wp\/v2\/editoriales?post=54945"},{"taxonomy":"tienda","embeddable":true,"href":"https:\/\/wizardly-davinci.82-223-8-23.plesk.page\/en\/wp-json\/wp\/v2\/tienda?post=54945"},{"taxonomy":"autor_id","embeddable":true,"href":"https:\/\/wizardly-davinci.82-223-8-23.plesk.page\/en\/wp-json\/wp\/v2\/autor_id?post=54945"},{"taxonomy":"universidades_coeditoras","embeddable":true,"href":"https:\/\/wizardly-davinci.82-223-8-23.plesk.page\/en\/wp-json\/wp\/v2\/universidades_coeditoras?post=54945"},{"taxonomy":"palabras_clave","embeddable":true,"href":"https:\/\/wizardly-davinci.82-223-8-23.plesk.page\/en\/wp-json\/wp\/v2\/palabras_clave?post=54945"},{"taxonomy":"listado_alfabetico","embeddable":true,"href":"https:\/\/wizardly-davinci.82-223-8-23.plesk.page\/en\/wp-json\/wp\/v2\/listado_alfabetico?post=54945"}],"curies":[{"name":"wp","href":"https:\/\/api.w.org\/{rel}","templated":true}]}}