{"id":54961,"date":"2019-04-10T00:00:08","date_gmt":"2019-04-09T22:00:08","guid":{"rendered":"https:\/\/octaedro.com\/libro\/literatura-universal\/"},"modified":"2023-02-22T13:38:59","modified_gmt":"2023-02-22T12:38:59","slug":"literatura-universal-2","status":"publish","type":"product","link":"https:\/\/wizardly-davinci.82-223-8-23.plesk.page\/en\/producto\/literatura-universal-2\/","title":{"rendered":"Literatura universal"},"content":{"rendered":"<p>En este libro de <span class=\"destacat\">Literatura universal<\/span> (que expone el curr\u00edculo del Real Decreto 1467\/2007 de 2 de noviembre) se estudian los grandes movimientos literarios y las obras y autores m\u00e1s representativos de otras literaturas, desde la Antig\u00fcedad hasta el siglo XX, con el fin de proporcionar una visi\u00f3n comprensiva, amplia y profunda del discurso literario como fen\u00f3meno universal.<br \/>\nA partir de cuatro bloques hist\u00f3ricos (Edad Antigua, Edad Media, Edad Moderna y Edad Contempor\u00e1nea) y a partir de los g\u00e9neros literarios, el libro se estructura de la siguiente manera:<br \/>\n&#8211;<strong>Contexto hist\u00f3rico y literario<\/strong>, acercamiento a las ideas est\u00e9ticas dominantes de cada \u00e9poca y las transformaciones hist\u00f3ricas y art\u00edsticas que confluyeron en la misma.<br \/>\n&#8211;<strong>Movimientos, autores y obras<\/strong>, conocimiento de los grandes movimientos est\u00e9ticos, las principales obras literarias y los autores que han ido conformando nuestra realidad cultural universal.<br \/>\n&#8211;<strong>Antolog\u00eda de lecturas<\/strong>, lectura y interpretaci\u00f3n de fragmentos de las obras m\u00e1s representativas de la literatura universal.<br \/>\n&#8211;<strong>Gu\u00eda de lecturas<\/strong>, orientaci\u00f3n para la lectura y an\u00e1lisis de obras completas y representativas de la literatura universal.<\/p>\n","protected":false},"excerpt":{"rendered":"<p>En este libro de <span class=\"destacat\">Literatura universal<\/span> (que expone el curr\u00edculo del Real Decreto 1467\/2007 de 2 de noviembre) se estudian los grandes movimientos literarios y las obras y autores m\u00e1s representativos de otras literaturas, desde la Antig\u00fcedad hasta el siglo XX, con el fin de proporcionar una visi\u00f3n comprensiva, amplia y profunda del discurso literario como fen\u00f3meno universal.<br \/>\nA partir de cuatro bloques hist\u00f3ricos (Edad Antigua, Edad Media, Edad Moderna y Edad Contempor\u00e1nea) y a partir de los g\u00e9neros literarios, el libro se estructura de la siguiente manera:<br \/>\n&#8211;<strong>Contexto hist\u00f3rico y literario<\/strong>, acercamiento a las ideas est\u00e9ticas dominantes de cada \u00e9poca y las transformaciones hist\u00f3ricas y art\u00edsticas que confluyeron en la misma.<br \/>\n&#8211;<strong>Movimientos, autores y obras<\/strong>, conocimiento de los grandes movimientos est\u00e9ticos, las principales obras literarias y los autores que han ido conformando nuestra realidad cultural universal.<br \/>\n&#8211;<strong>Antolog\u00eda de lecturas<\/strong>, lectura y interpretaci\u00f3n de fragmentos de las obras m\u00e1s representativas de la literatura universal.<br \/>\n&#8211;<strong>Gu\u00eda de lecturas<\/strong>, orientaci\u00f3n para la lectura y an\u00e1lisis de obras completas y representativas de la literatura universal.<\/p>\n","protected":false},"featured_media":54962,"comment_status":"open","ping_status":"closed","template":"","meta":{"_et_pb_use_builder":"","_et_pb_old_content":"","_et_gb_content_width":""},"product_cat":[11858,11859,11914],"product_tag":[11860],"edicion":[11865],"editoriales":[11867],"tienda":[],"autor_id":[14098],"universidades_coeditoras":[],"palabras_clave":[],"listado_alfabetico":[],"acf":[],"_links":{"self":[{"href":"https:\/\/wizardly-davinci.82-223-8-23.plesk.page\/en\/wp-json\/wp\/v2\/product\/54961"}],"collection":[{"href":"https:\/\/wizardly-davinci.82-223-8-23.plesk.page\/en\/wp-json\/wp\/v2\/product"}],"about":[{"href":"https:\/\/wizardly-davinci.82-223-8-23.plesk.page\/en\/wp-json\/wp\/v2\/types\/product"}],"replies":[{"embeddable":true,"href":"https:\/\/wizardly-davinci.82-223-8-23.plesk.page\/en\/wp-json\/wp\/v2\/comments?post=54961"}],"wp:featuredmedia":[{"embeddable":true,"href":"https:\/\/wizardly-davinci.82-223-8-23.plesk.page\/en\/wp-json\/wp\/v2\/media\/54962"}],"wp:attachment":[{"href":"https:\/\/wizardly-davinci.82-223-8-23.plesk.page\/en\/wp-json\/wp\/v2\/media?parent=54961"}],"wp:term":[{"taxonomy":"product_cat","embeddable":true,"href":"https:\/\/wizardly-davinci.82-223-8-23.plesk.page\/en\/wp-json\/wp\/v2\/product_cat?post=54961"},{"taxonomy":"product_tag","embeddable":true,"href":"https:\/\/wizardly-davinci.82-223-8-23.plesk.page\/en\/wp-json\/wp\/v2\/product_tag?post=54961"},{"taxonomy":"edicion","embeddable":true,"href":"https:\/\/wizardly-davinci.82-223-8-23.plesk.page\/en\/wp-json\/wp\/v2\/edicion?post=54961"},{"taxonomy":"editoriales","embeddable":true,"href":"https:\/\/wizardly-davinci.82-223-8-23.plesk.page\/en\/wp-json\/wp\/v2\/editoriales?post=54961"},{"taxonomy":"tienda","embeddable":true,"href":"https:\/\/wizardly-davinci.82-223-8-23.plesk.page\/en\/wp-json\/wp\/v2\/tienda?post=54961"},{"taxonomy":"autor_id","embeddable":true,"href":"https:\/\/wizardly-davinci.82-223-8-23.plesk.page\/en\/wp-json\/wp\/v2\/autor_id?post=54961"},{"taxonomy":"universidades_coeditoras","embeddable":true,"href":"https:\/\/wizardly-davinci.82-223-8-23.plesk.page\/en\/wp-json\/wp\/v2\/universidades_coeditoras?post=54961"},{"taxonomy":"palabras_clave","embeddable":true,"href":"https:\/\/wizardly-davinci.82-223-8-23.plesk.page\/en\/wp-json\/wp\/v2\/palabras_clave?post=54961"},{"taxonomy":"listado_alfabetico","embeddable":true,"href":"https:\/\/wizardly-davinci.82-223-8-23.plesk.page\/en\/wp-json\/wp\/v2\/listado_alfabetico?post=54961"}],"curies":[{"name":"wp","href":"https:\/\/api.w.org\/{rel}","templated":true}]}}