{"id":54965,"date":"2019-04-10T00:00:06","date_gmt":"2019-04-09T22:00:06","guid":{"rendered":"https:\/\/octaedro.com\/libro\/literatura-hispanoamericana\/"},"modified":"2023-02-22T13:38:59","modified_gmt":"2023-02-22T12:38:59","slug":"literatura-hispanoamericana-2","status":"publish","type":"product","link":"https:\/\/wizardly-davinci.82-223-8-23.plesk.page\/en\/producto\/literatura-hispanoamericana-2\/","title":{"rendered":"Literatura Hispanoamericana"},"content":{"rendered":"<p>He aqu\u00ed una obra que aborda, con rigor y claridad y orden, el estudio de la rica y compleja literatura hispanoamericana en toda su extensi\u00f3n: desde los textos precolombinos hasta los escritores contempor\u00e1neos. A la vez, establece una estrecha relaci\u00f3n entre la creaci\u00f3n literaria y las circunstancias pol\u00edtico-sociales por las que han atravesado los pa\u00edses de un continente que posee una historia breve, pero agitada y convulsa.<br \/>\nEl estudio de las corrientes literarias y los principales autores de las distintas naciones hispanoamericanas se completa con una amplia y variada antolog\u00eda de textos, tanto en poes\u00eda como en prosa; textos cuidadosamente elegidos entre las mejores p\u00e1ginas de la literatura de todo el continente, que van acompa\u00f1ados de un vasto repertorio de argumentos, notas y actividades para facilitar su comprensi\u00f3n e incitar a una lectura m\u00e1s personalizada y completa.<\/p>\n","protected":false},"excerpt":{"rendered":"<p>He aqu\u00ed una obra que aborda, con rigor y claridad y orden, el estudio de la rica y compleja literatura hispanoamericana en toda su extensi\u00f3n: desde los textos precolombinos hasta los escritores contempor\u00e1neos. A la vez, establece una estrecha relaci\u00f3n entre la creaci\u00f3n literaria y las circunstancias pol\u00edtico-sociales por las que han atravesado los pa\u00edses de un continente que posee una historia breve, pero agitada y convulsa.<br \/>\nEl estudio de las corrientes literarias y los principales autores de las distintas naciones hispanoamericanas se completa con una amplia y variada antolog\u00eda de textos, tanto en poes\u00eda como en prosa; textos cuidadosamente elegidos entre las mejores p\u00e1ginas de la literatura de todo el continente, que van acompa\u00f1ados de un vasto repertorio de argumentos, notas y actividades para facilitar su comprensi\u00f3n e incitar a una lectura m\u00e1s personalizada y completa.<\/p>\n","protected":false},"featured_media":54966,"comment_status":"open","ping_status":"closed","template":"","meta":{"_et_pb_use_builder":"","_et_pb_old_content":"","_et_gb_content_width":""},"product_cat":[11858],"product_tag":[11860],"edicion":[],"editoriales":[11867],"tienda":[],"autor_id":[14098,19964],"universidades_coeditoras":[],"palabras_clave":[],"listado_alfabetico":[],"acf":[],"_links":{"self":[{"href":"https:\/\/wizardly-davinci.82-223-8-23.plesk.page\/en\/wp-json\/wp\/v2\/product\/54965"}],"collection":[{"href":"https:\/\/wizardly-davinci.82-223-8-23.plesk.page\/en\/wp-json\/wp\/v2\/product"}],"about":[{"href":"https:\/\/wizardly-davinci.82-223-8-23.plesk.page\/en\/wp-json\/wp\/v2\/types\/product"}],"replies":[{"embeddable":true,"href":"https:\/\/wizardly-davinci.82-223-8-23.plesk.page\/en\/wp-json\/wp\/v2\/comments?post=54965"}],"wp:featuredmedia":[{"embeddable":true,"href":"https:\/\/wizardly-davinci.82-223-8-23.plesk.page\/en\/wp-json\/wp\/v2\/media\/54966"}],"wp:attachment":[{"href":"https:\/\/wizardly-davinci.82-223-8-23.plesk.page\/en\/wp-json\/wp\/v2\/media?parent=54965"}],"wp:term":[{"taxonomy":"product_cat","embeddable":true,"href":"https:\/\/wizardly-davinci.82-223-8-23.plesk.page\/en\/wp-json\/wp\/v2\/product_cat?post=54965"},{"taxonomy":"product_tag","embeddable":true,"href":"https:\/\/wizardly-davinci.82-223-8-23.plesk.page\/en\/wp-json\/wp\/v2\/product_tag?post=54965"},{"taxonomy":"edicion","embeddable":true,"href":"https:\/\/wizardly-davinci.82-223-8-23.plesk.page\/en\/wp-json\/wp\/v2\/edicion?post=54965"},{"taxonomy":"editoriales","embeddable":true,"href":"https:\/\/wizardly-davinci.82-223-8-23.plesk.page\/en\/wp-json\/wp\/v2\/editoriales?post=54965"},{"taxonomy":"tienda","embeddable":true,"href":"https:\/\/wizardly-davinci.82-223-8-23.plesk.page\/en\/wp-json\/wp\/v2\/tienda?post=54965"},{"taxonomy":"autor_id","embeddable":true,"href":"https:\/\/wizardly-davinci.82-223-8-23.plesk.page\/en\/wp-json\/wp\/v2\/autor_id?post=54965"},{"taxonomy":"universidades_coeditoras","embeddable":true,"href":"https:\/\/wizardly-davinci.82-223-8-23.plesk.page\/en\/wp-json\/wp\/v2\/universidades_coeditoras?post=54965"},{"taxonomy":"palabras_clave","embeddable":true,"href":"https:\/\/wizardly-davinci.82-223-8-23.plesk.page\/en\/wp-json\/wp\/v2\/palabras_clave?post=54965"},{"taxonomy":"listado_alfabetico","embeddable":true,"href":"https:\/\/wizardly-davinci.82-223-8-23.plesk.page\/en\/wp-json\/wp\/v2\/listado_alfabetico?post=54965"}],"curies":[{"name":"wp","href":"https:\/\/api.w.org\/{rel}","templated":true}]}}