{"id":54969,"date":"2019-04-10T00:00:05","date_gmt":"2019-04-09T22:00:05","guid":{"rendered":"https:\/\/octaedro.com\/libro\/lengua-castellana-1o-y-2o-bachillerato-y-comentario-de-textos\/"},"modified":"2023-02-22T13:39:04","modified_gmt":"2023-02-22T12:39:04","slug":"lengua-castellana-1o-y-2o-bachillerato-y-comentario-de-textos-2","status":"publish","type":"product","link":"https:\/\/wizardly-davinci.82-223-8-23.plesk.page\/en\/producto\/lengua-castellana-1o-y-2o-bachillerato-y-comentario-de-textos-2\/","title":{"rendered":"Lengua castellana 1\u00ba y 2\u00ba Bachillerato (y comentario de textos)"},"content":{"rendered":"<p>Manual que aborda los contenidos sistematizados de la lengua para toda la etapa de bachillerato. Organizado en tres bloques: Conocimiento de la lengua, Uso de la lengua y Comentario de texto.<br \/>\nCon el objetivo de seguir consolidando los conocimientos ling\u00fc\u00edsticos adecuados para intervenir de forma satisfactoria en la interacci\u00f3n verbal en los diferentes \u00e1mbitos comunicativos, la materia de Lengua castellana y Literatura queda dividida en tres bloques para el Bachillerato:<br \/>\n<strong>1. Conocimiento de la lengua <\/strong>, conocimiento de las reglas l\u00e9xico-sint\u00e1cticas que permiten la construcci\u00f3n de enunciados con sentido y gramaticalmente aceptables.<br \/>\n<strong>2. Uso de la lengua <\/strong>, actividades para consolidar el ejercicio comprensivo, coherente y correcto de las normas ortogr\u00e1ficas y gramaticales.<br \/>\n<strong>3. Estructuras textuales <\/strong>, principios y normas sociales que presiden los intercambios ling\u00fc\u00edsticos en situaciones de comunicaci\u00f3n habitual y procedimientos que articulan las partes del texto en un conjunto cohesionado, prestando especial atenci\u00f3n a los textos cient\u00edficos, t\u00e9cnicos, jur\u00eddicos y period\u00edsticos, culturales y literarios en los \u00e1mbitos acad\u00e9micos, de los medios de comunicaci\u00f3n y literarios.<\/p>\n","protected":false},"excerpt":{"rendered":"<p>Manual que aborda los contenidos sistematizados de la lengua para toda la etapa de bachillerato. Organizado en tres bloques: Conocimiento de la lengua, Uso de la lengua y Comentario de texto.<br \/>\nCon el objetivo de seguir consolidando los conocimientos ling\u00fc\u00edsticos adecuados para intervenir de forma satisfactoria en la interacci\u00f3n verbal en los diferentes \u00e1mbitos comunicativos, la materia de Lengua castellana y Literatura queda dividida en tres bloques para el Bachillerato:<br \/>\n<strong>1. Conocimiento de la lengua <\/strong>, conocimiento de las reglas l\u00e9xico-sint\u00e1cticas que permiten la construcci\u00f3n de enunciados con sentido y gramaticalmente aceptables.<br \/>\n<strong>2. Uso de la lengua <\/strong>, actividades para consolidar el ejercicio comprensivo, coherente y correcto de las normas ortogr\u00e1ficas y gramaticales.<br \/>\n<strong>3. Estructuras textuales <\/strong>, principios y normas sociales que presiden los intercambios ling\u00fc\u00edsticos en situaciones de comunicaci\u00f3n habitual y procedimientos que articulan las partes del texto en un conjunto cohesionado, prestando especial atenci\u00f3n a los textos cient\u00edficos, t\u00e9cnicos, jur\u00eddicos y period\u00edsticos, culturales y literarios en los \u00e1mbitos acad\u00e9micos, de los medios de comunicaci\u00f3n y literarios.<\/p>\n","protected":false},"featured_media":54970,"comment_status":"open","ping_status":"closed","template":"","meta":{"_et_pb_use_builder":"","_et_pb_old_content":"","_et_gb_content_width":""},"product_cat":[11858,11859,11914],"product_tag":[11860],"edicion":[11865],"editoriales":[11867],"tienda":[],"autor_id":[14230,19964],"universidades_coeditoras":[],"palabras_clave":[],"listado_alfabetico":[],"acf":[],"_links":{"self":[{"href":"https:\/\/wizardly-davinci.82-223-8-23.plesk.page\/en\/wp-json\/wp\/v2\/product\/54969"}],"collection":[{"href":"https:\/\/wizardly-davinci.82-223-8-23.plesk.page\/en\/wp-json\/wp\/v2\/product"}],"about":[{"href":"https:\/\/wizardly-davinci.82-223-8-23.plesk.page\/en\/wp-json\/wp\/v2\/types\/product"}],"replies":[{"embeddable":true,"href":"https:\/\/wizardly-davinci.82-223-8-23.plesk.page\/en\/wp-json\/wp\/v2\/comments?post=54969"}],"wp:featuredmedia":[{"embeddable":true,"href":"https:\/\/wizardly-davinci.82-223-8-23.plesk.page\/en\/wp-json\/wp\/v2\/media\/54970"}],"wp:attachment":[{"href":"https:\/\/wizardly-davinci.82-223-8-23.plesk.page\/en\/wp-json\/wp\/v2\/media?parent=54969"}],"wp:term":[{"taxonomy":"product_cat","embeddable":true,"href":"https:\/\/wizardly-davinci.82-223-8-23.plesk.page\/en\/wp-json\/wp\/v2\/product_cat?post=54969"},{"taxonomy":"product_tag","embeddable":true,"href":"https:\/\/wizardly-davinci.82-223-8-23.plesk.page\/en\/wp-json\/wp\/v2\/product_tag?post=54969"},{"taxonomy":"edicion","embeddable":true,"href":"https:\/\/wizardly-davinci.82-223-8-23.plesk.page\/en\/wp-json\/wp\/v2\/edicion?post=54969"},{"taxonomy":"editoriales","embeddable":true,"href":"https:\/\/wizardly-davinci.82-223-8-23.plesk.page\/en\/wp-json\/wp\/v2\/editoriales?post=54969"},{"taxonomy":"tienda","embeddable":true,"href":"https:\/\/wizardly-davinci.82-223-8-23.plesk.page\/en\/wp-json\/wp\/v2\/tienda?post=54969"},{"taxonomy":"autor_id","embeddable":true,"href":"https:\/\/wizardly-davinci.82-223-8-23.plesk.page\/en\/wp-json\/wp\/v2\/autor_id?post=54969"},{"taxonomy":"universidades_coeditoras","embeddable":true,"href":"https:\/\/wizardly-davinci.82-223-8-23.plesk.page\/en\/wp-json\/wp\/v2\/universidades_coeditoras?post=54969"},{"taxonomy":"palabras_clave","embeddable":true,"href":"https:\/\/wizardly-davinci.82-223-8-23.plesk.page\/en\/wp-json\/wp\/v2\/palabras_clave?post=54969"},{"taxonomy":"listado_alfabetico","embeddable":true,"href":"https:\/\/wizardly-davinci.82-223-8-23.plesk.page\/en\/wp-json\/wp\/v2\/listado_alfabetico?post=54969"}],"curies":[{"name":"wp","href":"https:\/\/api.w.org\/{rel}","templated":true}]}}