{"id":55069,"date":"2022-02-11T11:33:59","date_gmt":"2022-02-11T10:33:59","guid":{"rendered":"https:\/\/octaedro.com\/libro\/educar-con-sentido-transformador-en-la-universidad\/"},"modified":"2023-02-22T13:39:15","modified_gmt":"2023-02-22T12:39:15","slug":"educar-con-sentido-transformador-en-la-universidad-2","status":"publish","type":"product","link":"https:\/\/wizardly-davinci.82-223-8-23.plesk.page\/en\/producto\/educar-con-sentido-transformador-en-la-universidad-2\/","title":{"rendered":"Educar con sentido transformador en la universidad"},"content":{"rendered":"","protected":false},"excerpt":{"rendered":"<p>El presente libro es el resultado de la iniciativa #educarconsentido, una serie de di\u00e1logos en clave educativa y en formato virtual promovida por el grupo de investigaci\u00f3n ESBRINA de la Universidad de Barcelona y la ONG Faro Digital. Su objetivo ha sido construir un espacio de reflexi\u00f3n colectiva e internacional en torno a las principales interrogantes y desaf\u00edos que emergen ante la creciente digitalizaci\u00f3n de la vida cotidiana, y que fueron abruptamente acentuados con la pandemia de la COVID-19. M\u00e1s all\u00e1 de la diversidad de temas abordados en estos casi dos a\u00f1os de #educarconsentido, el objetivo del presente libro es acercar a sus lectores aquellas ideas y reflexiones que estuvieron especialmente focalizadas en la universidad y sus comunidades acad\u00e9micas.<\/p>\n<p>Cada uno de los cap\u00edtulos busca favorecer la comprensi\u00f3n de la sociedad de la cual formamos parte y plantear c\u00f3mo desde las universidades no solo es posible aportar claves para la generaci\u00f3n de conocimientos y la formaci\u00f3n, sino tambi\u00e9n para la construcci\u00f3n de una sociedad m\u00e1s justa y democr\u00e1tica.<\/p>\n","protected":false},"featured_media":54732,"comment_status":"open","ping_status":"closed","template":"","meta":{"_et_pb_use_builder":"","_et_pb_old_content":"","_et_gb_content_width":""},"product_cat":[11899,11913,11900],"product_tag":[11887],"edicion":[11865],"editoriales":[11867,12224],"tienda":[],"autor_id":[19990,19991,19989],"universidades_coeditoras":[],"palabras_clave":[],"listado_alfabetico":[],"acf":[],"_links":{"self":[{"href":"https:\/\/wizardly-davinci.82-223-8-23.plesk.page\/en\/wp-json\/wp\/v2\/product\/55069"}],"collection":[{"href":"https:\/\/wizardly-davinci.82-223-8-23.plesk.page\/en\/wp-json\/wp\/v2\/product"}],"about":[{"href":"https:\/\/wizardly-davinci.82-223-8-23.plesk.page\/en\/wp-json\/wp\/v2\/types\/product"}],"replies":[{"embeddable":true,"href":"https:\/\/wizardly-davinci.82-223-8-23.plesk.page\/en\/wp-json\/wp\/v2\/comments?post=55069"}],"wp:featuredmedia":[{"embeddable":true,"href":"https:\/\/wizardly-davinci.82-223-8-23.plesk.page\/en\/wp-json\/wp\/v2\/media\/54732"}],"wp:attachment":[{"href":"https:\/\/wizardly-davinci.82-223-8-23.plesk.page\/en\/wp-json\/wp\/v2\/media?parent=55069"}],"wp:term":[{"taxonomy":"product_cat","embeddable":true,"href":"https:\/\/wizardly-davinci.82-223-8-23.plesk.page\/en\/wp-json\/wp\/v2\/product_cat?post=55069"},{"taxonomy":"product_tag","embeddable":true,"href":"https:\/\/wizardly-davinci.82-223-8-23.plesk.page\/en\/wp-json\/wp\/v2\/product_tag?post=55069"},{"taxonomy":"edicion","embeddable":true,"href":"https:\/\/wizardly-davinci.82-223-8-23.plesk.page\/en\/wp-json\/wp\/v2\/edicion?post=55069"},{"taxonomy":"editoriales","embeddable":true,"href":"https:\/\/wizardly-davinci.82-223-8-23.plesk.page\/en\/wp-json\/wp\/v2\/editoriales?post=55069"},{"taxonomy":"tienda","embeddable":true,"href":"https:\/\/wizardly-davinci.82-223-8-23.plesk.page\/en\/wp-json\/wp\/v2\/tienda?post=55069"},{"taxonomy":"autor_id","embeddable":true,"href":"https:\/\/wizardly-davinci.82-223-8-23.plesk.page\/en\/wp-json\/wp\/v2\/autor_id?post=55069"},{"taxonomy":"universidades_coeditoras","embeddable":true,"href":"https:\/\/wizardly-davinci.82-223-8-23.plesk.page\/en\/wp-json\/wp\/v2\/universidades_coeditoras?post=55069"},{"taxonomy":"palabras_clave","embeddable":true,"href":"https:\/\/wizardly-davinci.82-223-8-23.plesk.page\/en\/wp-json\/wp\/v2\/palabras_clave?post=55069"},{"taxonomy":"listado_alfabetico","embeddable":true,"href":"https:\/\/wizardly-davinci.82-223-8-23.plesk.page\/en\/wp-json\/wp\/v2\/listado_alfabetico?post=55069"}],"curies":[{"name":"wp","href":"https:\/\/api.w.org\/{rel}","templated":true}]}}