{"id":55071,"date":"2022-02-18T19:16:06","date_gmt":"2022-02-18T18:16:06","guid":{"rendered":"https:\/\/octaedro.com\/libro\/aprendizaje-personalizado-y-education-maker\/"},"modified":"2023-03-08T12:21:35","modified_gmt":"2023-03-08T11:21:35","slug":"aprendizaje-personalizado-y-education-maker","status":"publish","type":"product","link":"https:\/\/wizardly-davinci.82-223-8-23.plesk.page\/en\/producto\/aprendizaje-personalizado-y-education-maker\/","title":{"rendered":"Aprendizaje personalizado y education maker"},"content":{"rendered":"","protected":false},"excerpt":{"rendered":"<p>Este texto pretende aportar estudios acerca del aprendizaje personalizado y del education maker. Se trata de dos metodolog\u00edas que est\u00e1n implantadas en otros sistemas educativos, como es el caso de Finlandia o los Estados Unidos. El aprendizaje personalizado se aplica deseablemente a todo el alumnado. Es especialmente necesario que est\u00e9 dirigido a alumnos en situaci\u00f3n diversidad y a segmentos vulnerables. Por su parte, el m\u00e9todo de education maker nace en materias tecnol\u00f3gicas, pero esta estrategia o alguno de los componentes pueden trasladarse a otras disciplinas.<\/p>\n<p>Entendemos que poco a poco estas dos estrategias han de ir implant\u00e1ndose en el mundo hispanohablante. Ante la carencia de textos introductorios en castellano dentro del panorama editorial y, adem\u00e1s, ante el atractivo de estas nuevas metodolog\u00edas innovadoras, con este volumen se busca difundir y adentrarse en estas estrategias docentes con estudios y casos concretos.<\/p>\n<p>El libro va dirigido a otros agentes educativos, padres, investigadores, etc. Asimismo, incorpora otros enfoques cr\u00edticos con respecto a la educaci\u00f3n. En esta obra participan acad\u00e9micos con un inter\u00e9s en la educaci\u00f3n y en la innovaci\u00f3n. Cuentan todos ellos con formaci\u00f3n multidisciplinar y pertenecen a diversas universidades espa\u00f1olas y una norteamericana, con lo cual aportan una riqueza coral de contenidos.<\/p>\n","protected":false},"featured_media":55042,"comment_status":"open","ping_status":"closed","template":"","meta":{"_et_pb_use_builder":"","_et_pb_old_content":"","_et_gb_content_width":""},"product_cat":[11899,11913,11859,11907],"product_tag":[11893],"edicion":[12178,11865],"editoriales":[11867],"tienda":[],"autor_id":[12388,20563],"universidades_coeditoras":[],"palabras_clave":[],"listado_alfabetico":[],"acf":[],"_links":{"self":[{"href":"https:\/\/wizardly-davinci.82-223-8-23.plesk.page\/en\/wp-json\/wp\/v2\/product\/55071"}],"collection":[{"href":"https:\/\/wizardly-davinci.82-223-8-23.plesk.page\/en\/wp-json\/wp\/v2\/product"}],"about":[{"href":"https:\/\/wizardly-davinci.82-223-8-23.plesk.page\/en\/wp-json\/wp\/v2\/types\/product"}],"replies":[{"embeddable":true,"href":"https:\/\/wizardly-davinci.82-223-8-23.plesk.page\/en\/wp-json\/wp\/v2\/comments?post=55071"}],"wp:featuredmedia":[{"embeddable":true,"href":"https:\/\/wizardly-davinci.82-223-8-23.plesk.page\/en\/wp-json\/wp\/v2\/media\/55042"}],"wp:attachment":[{"href":"https:\/\/wizardly-davinci.82-223-8-23.plesk.page\/en\/wp-json\/wp\/v2\/media?parent=55071"}],"wp:term":[{"taxonomy":"product_cat","embeddable":true,"href":"https:\/\/wizardly-davinci.82-223-8-23.plesk.page\/en\/wp-json\/wp\/v2\/product_cat?post=55071"},{"taxonomy":"product_tag","embeddable":true,"href":"https:\/\/wizardly-davinci.82-223-8-23.plesk.page\/en\/wp-json\/wp\/v2\/product_tag?post=55071"},{"taxonomy":"edicion","embeddable":true,"href":"https:\/\/wizardly-davinci.82-223-8-23.plesk.page\/en\/wp-json\/wp\/v2\/edicion?post=55071"},{"taxonomy":"editoriales","embeddable":true,"href":"https:\/\/wizardly-davinci.82-223-8-23.plesk.page\/en\/wp-json\/wp\/v2\/editoriales?post=55071"},{"taxonomy":"tienda","embeddable":true,"href":"https:\/\/wizardly-davinci.82-223-8-23.plesk.page\/en\/wp-json\/wp\/v2\/tienda?post=55071"},{"taxonomy":"autor_id","embeddable":true,"href":"https:\/\/wizardly-davinci.82-223-8-23.plesk.page\/en\/wp-json\/wp\/v2\/autor_id?post=55071"},{"taxonomy":"universidades_coeditoras","embeddable":true,"href":"https:\/\/wizardly-davinci.82-223-8-23.plesk.page\/en\/wp-json\/wp\/v2\/universidades_coeditoras?post=55071"},{"taxonomy":"palabras_clave","embeddable":true,"href":"https:\/\/wizardly-davinci.82-223-8-23.plesk.page\/en\/wp-json\/wp\/v2\/palabras_clave?post=55071"},{"taxonomy":"listado_alfabetico","embeddable":true,"href":"https:\/\/wizardly-davinci.82-223-8-23.plesk.page\/en\/wp-json\/wp\/v2\/listado_alfabetico?post=55071"}],"curies":[{"name":"wp","href":"https:\/\/api.w.org\/{rel}","templated":true}]}}