{"id":55072,"date":"2022-01-20T16:53:22","date_gmt":"2022-01-20T15:53:22","guid":{"rendered":"https:\/\/octaedro.com\/libro\/desvaneciendo-ilusiones\/"},"modified":"2023-02-22T13:39:15","modified_gmt":"2023-02-22T12:39:15","slug":"desvaneciendo-ilusiones-2","status":"publish","type":"product","link":"https:\/\/wizardly-davinci.82-223-8-23.plesk.page\/en\/producto\/desvaneciendo-ilusiones-2\/","title":{"rendered":"Desvaneciendo ilusiones"},"content":{"rendered":"<p>Hasta no hace mucho, las infecciones mortales eran temidas en Occidente. Desde entonces, muchos pa\u00edses desarrollados se han transformado: de ser cloacas donde prosperaba todo tipo de enfermedades han pasado a ser h\u00e1bitats mucho m\u00e1s seguros y saludables. Las enfermedades infecciosas fueron disminuyendo de forma constante desde mediados del siglo XIX, y a principios del XX alcanzaron unos niveles relativamente menores.<br \/>\nLa historia de esta transformaci\u00f3n incluye el hambre, la pobreza, la suciedad, las curas olvidadas, las ideas eugen\u00e9sicas, las libertades personales frente al poder del Estado, las protestas y las detenciones por el rechazo de las vacunas, y mucho m\u00e1s.<br \/>\nHoy se nos dice que las intervenciones m\u00e9dicas, y exclusivamente ellas, prolongaron la esperanza de vida y evitaron muertes masivas. \u00bfPero fue realmente as\u00ed?<br \/>\n<strong>Desvaneciendo ilusiones<\/strong> expone con detalle hechos y cifras aparecidos en revistas, libros, peri\u00f3dicos y otras fuentes m\u00e9dicas hace tiempo olvidadas. Mediante gr\u00e1ficos que desmienten muchos mitos, este libro demuestra que el descenso de la mortalidad debida a enfermedades infecciosas no se debi\u00f3 a las vacunas, los antibi\u00f3ticos y otras intervenciones. Si la profesi\u00f3n m\u00e9dica fue capaz de interpretar mal e ignorar de forma sistem\u00e1tica informaciones hist\u00f3ricas fundamentales, es obligado preguntarse: \u00bfQu\u00e9 otras cosas se olvidan y se comprenden mal en la actualidad?<br \/>\nLa raz\u00f3n principal de conocer nuestra historia tal vez sea impedir que alguna vez se pueda repetir su peor parte.<\/p>\n","protected":false},"excerpt":{"rendered":"<p>Hasta no hace mucho, las infecciones mortales eran temidas en Occidente. Desde entonces, muchos pa\u00edses desarrollados se han transformado: de ser cloacas donde prosperaba todo tipo de enfermedades han pasado a ser h\u00e1bitats mucho m\u00e1s seguros y saludables. Las enfermedades infecciosas fueron disminuyendo de forma constante desde mediados del siglo XIX, y a principios del XX alcanzaron unos niveles relativamente menores.<br \/>\nLa historia de esta transformaci\u00f3n incluye el hambre, la pobreza, la suciedad, las curas olvidadas, las ideas eugen\u00e9sicas, las libertades personales frente al poder del Estado, las protestas y las detenciones por el rechazo de las vacunas, y mucho m\u00e1s.<br \/>\nHoy se nos dice que las intervenciones m\u00e9dicas, y exclusivamente ellas, prolongaron la esperanza de vida y evitaron muertes masivas. \u00bfPero fue realmente as\u00ed?<br \/>\n<strong>Desvaneciendo ilusiones<\/strong> expone con detalle hechos y cifras aparecidos en revistas, libros, peri\u00f3dicos y otras fuentes m\u00e9dicas hace tiempo olvidadas. Mediante gr\u00e1ficos que desmienten muchos mitos, este libro demuestra que el descenso de la mortalidad debida a enfermedades infecciosas no se debi\u00f3 a las vacunas, los antibi\u00f3ticos y otras intervenciones. Si la profesi\u00f3n m\u00e9dica fue capaz de interpretar mal e ignorar de forma sistem\u00e1tica informaciones hist\u00f3ricas fundamentales, es obligado preguntarse: \u00bfQu\u00e9 otras cosas se olvidan y se comprenden mal en la actualidad?<br \/>\nLa raz\u00f3n principal de conocer nuestra historia tal vez sea impedir que alguna vez se pueda repetir su peor parte.<\/p>\n","protected":false},"featured_media":54555,"comment_status":"open","ping_status":"closed","template":"","meta":{"_et_pb_use_builder":"","_et_pb_old_content":"","_et_gb_content_width":""},"product_cat":[11899,11859,11912],"product_tag":[11892],"edicion":[12199,11865],"editoriales":[11867],"tienda":[],"autor_id":[14156,14456],"universidades_coeditoras":[],"palabras_clave":[],"listado_alfabetico":[],"acf":[],"_links":{"self":[{"href":"https:\/\/wizardly-davinci.82-223-8-23.plesk.page\/en\/wp-json\/wp\/v2\/product\/55072"}],"collection":[{"href":"https:\/\/wizardly-davinci.82-223-8-23.plesk.page\/en\/wp-json\/wp\/v2\/product"}],"about":[{"href":"https:\/\/wizardly-davinci.82-223-8-23.plesk.page\/en\/wp-json\/wp\/v2\/types\/product"}],"replies":[{"embeddable":true,"href":"https:\/\/wizardly-davinci.82-223-8-23.plesk.page\/en\/wp-json\/wp\/v2\/comments?post=55072"}],"wp:featuredmedia":[{"embeddable":true,"href":"https:\/\/wizardly-davinci.82-223-8-23.plesk.page\/en\/wp-json\/wp\/v2\/media\/54555"}],"wp:attachment":[{"href":"https:\/\/wizardly-davinci.82-223-8-23.plesk.page\/en\/wp-json\/wp\/v2\/media?parent=55072"}],"wp:term":[{"taxonomy":"product_cat","embeddable":true,"href":"https:\/\/wizardly-davinci.82-223-8-23.plesk.page\/en\/wp-json\/wp\/v2\/product_cat?post=55072"},{"taxonomy":"product_tag","embeddable":true,"href":"https:\/\/wizardly-davinci.82-223-8-23.plesk.page\/en\/wp-json\/wp\/v2\/product_tag?post=55072"},{"taxonomy":"edicion","embeddable":true,"href":"https:\/\/wizardly-davinci.82-223-8-23.plesk.page\/en\/wp-json\/wp\/v2\/edicion?post=55072"},{"taxonomy":"editoriales","embeddable":true,"href":"https:\/\/wizardly-davinci.82-223-8-23.plesk.page\/en\/wp-json\/wp\/v2\/editoriales?post=55072"},{"taxonomy":"tienda","embeddable":true,"href":"https:\/\/wizardly-davinci.82-223-8-23.plesk.page\/en\/wp-json\/wp\/v2\/tienda?post=55072"},{"taxonomy":"autor_id","embeddable":true,"href":"https:\/\/wizardly-davinci.82-223-8-23.plesk.page\/en\/wp-json\/wp\/v2\/autor_id?post=55072"},{"taxonomy":"universidades_coeditoras","embeddable":true,"href":"https:\/\/wizardly-davinci.82-223-8-23.plesk.page\/en\/wp-json\/wp\/v2\/universidades_coeditoras?post=55072"},{"taxonomy":"palabras_clave","embeddable":true,"href":"https:\/\/wizardly-davinci.82-223-8-23.plesk.page\/en\/wp-json\/wp\/v2\/palabras_clave?post=55072"},{"taxonomy":"listado_alfabetico","embeddable":true,"href":"https:\/\/wizardly-davinci.82-223-8-23.plesk.page\/en\/wp-json\/wp\/v2\/listado_alfabetico?post=55072"}],"curies":[{"name":"wp","href":"https:\/\/api.w.org\/{rel}","templated":true}]}}