{"id":55101,"date":"2019-04-09T23:59:36","date_gmt":"2019-04-09T21:59:36","guid":{"rendered":"https:\/\/octaedro.com\/libro\/ruben-y-los-superheroes\/"},"modified":"2023-02-22T13:39:20","modified_gmt":"2023-02-22T12:39:20","slug":"ruben-y-los-superheroes-2","status":"publish","type":"product","link":"https:\/\/wizardly-davinci.82-223-8-23.plesk.page\/en\/producto\/ruben-y-los-superheroes-2\/","title":{"rendered":"Rub\u00e9n y los superh\u00e9roes"},"content":{"rendered":"<p>Sergio Mart\u00edn Tarras\u00f3n, Lourdes Rius Ortiz Ilustraciones: Eduard Blanch Rodr\u00edguez Rub\u00e9n y los superh\u00e9roes <em>Rub\u00e9n y los superh\u00e9roes<\/em> es un cuento del proyecto Superh\u00e9roes (<a href=\"%22http:\/\/www.superherois.cat\/%22\">www.superherois.cat<\/a>, que pretende acercarnos a los trastornos del espectro autista o TEA desde una perspectiva cercana y de car\u00e1cter po\u00e9tico y metaf\u00f3rico.<\/p>\n<p>Los dos cuentos del proyecto se centran en dos perspectivas que han sido poco tratadas hasta ahora: la de los progenitores con un hijo con TEA y la de una ni\u00f1a que padece este trastorno.<\/p>\n<p>En este cuento se narran algunas de las vivencias de los ni\u00f1os y las ni\u00f1as que padecen este tipo de trastornos del desarrollo y sus familiares, lo que nos permite acercarnos de una forma educativa y sencilla a algunas de las dificultades y los retos con los que conviven todos ellos. Al final del cuento se incluye un apartado dirigido a los adultos que acompa\u00f1an en la lectura, donde se da informaci\u00f3n del proyecto y se ofrecen reflexiones y actividades para tratar los contenidos con mayor profundidad.<\/p>\n<p>La ilustraciones son de <strong>Eduard Blanch Rodr\u00edguez<\/strong> es dise\u00f1ador e ilustrador, aplica sus conocimientos a las artes visuales, el cartelismo y el <em>packaging<\/em> y trabaja la obra pl\u00e1stica y gr\u00e1fica (<a href=\"%22http:\/\/www.edublanch.com\/%22\"> www.edublanch.com<\/a>).<\/p>\n","protected":false},"excerpt":{"rendered":"<p>Sergio Mart\u00edn Tarras\u00f3n, Lourdes Rius Ortiz Ilustraciones: Eduard Blanch Rodr\u00edguez Rub\u00e9n y los superh\u00e9roes <em>Rub\u00e9n y los superh\u00e9roes<\/em> es un cuento del proyecto Superh\u00e9roes (<a href=\"%22http:\/\/www.superherois.cat\/%22\">www.superherois.cat<\/a>, que pretende acercarnos a los trastornos del espectro autista o TEA desde una perspectiva cercana y de car\u00e1cter po\u00e9tico y metaf\u00f3rico.<\/p>\n<p>Los dos cuentos del proyecto se centran en dos perspectivas que han sido poco tratadas hasta ahora: la de los progenitores con un hijo con TEA y la de una ni\u00f1a que padece este trastorno.<\/p>\n<p>En este cuento se narran algunas de las vivencias de los ni\u00f1os y las ni\u00f1as que padecen este tipo de trastornos del desarrollo y sus familiares, lo que nos permite acercarnos de una forma educativa y sencilla a algunas de las dificultades y los retos con los que conviven todos ellos. Al final del cuento se incluye un apartado dirigido a los adultos que acompa\u00f1an en la lectura, donde se da informaci\u00f3n del proyecto y se ofrecen reflexiones y actividades para tratar los contenidos con mayor profundidad.<\/p>\n<p>La ilustraciones son de <strong>Eduard Blanch Rodr\u00edguez<\/strong> es dise\u00f1ador e ilustrador, aplica sus conocimientos a las artes visuales, el cartelismo y el <em>packaging<\/em> y trabaja la obra pl\u00e1stica y gr\u00e1fica (<a href=\"%22http:\/\/www.edublanch.com\/%22\"> www.edublanch.com<\/a>).<\/p>\n","protected":false},"featured_media":55102,"comment_status":"open","ping_status":"closed","template":"","meta":{"_et_pb_use_builder":"","_et_pb_old_content":"","_et_gb_content_width":""},"product_cat":[11858,11859,11879],"product_tag":[11860],"edicion":[11865],"editoriales":[11867],"tienda":[],"autor_id":[20004],"universidades_coeditoras":[],"palabras_clave":[],"listado_alfabetico":[],"acf":[],"_links":{"self":[{"href":"https:\/\/wizardly-davinci.82-223-8-23.plesk.page\/en\/wp-json\/wp\/v2\/product\/55101"}],"collection":[{"href":"https:\/\/wizardly-davinci.82-223-8-23.plesk.page\/en\/wp-json\/wp\/v2\/product"}],"about":[{"href":"https:\/\/wizardly-davinci.82-223-8-23.plesk.page\/en\/wp-json\/wp\/v2\/types\/product"}],"replies":[{"embeddable":true,"href":"https:\/\/wizardly-davinci.82-223-8-23.plesk.page\/en\/wp-json\/wp\/v2\/comments?post=55101"}],"wp:featuredmedia":[{"embeddable":true,"href":"https:\/\/wizardly-davinci.82-223-8-23.plesk.page\/en\/wp-json\/wp\/v2\/media\/55102"}],"wp:attachment":[{"href":"https:\/\/wizardly-davinci.82-223-8-23.plesk.page\/en\/wp-json\/wp\/v2\/media?parent=55101"}],"wp:term":[{"taxonomy":"product_cat","embeddable":true,"href":"https:\/\/wizardly-davinci.82-223-8-23.plesk.page\/en\/wp-json\/wp\/v2\/product_cat?post=55101"},{"taxonomy":"product_tag","embeddable":true,"href":"https:\/\/wizardly-davinci.82-223-8-23.plesk.page\/en\/wp-json\/wp\/v2\/product_tag?post=55101"},{"taxonomy":"edicion","embeddable":true,"href":"https:\/\/wizardly-davinci.82-223-8-23.plesk.page\/en\/wp-json\/wp\/v2\/edicion?post=55101"},{"taxonomy":"editoriales","embeddable":true,"href":"https:\/\/wizardly-davinci.82-223-8-23.plesk.page\/en\/wp-json\/wp\/v2\/editoriales?post=55101"},{"taxonomy":"tienda","embeddable":true,"href":"https:\/\/wizardly-davinci.82-223-8-23.plesk.page\/en\/wp-json\/wp\/v2\/tienda?post=55101"},{"taxonomy":"autor_id","embeddable":true,"href":"https:\/\/wizardly-davinci.82-223-8-23.plesk.page\/en\/wp-json\/wp\/v2\/autor_id?post=55101"},{"taxonomy":"universidades_coeditoras","embeddable":true,"href":"https:\/\/wizardly-davinci.82-223-8-23.plesk.page\/en\/wp-json\/wp\/v2\/universidades_coeditoras?post=55101"},{"taxonomy":"palabras_clave","embeddable":true,"href":"https:\/\/wizardly-davinci.82-223-8-23.plesk.page\/en\/wp-json\/wp\/v2\/palabras_clave?post=55101"},{"taxonomy":"listado_alfabetico","embeddable":true,"href":"https:\/\/wizardly-davinci.82-223-8-23.plesk.page\/en\/wp-json\/wp\/v2\/listado_alfabetico?post=55101"}],"curies":[{"name":"wp","href":"https:\/\/api.w.org\/{rel}","templated":true}]}}