{"id":55103,"date":"2019-04-09T23:59:35","date_gmt":"2019-04-09T21:59:35","guid":{"rendered":"https:\/\/octaedro.com\/libro\/marina-una-superheroina-distinta\/"},"modified":"2023-02-22T13:39:20","modified_gmt":"2023-02-22T12:39:20","slug":"marina-una-superheroina-distinta-2","status":"publish","type":"product","link":"https:\/\/wizardly-davinci.82-223-8-23.plesk.page\/en\/producto\/marina-una-superheroina-distinta-2\/","title":{"rendered":"Marina: una superhero\u00edna distinta"},"content":{"rendered":"<p><em>Marina: una superhero\u00edna distinta<\/em> es un cuento del proyecto Superh\u00e9roes (<a href=\"%22http:\/\/www.superherois.cat\/%22\">www.superherois.cat<\/a>), que pretende acercarnos a los trastornos del espectro autista o TEA desde una perspectiva cercana y de car\u00e1cter po\u00e9tico y metaf\u00f3rico.<\/p>\n<p>Los dos cuentos del proyecto se centran en dos perspectivas que han sido poco tratadas hasta ahora: la de los progenitores con un hijo con TEA y la de una ni\u00f1a que padece este trastorno.<\/p>\n<p>En este cuento se narran algunas de las vivencias de los ni\u00f1os y ni\u00f1as que padecen este tipo de trastornos del desarrollo y sus familiares, lo que nos permite acercarnos de una forma educativa y sencilla a algunas de las dificultades y los retos con los que conviven todos ellos. Al final del cuento se incluye un apartado dirigido a los adultos que acompa\u00f1an en la lectura, en que se da informaci\u00f3n del proyecto y se ofrecen reflexiones y actividades para tratar los contenidos con mayor profundidad.<\/p>\n<p>Las ilustraciones son de:<\/p>\n<p><strong>\u00d2scar Sarramia<\/strong>, ilustrador y director art\u00edstico de este cuento. Trabaja en ilustraci\u00f3n de peri\u00f3dicos, revistas, cuentos, dibujos animados, etc. Ha trabajado en series y pel\u00edculas, y combina toda esta tarea con la docencia (<a href=\"%22http:\/\/www.oscarsarramia.com\/%22\"> www.oscarsarramia.com<\/a>).<\/p>\n<p><strong>Alicia Rodr\u00edguez<\/strong>, <strong>Laura P\u00e9rez<\/strong>, <strong>Marina Luque<\/strong>, <strong>Raquel Galobart<\/strong> y <strong>Sergi Lapuerta<\/strong>, ilustradores en formaci\u00f3n del segundo curso del Ciclo de Grado Superior de Ilustraci\u00f3n de la Escuela de Arte La Industrial de Barcelona. Cada ilustrador ha tenido libertad para interpretar las l\u00e1minas que se le ped\u00edan, a la vez que se ha mantenido una l\u00ednea de continuidad entre los diferentes estilos gracias a la direcci\u00f3n art\u00edstica.<\/p>\n","protected":false},"excerpt":{"rendered":"<p><em>Marina: una superhero\u00edna distinta<\/em> es un cuento del proyecto Superh\u00e9roes (<a href=\"%22http:\/\/www.superherois.cat\/%22\">www.superherois.cat<\/a>), que pretende acercarnos a los trastornos del espectro autista o TEA desde una perspectiva cercana y de car\u00e1cter po\u00e9tico y metaf\u00f3rico.<\/p>\n<p>Los dos cuentos del proyecto se centran en dos perspectivas que han sido poco tratadas hasta ahora: la de los progenitores con un hijo con TEA y la de una ni\u00f1a que padece este trastorno.<\/p>\n<p>En este cuento se narran algunas de las vivencias de los ni\u00f1os y ni\u00f1as que padecen este tipo de trastornos del desarrollo y sus familiares, lo que nos permite acercarnos de una forma educativa y sencilla a algunas de las dificultades y los retos con los que conviven todos ellos. Al final del cuento se incluye un apartado dirigido a los adultos que acompa\u00f1an en la lectura, en que se da informaci\u00f3n del proyecto y se ofrecen reflexiones y actividades para tratar los contenidos con mayor profundidad.<\/p>\n<p>Las ilustraciones son de:<\/p>\n<p><strong>\u00d2scar Sarramia<\/strong>, ilustrador y director art\u00edstico de este cuento. Trabaja en ilustraci\u00f3n de peri\u00f3dicos, revistas, cuentos, dibujos animados, etc. Ha trabajado en series y pel\u00edculas, y combina toda esta tarea con la docencia (<a href=\"%22http:\/\/www.oscarsarramia.com\/%22\"> www.oscarsarramia.com<\/a>).<\/p>\n<p><strong>Alicia Rodr\u00edguez<\/strong>, <strong>Laura P\u00e9rez<\/strong>, <strong>Marina Luque<\/strong>, <strong>Raquel Galobart<\/strong> y <strong>Sergi Lapuerta<\/strong>, ilustradores en formaci\u00f3n del segundo curso del Ciclo de Grado Superior de Ilustraci\u00f3n de la Escuela de Arte La Industrial de Barcelona. Cada ilustrador ha tenido libertad para interpretar las l\u00e1minas que se le ped\u00edan, a la vez que se ha mantenido una l\u00ednea de continuidad entre los diferentes estilos gracias a la direcci\u00f3n art\u00edstica.<\/p>\n","protected":false},"featured_media":55104,"comment_status":"open","ping_status":"closed","template":"","meta":{"_et_pb_use_builder":"","_et_pb_old_content":"","_et_gb_content_width":""},"product_cat":[11858,11859,11879],"product_tag":[11860],"edicion":[11865],"editoriales":[11867],"tienda":[],"autor_id":[20004],"universidades_coeditoras":[],"palabras_clave":[],"listado_alfabetico":[],"acf":[],"_links":{"self":[{"href":"https:\/\/wizardly-davinci.82-223-8-23.plesk.page\/en\/wp-json\/wp\/v2\/product\/55103"}],"collection":[{"href":"https:\/\/wizardly-davinci.82-223-8-23.plesk.page\/en\/wp-json\/wp\/v2\/product"}],"about":[{"href":"https:\/\/wizardly-davinci.82-223-8-23.plesk.page\/en\/wp-json\/wp\/v2\/types\/product"}],"replies":[{"embeddable":true,"href":"https:\/\/wizardly-davinci.82-223-8-23.plesk.page\/en\/wp-json\/wp\/v2\/comments?post=55103"}],"wp:featuredmedia":[{"embeddable":true,"href":"https:\/\/wizardly-davinci.82-223-8-23.plesk.page\/en\/wp-json\/wp\/v2\/media\/55104"}],"wp:attachment":[{"href":"https:\/\/wizardly-davinci.82-223-8-23.plesk.page\/en\/wp-json\/wp\/v2\/media?parent=55103"}],"wp:term":[{"taxonomy":"product_cat","embeddable":true,"href":"https:\/\/wizardly-davinci.82-223-8-23.plesk.page\/en\/wp-json\/wp\/v2\/product_cat?post=55103"},{"taxonomy":"product_tag","embeddable":true,"href":"https:\/\/wizardly-davinci.82-223-8-23.plesk.page\/en\/wp-json\/wp\/v2\/product_tag?post=55103"},{"taxonomy":"edicion","embeddable":true,"href":"https:\/\/wizardly-davinci.82-223-8-23.plesk.page\/en\/wp-json\/wp\/v2\/edicion?post=55103"},{"taxonomy":"editoriales","embeddable":true,"href":"https:\/\/wizardly-davinci.82-223-8-23.plesk.page\/en\/wp-json\/wp\/v2\/editoriales?post=55103"},{"taxonomy":"tienda","embeddable":true,"href":"https:\/\/wizardly-davinci.82-223-8-23.plesk.page\/en\/wp-json\/wp\/v2\/tienda?post=55103"},{"taxonomy":"autor_id","embeddable":true,"href":"https:\/\/wizardly-davinci.82-223-8-23.plesk.page\/en\/wp-json\/wp\/v2\/autor_id?post=55103"},{"taxonomy":"universidades_coeditoras","embeddable":true,"href":"https:\/\/wizardly-davinci.82-223-8-23.plesk.page\/en\/wp-json\/wp\/v2\/universidades_coeditoras?post=55103"},{"taxonomy":"palabras_clave","embeddable":true,"href":"https:\/\/wizardly-davinci.82-223-8-23.plesk.page\/en\/wp-json\/wp\/v2\/palabras_clave?post=55103"},{"taxonomy":"listado_alfabetico","embeddable":true,"href":"https:\/\/wizardly-davinci.82-223-8-23.plesk.page\/en\/wp-json\/wp\/v2\/listado_alfabetico?post=55103"}],"curies":[{"name":"wp","href":"https:\/\/api.w.org\/{rel}","templated":true}]}}