{"id":55107,"date":"2019-04-09T23:59:34","date_gmt":"2019-04-09T21:59:34","guid":{"rendered":"https:\/\/octaedro.com\/libro\/estrellas-como-palomitas-y-otros\/"},"modified":"2023-02-22T13:39:20","modified_gmt":"2023-02-22T12:39:20","slug":"estrellas-como-palomitas-y-otros-descubrimientos-2","status":"publish","type":"product","link":"https:\/\/wizardly-davinci.82-223-8-23.plesk.page\/en\/producto\/estrellas-como-palomitas-y-otros-descubrimientos-2\/","title":{"rendered":"Estrellas como palomitas y otros"},"content":{"rendered":"<p>\u00bfEstrellas? \u00a1Como palomitas son! Que se expanden por el cielo. \u00bfY el Sol?<br \/>\n\u00a1Es una yema que se est\u00e1 asando en el cielo desde anta\u00f1o!<br \/>\n\u00bfY el fuego, qu\u00e9 ser\u00e1? \u00a1Pues es f\u00e1cil de adivinar: el fuego es saliva de drag\u00f3n, ese animal grandull\u00f3n que vive en cuentos de hadas, leyendas e historias encantadas!<br \/>\n\u00a1Estas y otras divertidas y curiosas revelaciones po\u00e9ticas en este libro propician un viaje por las cosas bonitas del Universo, ese lugar escrito en verso, planta, patinete, sorbete, beso, chicle, juguete, pastel de reques\u00f3n y animal de compa\u00f1\u00eda!<br \/>\nL\u00e9elo como si saboreases deliciosas palomitas, o si lo prefieres, como si mirases las estrellas en el cielo infinito.<\/p>\n","protected":false},"excerpt":{"rendered":"<p>\u00bfEstrellas? \u00a1Como palomitas son! Que se expanden por el cielo. \u00bfY el Sol?<br \/>\n\u00a1Es una yema que se est\u00e1 asando en el cielo desde anta\u00f1o!<br \/>\n\u00bfY el fuego, qu\u00e9 ser\u00e1? \u00a1Pues es f\u00e1cil de adivinar: el fuego es saliva de drag\u00f3n, ese animal grandull\u00f3n que vive en cuentos de hadas, leyendas e historias encantadas!<br \/>\n\u00a1Estas y otras divertidas y curiosas revelaciones po\u00e9ticas en este libro propician un viaje por las cosas bonitas del Universo, ese lugar escrito en verso, planta, patinete, sorbete, beso, chicle, juguete, pastel de reques\u00f3n y animal de compa\u00f1\u00eda!<br \/>\nL\u00e9elo como si saboreases deliciosas palomitas, o si lo prefieres, como si mirases las estrellas en el cielo infinito.<\/p>\n","protected":false},"featured_media":55108,"comment_status":"open","ping_status":"closed","template":"","meta":{"_et_pb_use_builder":"","_et_pb_old_content":"","_et_gb_content_width":""},"product_cat":[11858,11859,11879],"product_tag":[11860],"edicion":[],"editoriales":[11867],"tienda":[],"autor_id":[13997,19399],"universidades_coeditoras":[],"palabras_clave":[],"listado_alfabetico":[],"acf":[],"_links":{"self":[{"href":"https:\/\/wizardly-davinci.82-223-8-23.plesk.page\/en\/wp-json\/wp\/v2\/product\/55107"}],"collection":[{"href":"https:\/\/wizardly-davinci.82-223-8-23.plesk.page\/en\/wp-json\/wp\/v2\/product"}],"about":[{"href":"https:\/\/wizardly-davinci.82-223-8-23.plesk.page\/en\/wp-json\/wp\/v2\/types\/product"}],"replies":[{"embeddable":true,"href":"https:\/\/wizardly-davinci.82-223-8-23.plesk.page\/en\/wp-json\/wp\/v2\/comments?post=55107"}],"wp:featuredmedia":[{"embeddable":true,"href":"https:\/\/wizardly-davinci.82-223-8-23.plesk.page\/en\/wp-json\/wp\/v2\/media\/55108"}],"wp:attachment":[{"href":"https:\/\/wizardly-davinci.82-223-8-23.plesk.page\/en\/wp-json\/wp\/v2\/media?parent=55107"}],"wp:term":[{"taxonomy":"product_cat","embeddable":true,"href":"https:\/\/wizardly-davinci.82-223-8-23.plesk.page\/en\/wp-json\/wp\/v2\/product_cat?post=55107"},{"taxonomy":"product_tag","embeddable":true,"href":"https:\/\/wizardly-davinci.82-223-8-23.plesk.page\/en\/wp-json\/wp\/v2\/product_tag?post=55107"},{"taxonomy":"edicion","embeddable":true,"href":"https:\/\/wizardly-davinci.82-223-8-23.plesk.page\/en\/wp-json\/wp\/v2\/edicion?post=55107"},{"taxonomy":"editoriales","embeddable":true,"href":"https:\/\/wizardly-davinci.82-223-8-23.plesk.page\/en\/wp-json\/wp\/v2\/editoriales?post=55107"},{"taxonomy":"tienda","embeddable":true,"href":"https:\/\/wizardly-davinci.82-223-8-23.plesk.page\/en\/wp-json\/wp\/v2\/tienda?post=55107"},{"taxonomy":"autor_id","embeddable":true,"href":"https:\/\/wizardly-davinci.82-223-8-23.plesk.page\/en\/wp-json\/wp\/v2\/autor_id?post=55107"},{"taxonomy":"universidades_coeditoras","embeddable":true,"href":"https:\/\/wizardly-davinci.82-223-8-23.plesk.page\/en\/wp-json\/wp\/v2\/universidades_coeditoras?post=55107"},{"taxonomy":"palabras_clave","embeddable":true,"href":"https:\/\/wizardly-davinci.82-223-8-23.plesk.page\/en\/wp-json\/wp\/v2\/palabras_clave?post=55107"},{"taxonomy":"listado_alfabetico","embeddable":true,"href":"https:\/\/wizardly-davinci.82-223-8-23.plesk.page\/en\/wp-json\/wp\/v2\/listado_alfabetico?post=55107"}],"curies":[{"name":"wp","href":"https:\/\/api.w.org\/{rel}","templated":true}]}}