{"id":55121,"date":"2019-04-09T23:59:32","date_gmt":"2019-04-09T21:59:32","guid":{"rendered":"https:\/\/octaedro.com\/libro\/el-patito-feo\/"},"modified":"2023-02-22T13:39:25","modified_gmt":"2023-02-22T12:39:25","slug":"el-patito-feo-2","status":"publish","type":"product","link":"https:\/\/wizardly-davinci.82-223-8-23.plesk.page\/en\/producto\/el-patito-feo-2\/","title":{"rendered":"El patito feo"},"content":{"rendered":"<p>Esta adaptaci\u00f3n de <span class=\"destacat\">El patito feo<\/span> recrea los sentimientos y enriquece la capacidad de audici\u00f3n de los ni\u00f1os y ni\u00f1as. Toda la m\u00fasica que contiene es de creaci\u00f3n. Con ella deseo rendir homenaje al maravilloso cuento de Hans Christian Andersen y agradecerle todo lo que aporto a mi propia infancia.<\/p>\n","protected":false},"excerpt":{"rendered":"<p>Esta adaptaci\u00f3n de <span class=\"destacat\">El patito feo<\/span> recrea los sentimientos y enriquece la capacidad de audici\u00f3n de los ni\u00f1os y ni\u00f1as. Toda la m\u00fasica que contiene es de creaci\u00f3n. Con ella deseo rendir homenaje al maravilloso cuento de Hans Christian Andersen y agradecerle todo lo que aporto a mi propia infancia.<\/p>\n","protected":false},"featured_media":55122,"comment_status":"open","ping_status":"closed","template":"","meta":{"_et_pb_use_builder":"","_et_pb_old_content":"","_et_gb_content_width":""},"product_cat":[11858,11859,11879],"product_tag":[11860],"edicion":[],"editoriales":[11867],"tienda":[],"autor_id":[14305],"universidades_coeditoras":[],"palabras_clave":[],"listado_alfabetico":[],"acf":[],"_links":{"self":[{"href":"https:\/\/wizardly-davinci.82-223-8-23.plesk.page\/en\/wp-json\/wp\/v2\/product\/55121"}],"collection":[{"href":"https:\/\/wizardly-davinci.82-223-8-23.plesk.page\/en\/wp-json\/wp\/v2\/product"}],"about":[{"href":"https:\/\/wizardly-davinci.82-223-8-23.plesk.page\/en\/wp-json\/wp\/v2\/types\/product"}],"replies":[{"embeddable":true,"href":"https:\/\/wizardly-davinci.82-223-8-23.plesk.page\/en\/wp-json\/wp\/v2\/comments?post=55121"}],"wp:featuredmedia":[{"embeddable":true,"href":"https:\/\/wizardly-davinci.82-223-8-23.plesk.page\/en\/wp-json\/wp\/v2\/media\/55122"}],"wp:attachment":[{"href":"https:\/\/wizardly-davinci.82-223-8-23.plesk.page\/en\/wp-json\/wp\/v2\/media?parent=55121"}],"wp:term":[{"taxonomy":"product_cat","embeddable":true,"href":"https:\/\/wizardly-davinci.82-223-8-23.plesk.page\/en\/wp-json\/wp\/v2\/product_cat?post=55121"},{"taxonomy":"product_tag","embeddable":true,"href":"https:\/\/wizardly-davinci.82-223-8-23.plesk.page\/en\/wp-json\/wp\/v2\/product_tag?post=55121"},{"taxonomy":"edicion","embeddable":true,"href":"https:\/\/wizardly-davinci.82-223-8-23.plesk.page\/en\/wp-json\/wp\/v2\/edicion?post=55121"},{"taxonomy":"editoriales","embeddable":true,"href":"https:\/\/wizardly-davinci.82-223-8-23.plesk.page\/en\/wp-json\/wp\/v2\/editoriales?post=55121"},{"taxonomy":"tienda","embeddable":true,"href":"https:\/\/wizardly-davinci.82-223-8-23.plesk.page\/en\/wp-json\/wp\/v2\/tienda?post=55121"},{"taxonomy":"autor_id","embeddable":true,"href":"https:\/\/wizardly-davinci.82-223-8-23.plesk.page\/en\/wp-json\/wp\/v2\/autor_id?post=55121"},{"taxonomy":"universidades_coeditoras","embeddable":true,"href":"https:\/\/wizardly-davinci.82-223-8-23.plesk.page\/en\/wp-json\/wp\/v2\/universidades_coeditoras?post=55121"},{"taxonomy":"palabras_clave","embeddable":true,"href":"https:\/\/wizardly-davinci.82-223-8-23.plesk.page\/en\/wp-json\/wp\/v2\/palabras_clave?post=55121"},{"taxonomy":"listado_alfabetico","embeddable":true,"href":"https:\/\/wizardly-davinci.82-223-8-23.plesk.page\/en\/wp-json\/wp\/v2\/listado_alfabetico?post=55121"}],"curies":[{"name":"wp","href":"https:\/\/api.w.org\/{rel}","templated":true}]}}