{"id":55125,"date":"2019-04-09T23:59:31","date_gmt":"2019-04-09T21:59:31","guid":{"rendered":"https:\/\/octaedro.com\/libro\/la-paz-se-logra-con-la-union\/"},"modified":"2023-02-22T13:39:25","modified_gmt":"2023-02-22T12:39:25","slug":"la-paz-se-logra-con-la-union-2","status":"publish","type":"product","link":"https:\/\/wizardly-davinci.82-223-8-23.plesk.page\/en\/producto\/la-paz-se-logra-con-la-union-2\/","title":{"rendered":"\u00bfLa paz se logra con la uni\u00f3n?"},"content":{"rendered":"<p>En los inicios era la guerra.<\/p>\n<p>Todo ol\u00eda a destrucci\u00f3n, sab\u00eda a violencia, se oscurec\u00eda&#8230; El miedo se hab\u00eda instalado en lo m\u00e1s profundo de los corazones.<\/p>\n<p>Pero exist\u00eda una ni\u00f1a capaz de so\u00f1ar otros mundos posibles. Cada noche so\u00f1aba con uno de ellos. Y cuando lo hac\u00eda nac\u00eda la luz en los diferentes rincones del oscuro mundo en guerra.<\/p>\n<p>Un d\u00eda, su abuelita le regal\u00f3 unos hilos con los colores del arco iris. Con ellos pudo tejer los mundos de sus sue\u00f1os y narrar sus historias. Desde entonces, diversos mundos posibles fueron hil\u00e1ndose entre s\u00ed hasta formar el universo Hilomundos.<\/p>\n<p>En este cuento, la Ni\u00f1a del Hilo entiende la importancia de la uni\u00f3n y la comunicaci\u00f3n. Cada libro de la colecci\u00f3n Hilomundos nos lleva a historias de b\u00fasqueda, invenci\u00f3n y creaci\u00f3n de mundos en paz desde la perspectiva de los sue\u00f1os de esta ni\u00f1a.<\/p>\n<p>Ilustraciones de <strong>\u00c1lex Mel\u00e9ndez<\/strong> y <strong>Beatriz Dapena<\/strong>.<br \/>\n<a href=\"%22http:\/\/www.beayalexchildrensbooks.com\/%22\">www.beayalexchildrensbooks.com<\/a><\/p>\n","protected":false},"excerpt":{"rendered":"<p>En los inicios era la guerra.<\/p>\n<p>Todo ol\u00eda a destrucci\u00f3n, sab\u00eda a violencia, se oscurec\u00eda&#8230; El miedo se hab\u00eda instalado en lo m\u00e1s profundo de los corazones.<\/p>\n<p>Pero exist\u00eda una ni\u00f1a capaz de so\u00f1ar otros mundos posibles. Cada noche so\u00f1aba con uno de ellos. Y cuando lo hac\u00eda nac\u00eda la luz en los diferentes rincones del oscuro mundo en guerra.<\/p>\n<p>Un d\u00eda, su abuelita le regal\u00f3 unos hilos con los colores del arco iris. Con ellos pudo tejer los mundos de sus sue\u00f1os y narrar sus historias. Desde entonces, diversos mundos posibles fueron hil\u00e1ndose entre s\u00ed hasta formar el universo Hilomundos.<\/p>\n<p>En este cuento, la Ni\u00f1a del Hilo entiende la importancia de la uni\u00f3n y la comunicaci\u00f3n. Cada libro de la colecci\u00f3n Hilomundos nos lleva a historias de b\u00fasqueda, invenci\u00f3n y creaci\u00f3n de mundos en paz desde la perspectiva de los sue\u00f1os de esta ni\u00f1a.<\/p>\n<p>Ilustraciones de <strong>\u00c1lex Mel\u00e9ndez<\/strong> y <strong>Beatriz Dapena<\/strong>.<br \/>\n<a href=\"%22http:\/\/www.beayalexchildrensbooks.com\/%22\">www.beayalexchildrensbooks.com<\/a><\/p>\n","protected":false},"featured_media":55126,"comment_status":"open","ping_status":"closed","template":"","meta":{"_et_pb_use_builder":"","_et_pb_old_content":"","_et_gb_content_width":""},"product_cat":[11858,11859,11880,11922],"product_tag":[11860],"edicion":[11865],"editoriales":[11867],"tienda":[],"autor_id":[12394],"universidades_coeditoras":[],"palabras_clave":[],"listado_alfabetico":[],"acf":[],"_links":{"self":[{"href":"https:\/\/wizardly-davinci.82-223-8-23.plesk.page\/en\/wp-json\/wp\/v2\/product\/55125"}],"collection":[{"href":"https:\/\/wizardly-davinci.82-223-8-23.plesk.page\/en\/wp-json\/wp\/v2\/product"}],"about":[{"href":"https:\/\/wizardly-davinci.82-223-8-23.plesk.page\/en\/wp-json\/wp\/v2\/types\/product"}],"replies":[{"embeddable":true,"href":"https:\/\/wizardly-davinci.82-223-8-23.plesk.page\/en\/wp-json\/wp\/v2\/comments?post=55125"}],"wp:featuredmedia":[{"embeddable":true,"href":"https:\/\/wizardly-davinci.82-223-8-23.plesk.page\/en\/wp-json\/wp\/v2\/media\/55126"}],"wp:attachment":[{"href":"https:\/\/wizardly-davinci.82-223-8-23.plesk.page\/en\/wp-json\/wp\/v2\/media?parent=55125"}],"wp:term":[{"taxonomy":"product_cat","embeddable":true,"href":"https:\/\/wizardly-davinci.82-223-8-23.plesk.page\/en\/wp-json\/wp\/v2\/product_cat?post=55125"},{"taxonomy":"product_tag","embeddable":true,"href":"https:\/\/wizardly-davinci.82-223-8-23.plesk.page\/en\/wp-json\/wp\/v2\/product_tag?post=55125"},{"taxonomy":"edicion","embeddable":true,"href":"https:\/\/wizardly-davinci.82-223-8-23.plesk.page\/en\/wp-json\/wp\/v2\/edicion?post=55125"},{"taxonomy":"editoriales","embeddable":true,"href":"https:\/\/wizardly-davinci.82-223-8-23.plesk.page\/en\/wp-json\/wp\/v2\/editoriales?post=55125"},{"taxonomy":"tienda","embeddable":true,"href":"https:\/\/wizardly-davinci.82-223-8-23.plesk.page\/en\/wp-json\/wp\/v2\/tienda?post=55125"},{"taxonomy":"autor_id","embeddable":true,"href":"https:\/\/wizardly-davinci.82-223-8-23.plesk.page\/en\/wp-json\/wp\/v2\/autor_id?post=55125"},{"taxonomy":"universidades_coeditoras","embeddable":true,"href":"https:\/\/wizardly-davinci.82-223-8-23.plesk.page\/en\/wp-json\/wp\/v2\/universidades_coeditoras?post=55125"},{"taxonomy":"palabras_clave","embeddable":true,"href":"https:\/\/wizardly-davinci.82-223-8-23.plesk.page\/en\/wp-json\/wp\/v2\/palabras_clave?post=55125"},{"taxonomy":"listado_alfabetico","embeddable":true,"href":"https:\/\/wizardly-davinci.82-223-8-23.plesk.page\/en\/wp-json\/wp\/v2\/listado_alfabetico?post=55125"}],"curies":[{"name":"wp","href":"https:\/\/api.w.org\/{rel}","templated":true}]}}