{"id":55131,"date":"2019-04-09T23:59:29","date_gmt":"2019-04-09T21:59:29","guid":{"rendered":"https:\/\/octaedro.com\/libro\/quiero-dinero\/"},"modified":"2023-02-22T13:39:25","modified_gmt":"2023-02-22T12:39:25","slug":"quiero-dinero-2","status":"publish","type":"product","link":"https:\/\/wizardly-davinci.82-223-8-23.plesk.page\/en\/producto\/quiero-dinero-2\/","title":{"rendered":"\u00a1Quiero dinero!"},"content":{"rendered":"<p><em>\u00a1Quiero dinero!<\/em> forma parte de la serie Sin nombre del Proyecto Noria infantil (<a href=\"www.wizardly-davinci.82-223-8-23.plesk.page\/noria\"> www.wizardly-davinci.82-223-8-23.plesk.page\/noria<\/a>), que re\u00fane cuentos con los que aprender a pensar, entender el mundo y convivir.<br \/>\nEsta serie, dirigida a ni\u00f1os y ni\u00f1as de 3 a 5 a\u00f1os, recoge historias de un ni\u00f1o que empieza a darse cuenta de varias cosas relacionadas consigo mismo y con su entorno. Las historias reflejan el di\u00e1logo interior, que sirve de est\u00edmulo para jugar a pensar.<br \/>\nEn este cuento pasa un d\u00eda con su abuela, quien le ayudar\u00e1 a reflexionar sobre la cuesti\u00f3n del dinero y le har\u00e1 descubrir alternativas al intercambio monetario basadas en la econom\u00eda del bien com\u00fan.<br \/>\nAl final del cuento se incluye un apartado dirigido a los adultos, donde se proponen actividades y reflexiones para tratar estas cuestiones en profundidad y de forma amena.<\/p>\n","protected":false},"excerpt":{"rendered":"<p><em>\u00a1Quiero dinero!<\/em> forma parte de la serie Sin nombre del Proyecto Noria infantil (<a href=\"www.wizardly-davinci.82-223-8-23.plesk.page\/noria\"> www.wizardly-davinci.82-223-8-23.plesk.page\/noria<\/a>), que re\u00fane cuentos con los que aprender a pensar, entender el mundo y convivir.<br \/>\nEsta serie, dirigida a ni\u00f1os y ni\u00f1as de 3 a 5 a\u00f1os, recoge historias de un ni\u00f1o que empieza a darse cuenta de varias cosas relacionadas consigo mismo y con su entorno. Las historias reflejan el di\u00e1logo interior, que sirve de est\u00edmulo para jugar a pensar.<br \/>\nEn este cuento pasa un d\u00eda con su abuela, quien le ayudar\u00e1 a reflexionar sobre la cuesti\u00f3n del dinero y le har\u00e1 descubrir alternativas al intercambio monetario basadas en la econom\u00eda del bien com\u00fan.<br \/>\nAl final del cuento se incluye un apartado dirigido a los adultos, donde se proponen actividades y reflexiones para tratar estas cuestiones en profundidad y de forma amena.<\/p>\n","protected":false},"featured_media":55132,"comment_status":"open","ping_status":"closed","template":"","meta":{"_et_pb_use_builder":"","_et_pb_old_content":"","_et_gb_content_width":""},"product_cat":[11858,11859,11880,11922],"product_tag":[11860],"edicion":[11865],"editoriales":[11867],"tienda":[],"autor_id":[20013,12394],"universidades_coeditoras":[],"palabras_clave":[],"listado_alfabetico":[],"acf":[],"_links":{"self":[{"href":"https:\/\/wizardly-davinci.82-223-8-23.plesk.page\/en\/wp-json\/wp\/v2\/product\/55131"}],"collection":[{"href":"https:\/\/wizardly-davinci.82-223-8-23.plesk.page\/en\/wp-json\/wp\/v2\/product"}],"about":[{"href":"https:\/\/wizardly-davinci.82-223-8-23.plesk.page\/en\/wp-json\/wp\/v2\/types\/product"}],"replies":[{"embeddable":true,"href":"https:\/\/wizardly-davinci.82-223-8-23.plesk.page\/en\/wp-json\/wp\/v2\/comments?post=55131"}],"wp:featuredmedia":[{"embeddable":true,"href":"https:\/\/wizardly-davinci.82-223-8-23.plesk.page\/en\/wp-json\/wp\/v2\/media\/55132"}],"wp:attachment":[{"href":"https:\/\/wizardly-davinci.82-223-8-23.plesk.page\/en\/wp-json\/wp\/v2\/media?parent=55131"}],"wp:term":[{"taxonomy":"product_cat","embeddable":true,"href":"https:\/\/wizardly-davinci.82-223-8-23.plesk.page\/en\/wp-json\/wp\/v2\/product_cat?post=55131"},{"taxonomy":"product_tag","embeddable":true,"href":"https:\/\/wizardly-davinci.82-223-8-23.plesk.page\/en\/wp-json\/wp\/v2\/product_tag?post=55131"},{"taxonomy":"edicion","embeddable":true,"href":"https:\/\/wizardly-davinci.82-223-8-23.plesk.page\/en\/wp-json\/wp\/v2\/edicion?post=55131"},{"taxonomy":"editoriales","embeddable":true,"href":"https:\/\/wizardly-davinci.82-223-8-23.plesk.page\/en\/wp-json\/wp\/v2\/editoriales?post=55131"},{"taxonomy":"tienda","embeddable":true,"href":"https:\/\/wizardly-davinci.82-223-8-23.plesk.page\/en\/wp-json\/wp\/v2\/tienda?post=55131"},{"taxonomy":"autor_id","embeddable":true,"href":"https:\/\/wizardly-davinci.82-223-8-23.plesk.page\/en\/wp-json\/wp\/v2\/autor_id?post=55131"},{"taxonomy":"universidades_coeditoras","embeddable":true,"href":"https:\/\/wizardly-davinci.82-223-8-23.plesk.page\/en\/wp-json\/wp\/v2\/universidades_coeditoras?post=55131"},{"taxonomy":"palabras_clave","embeddable":true,"href":"https:\/\/wizardly-davinci.82-223-8-23.plesk.page\/en\/wp-json\/wp\/v2\/palabras_clave?post=55131"},{"taxonomy":"listado_alfabetico","embeddable":true,"href":"https:\/\/wizardly-davinci.82-223-8-23.plesk.page\/en\/wp-json\/wp\/v2\/listado_alfabetico?post=55131"}],"curies":[{"name":"wp","href":"https:\/\/api.w.org\/{rel}","templated":true}]}}