{"id":55139,"date":"2019-09-08T23:59:28","date_gmt":"2019-09-08T21:59:28","guid":{"rendered":"https:\/\/octaedro.com\/libro\/quiero-ser-de-mi-tamano\/"},"modified":"2023-02-22T13:39:25","modified_gmt":"2023-02-22T12:39:25","slug":"quiero-ser-de-mi-tamano-2","status":"publish","type":"product","link":"https:\/\/wizardly-davinci.82-223-8-23.plesk.page\/en\/producto\/quiero-ser-de-mi-tamano-2\/","title":{"rendered":"\u00a1Quiero ser de mi tama\u00f1o!"},"content":{"rendered":"<p><span class=\"destacat\">\u00a1Quiero ser de mi tama\u00f1o!<\/span> es un cuento de la Serie <em>Sin nombre<\/em> del Proyecto Noria infantil (www.wizardly-davinci.82-223-8-23.plesk.page\/noria), que re\u00fane cuentos con los que aprender a pensar, entender el mundo y convivir.<br \/>\nEsta serie, dirigida a ni\u00f1os de 3 a 5 a\u00f1os, recoge historias de un ni\u00f1o que empieza a darse cuenta de varias cosas relacionadas consigo mismo y con su entorno. Las historias reflejan el di\u00e1logo interior de este ni\u00f1o sin nombre, lo que permitir\u00e1 plantearnos con las ni\u00f1as y los ni\u00f1os peque\u00f1os algunas cuestiones fundamentales como, en este caso, la cuesti\u00f3n del tama\u00f1o propio, \u00bfpor qu\u00e9 algunas veces nos sentimos peque\u00f1os y otras grandes?<\/p>\n","protected":false},"excerpt":{"rendered":"<p><span class=\"destacat\">\u00a1Quiero ser de mi tama\u00f1o!<\/span> es un cuento de la Serie <em>Sin nombre<\/em> del Proyecto Noria infantil (www.wizardly-davinci.82-223-8-23.plesk.page\/noria), que re\u00fane cuentos con los que aprender a pensar, entender el mundo y convivir.<br \/>\nEsta serie, dirigida a ni\u00f1os de 3 a 5 a\u00f1os, recoge historias de un ni\u00f1o que empieza a darse cuenta de varias cosas relacionadas consigo mismo y con su entorno. Las historias reflejan el di\u00e1logo interior de este ni\u00f1o sin nombre, lo que permitir\u00e1 plantearnos con las ni\u00f1as y los ni\u00f1os peque\u00f1os algunas cuestiones fundamentales como, en este caso, la cuesti\u00f3n del tama\u00f1o propio, \u00bfpor qu\u00e9 algunas veces nos sentimos peque\u00f1os y otras grandes?<\/p>\n","protected":false},"featured_media":55140,"comment_status":"open","ping_status":"closed","template":"","meta":{"_et_pb_use_builder":"","_et_pb_old_content":"","_et_gb_content_width":""},"product_cat":[11858,11859,11880,11922],"product_tag":[11860],"edicion":[11865],"editoriales":[11867],"tienda":[],"autor_id":[20013,12394],"universidades_coeditoras":[],"palabras_clave":[],"listado_alfabetico":[],"acf":[],"_links":{"self":[{"href":"https:\/\/wizardly-davinci.82-223-8-23.plesk.page\/en\/wp-json\/wp\/v2\/product\/55139"}],"collection":[{"href":"https:\/\/wizardly-davinci.82-223-8-23.plesk.page\/en\/wp-json\/wp\/v2\/product"}],"about":[{"href":"https:\/\/wizardly-davinci.82-223-8-23.plesk.page\/en\/wp-json\/wp\/v2\/types\/product"}],"replies":[{"embeddable":true,"href":"https:\/\/wizardly-davinci.82-223-8-23.plesk.page\/en\/wp-json\/wp\/v2\/comments?post=55139"}],"wp:featuredmedia":[{"embeddable":true,"href":"https:\/\/wizardly-davinci.82-223-8-23.plesk.page\/en\/wp-json\/wp\/v2\/media\/55140"}],"wp:attachment":[{"href":"https:\/\/wizardly-davinci.82-223-8-23.plesk.page\/en\/wp-json\/wp\/v2\/media?parent=55139"}],"wp:term":[{"taxonomy":"product_cat","embeddable":true,"href":"https:\/\/wizardly-davinci.82-223-8-23.plesk.page\/en\/wp-json\/wp\/v2\/product_cat?post=55139"},{"taxonomy":"product_tag","embeddable":true,"href":"https:\/\/wizardly-davinci.82-223-8-23.plesk.page\/en\/wp-json\/wp\/v2\/product_tag?post=55139"},{"taxonomy":"edicion","embeddable":true,"href":"https:\/\/wizardly-davinci.82-223-8-23.plesk.page\/en\/wp-json\/wp\/v2\/edicion?post=55139"},{"taxonomy":"editoriales","embeddable":true,"href":"https:\/\/wizardly-davinci.82-223-8-23.plesk.page\/en\/wp-json\/wp\/v2\/editoriales?post=55139"},{"taxonomy":"tienda","embeddable":true,"href":"https:\/\/wizardly-davinci.82-223-8-23.plesk.page\/en\/wp-json\/wp\/v2\/tienda?post=55139"},{"taxonomy":"autor_id","embeddable":true,"href":"https:\/\/wizardly-davinci.82-223-8-23.plesk.page\/en\/wp-json\/wp\/v2\/autor_id?post=55139"},{"taxonomy":"universidades_coeditoras","embeddable":true,"href":"https:\/\/wizardly-davinci.82-223-8-23.plesk.page\/en\/wp-json\/wp\/v2\/universidades_coeditoras?post=55139"},{"taxonomy":"palabras_clave","embeddable":true,"href":"https:\/\/wizardly-davinci.82-223-8-23.plesk.page\/en\/wp-json\/wp\/v2\/palabras_clave?post=55139"},{"taxonomy":"listado_alfabetico","embeddable":true,"href":"https:\/\/wizardly-davinci.82-223-8-23.plesk.page\/en\/wp-json\/wp\/v2\/listado_alfabetico?post=55139"}],"curies":[{"name":"wp","href":"https:\/\/api.w.org\/{rel}","templated":true}]}}