{"id":55144,"date":"2019-04-09T23:59:27","date_gmt":"2019-04-09T21:59:27","guid":{"rendered":"https:\/\/octaedro.com\/libro\/pebili\/"},"modified":"2023-02-22T13:39:25","modified_gmt":"2023-02-22T12:39:25","slug":"pebili-2","status":"publish","type":"product","link":"https:\/\/wizardly-davinci.82-223-8-23.plesk.page\/en\/producto\/pebili-2\/","title":{"rendered":"P\u00e9bili"},"content":{"rendered":"<p>P\u00e9bili es el nombre del travieso duende que convive con un matrimonio de tenderos y un estudiante realquilado en una caso del centro hist\u00f3rico de una ciudad. El cuento, inspirado en una narraci\u00f3n de Apel.les Mestres y en un cuento de Andersen, recrea el mundo de los duendes y de la noche. Dirigida especialmente a ni\u00f1os y ni\u00f1as de 6 a 8 a\u00f1os, la historia, m\u00e1gica, sorprendente y de final abierto es tambi\u00e9n una reflexi\u00f3n sobre los cinco sentidos. Una gu\u00eda complementa el cuento con propuestas de actividades de ampliaci\u00f3n y reflexi\u00f3n para cada uno de los cap\u00edtulos de P\u00e9bili.<\/p>\n","protected":false},"excerpt":{"rendered":"<p>P\u00e9bili es el nombre del travieso duende que convive con un matrimonio de tenderos y un estudiante realquilado en una caso del centro hist\u00f3rico de una ciudad. El cuento, inspirado en una narraci\u00f3n de Apel.les Mestres y en un cuento de Andersen, recrea el mundo de los duendes y de la noche. Dirigida especialmente a ni\u00f1os y ni\u00f1as de 6 a 8 a\u00f1os, la historia, m\u00e1gica, sorprendente y de final abierto es tambi\u00e9n una reflexi\u00f3n sobre los cinco sentidos. Una gu\u00eda complementa el cuento con propuestas de actividades de ampliaci\u00f3n y reflexi\u00f3n para cada uno de los cap\u00edtulos de P\u00e9bili.<\/p>\n","protected":false},"featured_media":55145,"comment_status":"open","ping_status":"closed","template":"","meta":{"_et_pb_use_builder":"","_et_pb_old_content":"","_et_gb_content_width":""},"product_cat":[11858,11859,11880,11922],"product_tag":[11860],"edicion":[11865],"editoriales":[11867],"tienda":[],"autor_id":[14378,19961],"universidades_coeditoras":[],"palabras_clave":[],"listado_alfabetico":[],"acf":[],"_links":{"self":[{"href":"https:\/\/wizardly-davinci.82-223-8-23.plesk.page\/en\/wp-json\/wp\/v2\/product\/55144"}],"collection":[{"href":"https:\/\/wizardly-davinci.82-223-8-23.plesk.page\/en\/wp-json\/wp\/v2\/product"}],"about":[{"href":"https:\/\/wizardly-davinci.82-223-8-23.plesk.page\/en\/wp-json\/wp\/v2\/types\/product"}],"replies":[{"embeddable":true,"href":"https:\/\/wizardly-davinci.82-223-8-23.plesk.page\/en\/wp-json\/wp\/v2\/comments?post=55144"}],"wp:featuredmedia":[{"embeddable":true,"href":"https:\/\/wizardly-davinci.82-223-8-23.plesk.page\/en\/wp-json\/wp\/v2\/media\/55145"}],"wp:attachment":[{"href":"https:\/\/wizardly-davinci.82-223-8-23.plesk.page\/en\/wp-json\/wp\/v2\/media?parent=55144"}],"wp:term":[{"taxonomy":"product_cat","embeddable":true,"href":"https:\/\/wizardly-davinci.82-223-8-23.plesk.page\/en\/wp-json\/wp\/v2\/product_cat?post=55144"},{"taxonomy":"product_tag","embeddable":true,"href":"https:\/\/wizardly-davinci.82-223-8-23.plesk.page\/en\/wp-json\/wp\/v2\/product_tag?post=55144"},{"taxonomy":"edicion","embeddable":true,"href":"https:\/\/wizardly-davinci.82-223-8-23.plesk.page\/en\/wp-json\/wp\/v2\/edicion?post=55144"},{"taxonomy":"editoriales","embeddable":true,"href":"https:\/\/wizardly-davinci.82-223-8-23.plesk.page\/en\/wp-json\/wp\/v2\/editoriales?post=55144"},{"taxonomy":"tienda","embeddable":true,"href":"https:\/\/wizardly-davinci.82-223-8-23.plesk.page\/en\/wp-json\/wp\/v2\/tienda?post=55144"},{"taxonomy":"autor_id","embeddable":true,"href":"https:\/\/wizardly-davinci.82-223-8-23.plesk.page\/en\/wp-json\/wp\/v2\/autor_id?post=55144"},{"taxonomy":"universidades_coeditoras","embeddable":true,"href":"https:\/\/wizardly-davinci.82-223-8-23.plesk.page\/en\/wp-json\/wp\/v2\/universidades_coeditoras?post=55144"},{"taxonomy":"palabras_clave","embeddable":true,"href":"https:\/\/wizardly-davinci.82-223-8-23.plesk.page\/en\/wp-json\/wp\/v2\/palabras_clave?post=55144"},{"taxonomy":"listado_alfabetico","embeddable":true,"href":"https:\/\/wizardly-davinci.82-223-8-23.plesk.page\/en\/wp-json\/wp\/v2\/listado_alfabetico?post=55144"}],"curies":[{"name":"wp","href":"https:\/\/api.w.org\/{rel}","templated":true}]}}