{"id":55162,"date":"2019-04-09T23:59:23","date_gmt":"2019-04-09T21:59:23","guid":{"rendered":"https:\/\/octaedro.com\/libro\/juanita-y-los-mitos\/"},"modified":"2023-02-22T13:39:30","modified_gmt":"2023-02-22T12:39:30","slug":"juanita-y-los-mitos-2","status":"publish","type":"product","link":"https:\/\/wizardly-davinci.82-223-8-23.plesk.page\/en\/producto\/juanita-y-los-mitos-2\/","title":{"rendered":"Juanita y los mitos"},"content":{"rendered":"<p>Juanita, la mariquita protagonista de varios de los libros del PROYECTO NORIA, encuentra a Om, un escarabajo que es como un abuelo contador de historias. Juntos viajan hasta una monta\u00f1a y desde all\u00ed penetran en el mundo de los mitos de varias culturas diferentes. \u00bfY qu\u00e9 son los mitos? Mejor lo descubrimos leyendo este fragmento del di\u00e1logo entre los dos amigos:<\/p>\n<p>Por el camino y mientras volaban Juanita pregunt\u00f3:<br \/>\n-Om, \u00bfc\u00f3mo se llaman esas historias tan especiales que vas contarme?<br \/>\n-\u00a1Mitos, Juanita, se llaman mitos!<br \/>\nJuanita se qued\u00f3 muy intrigada, nunca hab\u00eda escuchado esa palabra antes.<br \/>\n-\u00bfY eso qu\u00e9 significa, Om?<br \/>\nEl escarabajo mir\u00f3 con ternura a nuestra amiga mariquita. \u00a1Ella se fij\u00f3 en el magn\u00edfico color dorado de Om! Hasta ese momento, no lo hab\u00eda percibido\u2026<br \/>\n-Los mitos son los sue\u00f1os de la humanidad, son historias en las que las personas creen de coraz\u00f3n. Cada mito, aunque nos parezca extra\u00f1o, nos muestra algo muy familiar.<\/p>\n","protected":false},"excerpt":{"rendered":"<p>Juanita, la mariquita protagonista de varios de los libros del PROYECTO NORIA, encuentra a Om, un escarabajo que es como un abuelo contador de historias. Juntos viajan hasta una monta\u00f1a y desde all\u00ed penetran en el mundo de los mitos de varias culturas diferentes. \u00bfY qu\u00e9 son los mitos? Mejor lo descubrimos leyendo este fragmento del di\u00e1logo entre los dos amigos:<\/p>\n<p>Por el camino y mientras volaban Juanita pregunt\u00f3:<br \/>\n-Om, \u00bfc\u00f3mo se llaman esas historias tan especiales que vas contarme?<br \/>\n-\u00a1Mitos, Juanita, se llaman mitos!<br \/>\nJuanita se qued\u00f3 muy intrigada, nunca hab\u00eda escuchado esa palabra antes.<br \/>\n-\u00bfY eso qu\u00e9 significa, Om?<br \/>\nEl escarabajo mir\u00f3 con ternura a nuestra amiga mariquita. \u00a1Ella se fij\u00f3 en el magn\u00edfico color dorado de Om! Hasta ese momento, no lo hab\u00eda percibido\u2026<br \/>\n-Los mitos son los sue\u00f1os de la humanidad, son historias en las que las personas creen de coraz\u00f3n. Cada mito, aunque nos parezca extra\u00f1o, nos muestra algo muy familiar.<\/p>\n","protected":false},"featured_media":55163,"comment_status":"open","ping_status":"closed","template":"","meta":{"_et_pb_use_builder":"","_et_pb_old_content":"","_et_gb_content_width":""},"product_cat":[11858,11859,11922],"product_tag":[11860],"edicion":[11865],"editoriales":[11867],"tienda":[],"autor_id":[12394],"universidades_coeditoras":[],"palabras_clave":[],"listado_alfabetico":[],"acf":[],"_links":{"self":[{"href":"https:\/\/wizardly-davinci.82-223-8-23.plesk.page\/en\/wp-json\/wp\/v2\/product\/55162"}],"collection":[{"href":"https:\/\/wizardly-davinci.82-223-8-23.plesk.page\/en\/wp-json\/wp\/v2\/product"}],"about":[{"href":"https:\/\/wizardly-davinci.82-223-8-23.plesk.page\/en\/wp-json\/wp\/v2\/types\/product"}],"replies":[{"embeddable":true,"href":"https:\/\/wizardly-davinci.82-223-8-23.plesk.page\/en\/wp-json\/wp\/v2\/comments?post=55162"}],"wp:featuredmedia":[{"embeddable":true,"href":"https:\/\/wizardly-davinci.82-223-8-23.plesk.page\/en\/wp-json\/wp\/v2\/media\/55163"}],"wp:attachment":[{"href":"https:\/\/wizardly-davinci.82-223-8-23.plesk.page\/en\/wp-json\/wp\/v2\/media?parent=55162"}],"wp:term":[{"taxonomy":"product_cat","embeddable":true,"href":"https:\/\/wizardly-davinci.82-223-8-23.plesk.page\/en\/wp-json\/wp\/v2\/product_cat?post=55162"},{"taxonomy":"product_tag","embeddable":true,"href":"https:\/\/wizardly-davinci.82-223-8-23.plesk.page\/en\/wp-json\/wp\/v2\/product_tag?post=55162"},{"taxonomy":"edicion","embeddable":true,"href":"https:\/\/wizardly-davinci.82-223-8-23.plesk.page\/en\/wp-json\/wp\/v2\/edicion?post=55162"},{"taxonomy":"editoriales","embeddable":true,"href":"https:\/\/wizardly-davinci.82-223-8-23.plesk.page\/en\/wp-json\/wp\/v2\/editoriales?post=55162"},{"taxonomy":"tienda","embeddable":true,"href":"https:\/\/wizardly-davinci.82-223-8-23.plesk.page\/en\/wp-json\/wp\/v2\/tienda?post=55162"},{"taxonomy":"autor_id","embeddable":true,"href":"https:\/\/wizardly-davinci.82-223-8-23.plesk.page\/en\/wp-json\/wp\/v2\/autor_id?post=55162"},{"taxonomy":"universidades_coeditoras","embeddable":true,"href":"https:\/\/wizardly-davinci.82-223-8-23.plesk.page\/en\/wp-json\/wp\/v2\/universidades_coeditoras?post=55162"},{"taxonomy":"palabras_clave","embeddable":true,"href":"https:\/\/wizardly-davinci.82-223-8-23.plesk.page\/en\/wp-json\/wp\/v2\/palabras_clave?post=55162"},{"taxonomy":"listado_alfabetico","embeddable":true,"href":"https:\/\/wizardly-davinci.82-223-8-23.plesk.page\/en\/wp-json\/wp\/v2\/listado_alfabetico?post=55162"}],"curies":[{"name":"wp","href":"https:\/\/api.w.org\/{rel}","templated":true}]}}