{"id":55168,"date":"2019-04-12T23:59:18","date_gmt":"2019-04-12T21:59:18","guid":{"rendered":"https:\/\/octaedro.com\/libro\/musica-5-guia-didactica\/"},"modified":"2023-02-22T13:39:30","modified_gmt":"2023-02-22T12:39:30","slug":"musica-5-guia-didactica-2","status":"publish","type":"product","link":"https:\/\/wizardly-davinci.82-223-8-23.plesk.page\/en\/producto\/musica-5-guia-didactica-2\/","title":{"rendered":"M\u00fasica 5. Gu\u00eda did\u00e1ctica"},"content":{"rendered":"<p>CARACTER\u00cdSTICAS<br \/> En este curso se comienza con la <strong>buler\u00eda,<\/strong> otro de los estilos de doce tiempos con el que el alumnado podr\u00e1 disfrutar de la expresi\u00f3n r\u00edtmica e instrumental de la fiesta. Y con la fiesta se conocer\u00e1n los <strong>tangos,<\/strong> entrando as\u00ed en el comp\u00e1s de cuatro tiempos, y varios estilos al comp\u00e1s de tangos: tientos, marianas, farrucas y garrot\u00edn, entre otros. <\/br> Para desarrollar los centros de inter\u00e9s de los bloques que componen el curso se recurrir\u00e1 tambi\u00e9n a otros g\u00e9neros musicales como la salsa, el vals, el pasodoble, la m\u00fasica dance, el rock and roll, el pop, el villancico, el jazz, el blues y m\u00fasicas folcl\u00f3ricas y tradicionales de diversos lugares de Espa\u00f1a y Europa.<\/br><\/br> MATERIALES<\/br> Libro para el alumno<\/br> Gu\u00eda did\u00e1ctica para el profesorado<\/br> Cd-audio con los recursos musicales <\/p>\n","protected":false},"excerpt":{"rendered":"<p>CARACTER\u00cdSTICAS<br \/> En este curso se comienza con la <strong>buler\u00eda,<\/strong> otro de los estilos de doce tiempos con el que el alumnado podr\u00e1 disfrutar de la expresi\u00f3n r\u00edtmica e instrumental de la fiesta. Y con la fiesta se conocer\u00e1n los <strong>tangos,<\/strong>entrando as\u00ed en el comp\u00e1s de cuatro tiempos, y varios estilos al comp\u00e1s de tangos: tientos, marianas, farrucas y garrot\u00edn, entre otros. <\/br> Para desarrollar los centros de inter\u00e9s de los bloques que componen el curso se recurrir\u00e1 tambi\u00e9n a otros g\u00e9neros musicales como la salsa, el vals, el pasodoble, la m\u00fasica dance, el rock and roll, el pop, el villancico, el jazz, el blues y m\u00fasicas folcl\u00f3ricas y tradicionales de diversos lugares de Espa\u00f1a y Europa.<\/br><\/br> MATERIALES<\/br> Libro para el alumno<\/br> Gu\u00eda did\u00e1ctica para el profesorado<\/br> Cd-audio con los recursos musicales <\/p>\n","protected":false},"featured_media":55169,"comment_status":"open","ping_status":"closed","template":"","meta":{"_et_pb_use_builder":"","_et_pb_old_content":"","_et_gb_content_width":""},"product_cat":[11858,11859,11917],"product_tag":[11860],"edicion":[11865],"editoriales":[11866,11867],"tienda":[],"autor_id":[13939,14431,19902,19903],"universidades_coeditoras":[],"palabras_clave":[],"listado_alfabetico":[],"acf":[],"_links":{"self":[{"href":"https:\/\/wizardly-davinci.82-223-8-23.plesk.page\/en\/wp-json\/wp\/v2\/product\/55168"}],"collection":[{"href":"https:\/\/wizardly-davinci.82-223-8-23.plesk.page\/en\/wp-json\/wp\/v2\/product"}],"about":[{"href":"https:\/\/wizardly-davinci.82-223-8-23.plesk.page\/en\/wp-json\/wp\/v2\/types\/product"}],"replies":[{"embeddable":true,"href":"https:\/\/wizardly-davinci.82-223-8-23.plesk.page\/en\/wp-json\/wp\/v2\/comments?post=55168"}],"wp:featuredmedia":[{"embeddable":true,"href":"https:\/\/wizardly-davinci.82-223-8-23.plesk.page\/en\/wp-json\/wp\/v2\/media\/55169"}],"wp:attachment":[{"href":"https:\/\/wizardly-davinci.82-223-8-23.plesk.page\/en\/wp-json\/wp\/v2\/media?parent=55168"}],"wp:term":[{"taxonomy":"product_cat","embeddable":true,"href":"https:\/\/wizardly-davinci.82-223-8-23.plesk.page\/en\/wp-json\/wp\/v2\/product_cat?post=55168"},{"taxonomy":"product_tag","embeddable":true,"href":"https:\/\/wizardly-davinci.82-223-8-23.plesk.page\/en\/wp-json\/wp\/v2\/product_tag?post=55168"},{"taxonomy":"edicion","embeddable":true,"href":"https:\/\/wizardly-davinci.82-223-8-23.plesk.page\/en\/wp-json\/wp\/v2\/edicion?post=55168"},{"taxonomy":"editoriales","embeddable":true,"href":"https:\/\/wizardly-davinci.82-223-8-23.plesk.page\/en\/wp-json\/wp\/v2\/editoriales?post=55168"},{"taxonomy":"tienda","embeddable":true,"href":"https:\/\/wizardly-davinci.82-223-8-23.plesk.page\/en\/wp-json\/wp\/v2\/tienda?post=55168"},{"taxonomy":"autor_id","embeddable":true,"href":"https:\/\/wizardly-davinci.82-223-8-23.plesk.page\/en\/wp-json\/wp\/v2\/autor_id?post=55168"},{"taxonomy":"universidades_coeditoras","embeddable":true,"href":"https:\/\/wizardly-davinci.82-223-8-23.plesk.page\/en\/wp-json\/wp\/v2\/universidades_coeditoras?post=55168"},{"taxonomy":"palabras_clave","embeddable":true,"href":"https:\/\/wizardly-davinci.82-223-8-23.plesk.page\/en\/wp-json\/wp\/v2\/palabras_clave?post=55168"},{"taxonomy":"listado_alfabetico","embeddable":true,"href":"https:\/\/wizardly-davinci.82-223-8-23.plesk.page\/en\/wp-json\/wp\/v2\/listado_alfabetico?post=55168"}],"curies":[{"name":"wp","href":"https:\/\/api.w.org\/{rel}","templated":true}]}}