{"id":55172,"date":"2019-04-15T23:59:17","date_gmt":"2019-04-15T21:59:17","guid":{"rendered":"https:\/\/octaedro.com\/libro\/musica-2-guia-didactica\/"},"modified":"2023-02-22T13:39:31","modified_gmt":"2023-02-22T12:39:31","slug":"musica-2-guia-didactica-2","status":"publish","type":"product","link":"https:\/\/wizardly-davinci.82-223-8-23.plesk.page\/en\/producto\/musica-2-guia-didactica-2\/","title":{"rendered":"M\u00fasica 2. Gu\u00eda did\u00e1ctica"},"content":{"rendered":"<p>CARACTER\u00cdSTICAS<br \/>\nUna vez conocidas las m\u00fasicas preflamencas y folcl\u00f3ricas, se presentan estilos con la estructura musical del fandango como la <strong>malague\u00f1a<\/strong>, la <strong>grana\u00edna<\/strong> o la <strong>taranta<\/strong>. De esta manera, al finalizar el primer ciclo, el alumnado tomar\u00e1 conciencia del flamenco como una manifestaci\u00f3n cultural que se da en todas las provincias andaluzas. Partiendo de los centros de inter\u00e9s se llegar\u00e1 a otros g\u00e9neros musicales como la canci\u00f3n infantil, el villancico, el charleston, la tarantela, el pop-rock, el vals, la m\u00fasica \u00e1rabe, la samba, los tanguillos, la m\u00fasica cl\u00e1sica, el jazz, el tango, el rock and roll y la salsa. MATERIALES<br \/>\nLibro para el alumno<br \/>\nGu\u00eda did\u00e1ctica para el profesorado<br \/>\nCd-audio con los recursos musicales<\/p>\n","protected":false},"excerpt":{"rendered":"<p>CARACTER\u00cdSTICAS<br \/>\nUna vez conocidas las m\u00fasicas preflamencas y folcl\u00f3ricas, se presentan estilos con la estructura musical del fandango como la <strong>malague\u00f1a<\/strong>, la <strong>grana\u00edna<\/strong> o la <strong>taranta<\/strong>. De esta manera, al finalizar el primer ciclo, el alumnado tomar\u00e1 conciencia del flamenco como una manifestaci\u00f3n cultural que se da en todas las provincias andaluzas. Partiendo de los centros de inter\u00e9s se llegar\u00e1 a otros g\u00e9neros musicales como la canci\u00f3n infantil, el villancico, el charleston, la tarantela, el pop-rock, el vals, la m\u00fasica \u00e1rabe, la samba, los tanguillos, la m\u00fasica cl\u00e1sica, el jazz, el tango, el rock and roll y la salsa. MATERIALES<br \/>\nLibro para el alumno<br \/>\nGu\u00eda did\u00e1ctica para el profesorado<br \/>\nCd-audio con los recursos musicales<\/p>\n","protected":false},"featured_media":55173,"comment_status":"open","ping_status":"closed","template":"","meta":{"_et_pb_use_builder":"","_et_pb_old_content":"","_et_gb_content_width":""},"product_cat":[11858,11859,11917],"product_tag":[11860],"edicion":[11865],"editoriales":[11866,11867],"tienda":[],"autor_id":[13939,14431,19902,19903],"universidades_coeditoras":[],"palabras_clave":[],"listado_alfabetico":[],"acf":[],"_links":{"self":[{"href":"https:\/\/wizardly-davinci.82-223-8-23.plesk.page\/en\/wp-json\/wp\/v2\/product\/55172"}],"collection":[{"href":"https:\/\/wizardly-davinci.82-223-8-23.plesk.page\/en\/wp-json\/wp\/v2\/product"}],"about":[{"href":"https:\/\/wizardly-davinci.82-223-8-23.plesk.page\/en\/wp-json\/wp\/v2\/types\/product"}],"replies":[{"embeddable":true,"href":"https:\/\/wizardly-davinci.82-223-8-23.plesk.page\/en\/wp-json\/wp\/v2\/comments?post=55172"}],"wp:featuredmedia":[{"embeddable":true,"href":"https:\/\/wizardly-davinci.82-223-8-23.plesk.page\/en\/wp-json\/wp\/v2\/media\/55173"}],"wp:attachment":[{"href":"https:\/\/wizardly-davinci.82-223-8-23.plesk.page\/en\/wp-json\/wp\/v2\/media?parent=55172"}],"wp:term":[{"taxonomy":"product_cat","embeddable":true,"href":"https:\/\/wizardly-davinci.82-223-8-23.plesk.page\/en\/wp-json\/wp\/v2\/product_cat?post=55172"},{"taxonomy":"product_tag","embeddable":true,"href":"https:\/\/wizardly-davinci.82-223-8-23.plesk.page\/en\/wp-json\/wp\/v2\/product_tag?post=55172"},{"taxonomy":"edicion","embeddable":true,"href":"https:\/\/wizardly-davinci.82-223-8-23.plesk.page\/en\/wp-json\/wp\/v2\/edicion?post=55172"},{"taxonomy":"editoriales","embeddable":true,"href":"https:\/\/wizardly-davinci.82-223-8-23.plesk.page\/en\/wp-json\/wp\/v2\/editoriales?post=55172"},{"taxonomy":"tienda","embeddable":true,"href":"https:\/\/wizardly-davinci.82-223-8-23.plesk.page\/en\/wp-json\/wp\/v2\/tienda?post=55172"},{"taxonomy":"autor_id","embeddable":true,"href":"https:\/\/wizardly-davinci.82-223-8-23.plesk.page\/en\/wp-json\/wp\/v2\/autor_id?post=55172"},{"taxonomy":"universidades_coeditoras","embeddable":true,"href":"https:\/\/wizardly-davinci.82-223-8-23.plesk.page\/en\/wp-json\/wp\/v2\/universidades_coeditoras?post=55172"},{"taxonomy":"palabras_clave","embeddable":true,"href":"https:\/\/wizardly-davinci.82-223-8-23.plesk.page\/en\/wp-json\/wp\/v2\/palabras_clave?post=55172"},{"taxonomy":"listado_alfabetico","embeddable":true,"href":"https:\/\/wizardly-davinci.82-223-8-23.plesk.page\/en\/wp-json\/wp\/v2\/listado_alfabetico?post=55172"}],"curies":[{"name":"wp","href":"https:\/\/api.w.org\/{rel}","templated":true}]}}