{"id":55174,"date":"2019-04-16T23:59:16","date_gmt":"2019-04-16T21:59:16","guid":{"rendered":"https:\/\/octaedro.com\/libro\/musica-1-guia-didactica\/"},"modified":"2023-02-22T13:39:31","modified_gmt":"2023-02-22T12:39:31","slug":"musica-1-guia-didactica-2","status":"publish","type":"product","link":"https:\/\/wizardly-davinci.82-223-8-23.plesk.page\/en\/producto\/musica-1-guia-didactica-2\/","title":{"rendered":"M\u00fasica 1. Gu\u00eda did\u00e1ctica"},"content":{"rendered":"<p>CARACTER\u00cdSTICAS<br \/>\nA trav\u00e9s de los g\u00e9neros folcl\u00f3ricos muy cercanos geogr\u00e1ficamente se introduce a los alumnos y alumnas en el conocimiento del hecho flamenco. Tal es el caso de las <strong>sevillanas<\/strong>, el <strong>fandango<\/strong> de Huelva o los <strong>verdiales<\/strong> de M\u00e1laga. A trav\u00e9s de los mismos se presentan canciones infantiles y obras cl\u00e1sicas que permitir\u00e1n al alumnado experimentar el hecho musical fundamentalmente a trav\u00e9s del canto, la expresi\u00f3n instrumental y el movimiento y la danza. MATERIALES<br \/>\nLibro para el alumno<br \/>\nGu\u00eda did\u00e1ctica para el profesorado<br \/>\nCd-audio con los recursos musicales<\/p>\n","protected":false},"excerpt":{"rendered":"<p>CARACTER\u00cdSTICAS<br \/>\nA trav\u00e9s de los g\u00e9neros folcl\u00f3ricos muy cercanos geogr\u00e1ficamente se introduce a los alumnos y alumnas en el conocimiento del hecho flamenco. Tal es el caso de las <strong>sevillanas<\/strong>, el <strong>fandango<\/strong> de Huelva o los <strong>verdiales<\/strong> de M\u00e1laga. A trav\u00e9s de los mismos se presentan canciones infantiles y obras cl\u00e1sicas que permitir\u00e1n al alumnado experimentar el hecho musical fundamentalmente a trav\u00e9s del canto, la expresi\u00f3n instrumental y el movimiento y la danza. MATERIALES<br \/>\nLibro para el alumno<br \/>\nGu\u00eda did\u00e1ctica para el profesorado<br \/>\nCd-audio con los recursos musicales<\/p>\n","protected":false},"featured_media":55175,"comment_status":"open","ping_status":"closed","template":"","meta":{"_et_pb_use_builder":"","_et_pb_old_content":"","_et_gb_content_width":""},"product_cat":[11858,11859,11917],"product_tag":[11860],"edicion":[11865],"editoriales":[11866,11867],"tienda":[],"autor_id":[13939,14431,19902,19903],"universidades_coeditoras":[],"palabras_clave":[],"listado_alfabetico":[],"acf":[],"_links":{"self":[{"href":"https:\/\/wizardly-davinci.82-223-8-23.plesk.page\/en\/wp-json\/wp\/v2\/product\/55174"}],"collection":[{"href":"https:\/\/wizardly-davinci.82-223-8-23.plesk.page\/en\/wp-json\/wp\/v2\/product"}],"about":[{"href":"https:\/\/wizardly-davinci.82-223-8-23.plesk.page\/en\/wp-json\/wp\/v2\/types\/product"}],"replies":[{"embeddable":true,"href":"https:\/\/wizardly-davinci.82-223-8-23.plesk.page\/en\/wp-json\/wp\/v2\/comments?post=55174"}],"wp:featuredmedia":[{"embeddable":true,"href":"https:\/\/wizardly-davinci.82-223-8-23.plesk.page\/en\/wp-json\/wp\/v2\/media\/55175"}],"wp:attachment":[{"href":"https:\/\/wizardly-davinci.82-223-8-23.plesk.page\/en\/wp-json\/wp\/v2\/media?parent=55174"}],"wp:term":[{"taxonomy":"product_cat","embeddable":true,"href":"https:\/\/wizardly-davinci.82-223-8-23.plesk.page\/en\/wp-json\/wp\/v2\/product_cat?post=55174"},{"taxonomy":"product_tag","embeddable":true,"href":"https:\/\/wizardly-davinci.82-223-8-23.plesk.page\/en\/wp-json\/wp\/v2\/product_tag?post=55174"},{"taxonomy":"edicion","embeddable":true,"href":"https:\/\/wizardly-davinci.82-223-8-23.plesk.page\/en\/wp-json\/wp\/v2\/edicion?post=55174"},{"taxonomy":"editoriales","embeddable":true,"href":"https:\/\/wizardly-davinci.82-223-8-23.plesk.page\/en\/wp-json\/wp\/v2\/editoriales?post=55174"},{"taxonomy":"tienda","embeddable":true,"href":"https:\/\/wizardly-davinci.82-223-8-23.plesk.page\/en\/wp-json\/wp\/v2\/tienda?post=55174"},{"taxonomy":"autor_id","embeddable":true,"href":"https:\/\/wizardly-davinci.82-223-8-23.plesk.page\/en\/wp-json\/wp\/v2\/autor_id?post=55174"},{"taxonomy":"universidades_coeditoras","embeddable":true,"href":"https:\/\/wizardly-davinci.82-223-8-23.plesk.page\/en\/wp-json\/wp\/v2\/universidades_coeditoras?post=55174"},{"taxonomy":"palabras_clave","embeddable":true,"href":"https:\/\/wizardly-davinci.82-223-8-23.plesk.page\/en\/wp-json\/wp\/v2\/palabras_clave?post=55174"},{"taxonomy":"listado_alfabetico","embeddable":true,"href":"https:\/\/wizardly-davinci.82-223-8-23.plesk.page\/en\/wp-json\/wp\/v2\/listado_alfabetico?post=55174"}],"curies":[{"name":"wp","href":"https:\/\/api.w.org\/{rel}","templated":true}]}}