{"id":55181,"date":"2019-04-09T23:59:01","date_gmt":"2019-04-09T21:59:01","guid":{"rendered":"https:\/\/octaedro.com\/libro\/bienvenidos-el-primer-diccionario-de-espanol\/"},"modified":"2023-02-22T13:39:31","modified_gmt":"2023-02-22T12:39:31","slug":"bienvenidos-el-primer-diccionario-de-espanol-2-2","status":"publish","type":"product","link":"https:\/\/wizardly-davinci.82-223-8-23.plesk.page\/en\/producto\/bienvenidos-el-primer-diccionario-de-espanol-2-2\/","title":{"rendered":"\u00a1Bienvenidos! El primer diccionario de espa\u00f1ol"},"content":{"rendered":"<p><strong>As\u00ed de claro&#8230;<\/strong> El primer diccionario de espa\u00f1ol, con 3000 palabras definidas, para un nivel b\u00e1sico y con apoyo visual, para los principiantes en nuestro idioma.<br \/>\n<strong>As\u00ed de f\u00e1cil&#8230;<\/strong> Las definiciones son muy sencillas y breves, de consulta r\u00e1pida. No es necesario saber gram\u00e1tica. El vocabulario aparece organizado en clases de palabras siguiendo un c\u00f3digo de color.<br \/>\n<strong>As\u00ed de \u00fatil&#8230;<\/strong> Cada palabra se inserta en un contexto de comunicaci\u00f3n real, dentro de una situaci\u00f3n comunicativa concreta en la que la palabra se usa.<\/p>\n<p><strong>&#8230;Y comienza a hablar y a entender en espa\u00f1ol<\/strong><\/p>\n","protected":false},"excerpt":{"rendered":"<p><strong>As\u00ed de claro&#8230;<\/strong> El primer diccionario de espa\u00f1ol, con 3000 palabras definidas, para un nivel b\u00e1sico y con apoyo visual, para los principiantes en nuestro idioma.<br \/>\n<strong>As\u00ed de f\u00e1cil&#8230;<\/strong> Las definiciones son muy sencillas y breves, de consulta r\u00e1pida. No es necesario saber gram\u00e1tica. El vocabulario aparece organizado en clases de palabras siguiendo un c\u00f3digo de color.<br \/>\n<strong>As\u00ed de \u00fatil&#8230;<\/strong> Cada palabra se inserta en un contexto de comunicaci\u00f3n real, dentro de una situaci\u00f3n comunicativa concreta en la que la palabra se usa.<\/p>\n<p><strong>&#8230;Y comienza a hablar y a entender en espa\u00f1ol<\/strong><\/p>\n","protected":false},"featured_media":55182,"comment_status":"open","ping_status":"closed","template":"","meta":{"_et_pb_use_builder":"","_et_pb_old_content":"","_et_gb_content_width":""},"product_cat":[11858,11859,11919],"product_tag":[11860],"edicion":[11865],"editoriales":[11867],"tienda":[],"autor_id":[14574],"universidades_coeditoras":[],"palabras_clave":[],"listado_alfabetico":[],"acf":[],"_links":{"self":[{"href":"https:\/\/wizardly-davinci.82-223-8-23.plesk.page\/en\/wp-json\/wp\/v2\/product\/55181"}],"collection":[{"href":"https:\/\/wizardly-davinci.82-223-8-23.plesk.page\/en\/wp-json\/wp\/v2\/product"}],"about":[{"href":"https:\/\/wizardly-davinci.82-223-8-23.plesk.page\/en\/wp-json\/wp\/v2\/types\/product"}],"replies":[{"embeddable":true,"href":"https:\/\/wizardly-davinci.82-223-8-23.plesk.page\/en\/wp-json\/wp\/v2\/comments?post=55181"}],"wp:featuredmedia":[{"embeddable":true,"href":"https:\/\/wizardly-davinci.82-223-8-23.plesk.page\/en\/wp-json\/wp\/v2\/media\/55182"}],"wp:attachment":[{"href":"https:\/\/wizardly-davinci.82-223-8-23.plesk.page\/en\/wp-json\/wp\/v2\/media?parent=55181"}],"wp:term":[{"taxonomy":"product_cat","embeddable":true,"href":"https:\/\/wizardly-davinci.82-223-8-23.plesk.page\/en\/wp-json\/wp\/v2\/product_cat?post=55181"},{"taxonomy":"product_tag","embeddable":true,"href":"https:\/\/wizardly-davinci.82-223-8-23.plesk.page\/en\/wp-json\/wp\/v2\/product_tag?post=55181"},{"taxonomy":"edicion","embeddable":true,"href":"https:\/\/wizardly-davinci.82-223-8-23.plesk.page\/en\/wp-json\/wp\/v2\/edicion?post=55181"},{"taxonomy":"editoriales","embeddable":true,"href":"https:\/\/wizardly-davinci.82-223-8-23.plesk.page\/en\/wp-json\/wp\/v2\/editoriales?post=55181"},{"taxonomy":"tienda","embeddable":true,"href":"https:\/\/wizardly-davinci.82-223-8-23.plesk.page\/en\/wp-json\/wp\/v2\/tienda?post=55181"},{"taxonomy":"autor_id","embeddable":true,"href":"https:\/\/wizardly-davinci.82-223-8-23.plesk.page\/en\/wp-json\/wp\/v2\/autor_id?post=55181"},{"taxonomy":"universidades_coeditoras","embeddable":true,"href":"https:\/\/wizardly-davinci.82-223-8-23.plesk.page\/en\/wp-json\/wp\/v2\/universidades_coeditoras?post=55181"},{"taxonomy":"palabras_clave","embeddable":true,"href":"https:\/\/wizardly-davinci.82-223-8-23.plesk.page\/en\/wp-json\/wp\/v2\/palabras_clave?post=55181"},{"taxonomy":"listado_alfabetico","embeddable":true,"href":"https:\/\/wizardly-davinci.82-223-8-23.plesk.page\/en\/wp-json\/wp\/v2\/listado_alfabetico?post=55181"}],"curies":[{"name":"wp","href":"https:\/\/api.w.org\/{rel}","templated":true}]}}