{"id":55183,"date":"2019-04-09T23:59:01","date_gmt":"2019-04-09T21:59:01","guid":{"rendered":"https:\/\/octaedro.com\/libro\/matematicas-en-la-vida-real\/"},"modified":"2023-02-22T13:39:31","modified_gmt":"2023-02-22T12:39:31","slug":"matematicas-en-la-vida-real-2","status":"publish","type":"product","link":"https:\/\/wizardly-davinci.82-223-8-23.plesk.page\/en\/producto\/matematicas-en-la-vida-real-2\/","title":{"rendered":"Matem\u00e1ticas en la vida real"},"content":{"rendered":"<p>\u00bfSe puede aprender matem\u00e1ticas partiendo de la realidad de todos los d\u00edas?<br \/>\nAl realizar los problemas de este libro, el estudiante descubrir\u00e1 que detr\u00e1s de nuestros pasos hay una ecuaci\u00f3n que pone en relaci\u00f3n su longitud y n\u00famero, estudiar\u00e1 la planta de una ciudad que se puede inscribir en una circunferencia, reflexionar\u00e1 sobre las implicaciones l\u00f3gicas de los art\u00edculos del tratado que instaura la Comunidad Europea, organizar\u00e1 diversas inecuaciones para comparar presupuestos, tratar\u00e1 de encontrar el sistema lineal que describe el resultado de algunas inversiones en acciones, aprender\u00e1 a leer el perfil altim\u00e9trico de un camino y muchas otras cosas.<br \/>\nMatem\u00e1ticas en la vida real recoge 34 problemas de matem\u00e1tica y realidad, parecidos a los que se encuentran en las pruebas internacionales de PISA (Program for International Student Assessment). Cada problema est\u00e1 seguido de una tabla de evaluaci\u00f3n para el profesor, en la que para cada pregunta se proponen varias respuestas posibles del estudiante y a cada una de ellas se le atribuye una puntuaci\u00f3n que tiene en cuenta no solo la correcci\u00f3n del resultado, sino tambi\u00e9n el procedimiento elegido para alcanzarlo.<br \/>\nAs\u00ed, a la vez que el estudiante se motiva y desarrolla competencias \u00fatiles en la vida cotidiana, el profesor tiene los instrumentos para comprobar que sigue los criterios de evaluaci\u00f3n PISA.<\/p>\n","protected":false},"excerpt":{"rendered":"<p>\u00bfSe puede aprender matem\u00e1ticas partiendo de la realidad de todos los d\u00edas?<br \/>\nAl realizar los problemas de este libro, el estudiante descubrir\u00e1 que detr\u00e1s de nuestros pasos hay una ecuaci\u00f3n que pone en relaci\u00f3n su longitud y n\u00famero, estudiar\u00e1 la planta de una ciudad que se puede inscribir en una circunferencia, reflexionar\u00e1 sobre las implicaciones l\u00f3gicas de los art\u00edculos del tratado que instaura la Comunidad Europea, organizar\u00e1 diversas inecuaciones para comparar presupuestos, tratar\u00e1 de encontrar el sistema lineal que describe el resultado de algunas inversiones en acciones, aprender\u00e1 a leer el perfil altim\u00e9trico de un camino y muchas otras cosas.<br \/>\nMatem\u00e1ticas en la vida real recoge 34 problemas de matem\u00e1tica y realidad, parecidos a los que se encuentran en las pruebas internacionales de PISA (Program for International Student Assessment). Cada problema est\u00e1 seguido de una tabla de evaluaci\u00f3n para el profesor, en la que para cada pregunta se proponen varias respuestas posibles del estudiante y a cada una de ellas se le atribuye una puntuaci\u00f3n que tiene en cuenta no solo la correcci\u00f3n del resultado, sino tambi\u00e9n el procedimiento elegido para alcanzarlo.<br \/>\nAs\u00ed, a la vez que el estudiante se motiva y desarrolla competencias \u00fatiles en la vida cotidiana, el profesor tiene los instrumentos para comprobar que sigue los criterios de evaluaci\u00f3n PISA.<\/p>\n","protected":false},"featured_media":55184,"comment_status":"open","ping_status":"closed","template":"","meta":{"_et_pb_use_builder":"","_et_pb_old_content":"","_et_gb_content_width":""},"product_cat":[11858,11859],"product_tag":[11860],"edicion":[11865],"editoriales":[11867],"tienda":[],"autor_id":[19117],"universidades_coeditoras":[],"palabras_clave":[],"listado_alfabetico":[],"acf":[],"_links":{"self":[{"href":"https:\/\/wizardly-davinci.82-223-8-23.plesk.page\/en\/wp-json\/wp\/v2\/product\/55183"}],"collection":[{"href":"https:\/\/wizardly-davinci.82-223-8-23.plesk.page\/en\/wp-json\/wp\/v2\/product"}],"about":[{"href":"https:\/\/wizardly-davinci.82-223-8-23.plesk.page\/en\/wp-json\/wp\/v2\/types\/product"}],"replies":[{"embeddable":true,"href":"https:\/\/wizardly-davinci.82-223-8-23.plesk.page\/en\/wp-json\/wp\/v2\/comments?post=55183"}],"wp:featuredmedia":[{"embeddable":true,"href":"https:\/\/wizardly-davinci.82-223-8-23.plesk.page\/en\/wp-json\/wp\/v2\/media\/55184"}],"wp:attachment":[{"href":"https:\/\/wizardly-davinci.82-223-8-23.plesk.page\/en\/wp-json\/wp\/v2\/media?parent=55183"}],"wp:term":[{"taxonomy":"product_cat","embeddable":true,"href":"https:\/\/wizardly-davinci.82-223-8-23.plesk.page\/en\/wp-json\/wp\/v2\/product_cat?post=55183"},{"taxonomy":"product_tag","embeddable":true,"href":"https:\/\/wizardly-davinci.82-223-8-23.plesk.page\/en\/wp-json\/wp\/v2\/product_tag?post=55183"},{"taxonomy":"edicion","embeddable":true,"href":"https:\/\/wizardly-davinci.82-223-8-23.plesk.page\/en\/wp-json\/wp\/v2\/edicion?post=55183"},{"taxonomy":"editoriales","embeddable":true,"href":"https:\/\/wizardly-davinci.82-223-8-23.plesk.page\/en\/wp-json\/wp\/v2\/editoriales?post=55183"},{"taxonomy":"tienda","embeddable":true,"href":"https:\/\/wizardly-davinci.82-223-8-23.plesk.page\/en\/wp-json\/wp\/v2\/tienda?post=55183"},{"taxonomy":"autor_id","embeddable":true,"href":"https:\/\/wizardly-davinci.82-223-8-23.plesk.page\/en\/wp-json\/wp\/v2\/autor_id?post=55183"},{"taxonomy":"universidades_coeditoras","embeddable":true,"href":"https:\/\/wizardly-davinci.82-223-8-23.plesk.page\/en\/wp-json\/wp\/v2\/universidades_coeditoras?post=55183"},{"taxonomy":"palabras_clave","embeddable":true,"href":"https:\/\/wizardly-davinci.82-223-8-23.plesk.page\/en\/wp-json\/wp\/v2\/palabras_clave?post=55183"},{"taxonomy":"listado_alfabetico","embeddable":true,"href":"https:\/\/wizardly-davinci.82-223-8-23.plesk.page\/en\/wp-json\/wp\/v2\/listado_alfabetico?post=55183"}],"curies":[{"name":"wp","href":"https:\/\/api.w.org\/{rel}","templated":true}]}}