{"id":55185,"date":"2019-04-09T23:59:00","date_gmt":"2019-04-09T21:59:00","guid":{"rendered":"https:\/\/octaedro.com\/libro\/el-comentario-de-textos\/"},"modified":"2023-02-22T13:39:31","modified_gmt":"2023-02-22T12:39:31","slug":"el-comentario-de-textos-2","status":"publish","type":"product","link":"https:\/\/wizardly-davinci.82-223-8-23.plesk.page\/en\/producto\/el-comentario-de-textos-2\/","title":{"rendered":"El comentario de textos"},"content":{"rendered":"<p>A menudo, los j\u00f3venes estudiantes tienen dificultades para entender los textos, para explicarlos o comentarlos. En el examen para entrar en la universidad, alumnos y alumnas deben afrontar el comentario cr\u00edtico de un texto; lo que requiere no s\u00f3lo pericia, sino tambi\u00e9n una abundante y continua pr\u00e1ctica.<br \/>\nPresentamos aqu\u00ed una gu\u00eda de pasos necesarios para el comentario de cualquier tipo de texto, tambi\u00e9n en una colecci\u00f3n de diez textos resueltos, as\u00ed como una propuesta pr\u00e1ctica para dominar la t\u00e9cnica del comentario de texto y la sintaxis, con el fin de que el alumnado obtenga las habilidades y preparaci\u00f3n necesarias para afrontar la prueba de an\u00e1lisis de texto en Lengua castellana.<\/p>\n","protected":false},"excerpt":{"rendered":"<p>A menudo, los j\u00f3venes estudiantes tienen dificultades para entender los textos, para explicarlos o comentarlos. En el examen para entrar en la universidad, alumnos y alumnas deben afrontar el comentario cr\u00edtico de un texto; lo que requiere no s\u00f3lo pericia, sino tambi\u00e9n una abundante y continua pr\u00e1ctica.<br \/>\nPresentamos aqu\u00ed una gu\u00eda de pasos necesarios para el comentario de cualquier tipo de texto, tambi\u00e9n en una colecci\u00f3n de diez textos resueltos, as\u00ed como una propuesta pr\u00e1ctica para dominar la t\u00e9cnica del comentario de texto y la sintaxis, con el fin de que el alumnado obtenga las habilidades y preparaci\u00f3n necesarias para afrontar la prueba de an\u00e1lisis de texto en Lengua castellana.<\/p>\n","protected":false},"featured_media":55186,"comment_status":"open","ping_status":"closed","template":"","meta":{"_et_pb_use_builder":"","_et_pb_old_content":"","_et_gb_content_width":""},"product_cat":[11858,11859,11919],"product_tag":[11860],"edicion":[11865],"editoriales":[11867],"tienda":[],"autor_id":[13863,20020],"universidades_coeditoras":[],"palabras_clave":[],"listado_alfabetico":[],"acf":[],"_links":{"self":[{"href":"https:\/\/wizardly-davinci.82-223-8-23.plesk.page\/en\/wp-json\/wp\/v2\/product\/55185"}],"collection":[{"href":"https:\/\/wizardly-davinci.82-223-8-23.plesk.page\/en\/wp-json\/wp\/v2\/product"}],"about":[{"href":"https:\/\/wizardly-davinci.82-223-8-23.plesk.page\/en\/wp-json\/wp\/v2\/types\/product"}],"replies":[{"embeddable":true,"href":"https:\/\/wizardly-davinci.82-223-8-23.plesk.page\/en\/wp-json\/wp\/v2\/comments?post=55185"}],"wp:featuredmedia":[{"embeddable":true,"href":"https:\/\/wizardly-davinci.82-223-8-23.plesk.page\/en\/wp-json\/wp\/v2\/media\/55186"}],"wp:attachment":[{"href":"https:\/\/wizardly-davinci.82-223-8-23.plesk.page\/en\/wp-json\/wp\/v2\/media?parent=55185"}],"wp:term":[{"taxonomy":"product_cat","embeddable":true,"href":"https:\/\/wizardly-davinci.82-223-8-23.plesk.page\/en\/wp-json\/wp\/v2\/product_cat?post=55185"},{"taxonomy":"product_tag","embeddable":true,"href":"https:\/\/wizardly-davinci.82-223-8-23.plesk.page\/en\/wp-json\/wp\/v2\/product_tag?post=55185"},{"taxonomy":"edicion","embeddable":true,"href":"https:\/\/wizardly-davinci.82-223-8-23.plesk.page\/en\/wp-json\/wp\/v2\/edicion?post=55185"},{"taxonomy":"editoriales","embeddable":true,"href":"https:\/\/wizardly-davinci.82-223-8-23.plesk.page\/en\/wp-json\/wp\/v2\/editoriales?post=55185"},{"taxonomy":"tienda","embeddable":true,"href":"https:\/\/wizardly-davinci.82-223-8-23.plesk.page\/en\/wp-json\/wp\/v2\/tienda?post=55185"},{"taxonomy":"autor_id","embeddable":true,"href":"https:\/\/wizardly-davinci.82-223-8-23.plesk.page\/en\/wp-json\/wp\/v2\/autor_id?post=55185"},{"taxonomy":"universidades_coeditoras","embeddable":true,"href":"https:\/\/wizardly-davinci.82-223-8-23.plesk.page\/en\/wp-json\/wp\/v2\/universidades_coeditoras?post=55185"},{"taxonomy":"palabras_clave","embeddable":true,"href":"https:\/\/wizardly-davinci.82-223-8-23.plesk.page\/en\/wp-json\/wp\/v2\/palabras_clave?post=55185"},{"taxonomy":"listado_alfabetico","embeddable":true,"href":"https:\/\/wizardly-davinci.82-223-8-23.plesk.page\/en\/wp-json\/wp\/v2\/listado_alfabetico?post=55185"}],"curies":[{"name":"wp","href":"https:\/\/api.w.org\/{rel}","templated":true}]}}