{"id":55187,"date":"2019-04-09T23:59:00","date_gmt":"2019-04-09T21:59:00","guid":{"rendered":"https:\/\/octaedro.com\/libro\/de-las-palabras-a-los-textos\/"},"modified":"2023-02-22T13:39:31","modified_gmt":"2023-02-22T12:39:31","slug":"de-las-palabras-a-los-textos-2","status":"publish","type":"product","link":"https:\/\/wizardly-davinci.82-223-8-23.plesk.page\/en\/producto\/de-las-palabras-a-los-textos-2\/","title":{"rendered":"De las palabras a los textos"},"content":{"rendered":"<p>Con este libro nos dirigimos a todas las personas interesadas en el estudio de la lengua castellana, tanto profesores como estudiantes. Deseamos que se convierta en una eficaz herramienta de consulta.<br \/>\nPartiremos de los elementos m\u00e1s simples de la lengua, y contando con unas bases rigurosas y claras con la que sistematizar el estudio de la lengua castellana, llegaremos a estructuras m\u00e1s complejas. En este camino comprenderemos que la lengua es un instrumento vivo y din\u00e1mico, lo que nos llevar\u00e1 a atender, no s\u00f3lo a la teor\u00eda del sistema, sino tambi\u00e9n a su aspecto pragm\u00e1tico. Partimos, pues, de la unidad expresiva b\u00e1sica, la palabra; estudiamos su comportamiento, sus relaciones; c\u00f3mo las palabras se combinan entre s\u00ed para formar oraciones; c\u00f3mo estas oraciones, a su vez, se conciertan entre s\u00ed y, finalmente, c\u00f3mo se estructuran en un texto y qu\u00e9 marcas ling\u00fc\u00edsticas dan unidad y coherencia a ese texto.<\/p>\n","protected":false},"excerpt":{"rendered":"<p>Con este libro nos dirigimos a todas las personas interesadas en el estudio de la lengua castellana, tanto profesores como estudiantes. Deseamos que se convierta en una eficaz herramienta de consulta.<br \/>\nPartiremos de los elementos m\u00e1s simples de la lengua, y contando con unas bases rigurosas y claras con la que sistematizar el estudio de la lengua castellana, llegaremos a estructuras m\u00e1s complejas. En este camino comprenderemos que la lengua es un instrumento vivo y din\u00e1mico, lo que nos llevar\u00e1 a atender, no s\u00f3lo a la teor\u00eda del sistema, sino tambi\u00e9n a su aspecto pragm\u00e1tico. Partimos, pues, de la unidad expresiva b\u00e1sica, la palabra; estudiamos su comportamiento, sus relaciones; c\u00f3mo las palabras se combinan entre s\u00ed para formar oraciones; c\u00f3mo estas oraciones, a su vez, se conciertan entre s\u00ed y, finalmente, c\u00f3mo se estructuran en un texto y qu\u00e9 marcas ling\u00fc\u00edsticas dan unidad y coherencia a ese texto.<\/p>\n","protected":false},"featured_media":55188,"comment_status":"open","ping_status":"closed","template":"","meta":{"_et_pb_use_builder":"","_et_pb_old_content":"","_et_gb_content_width":""},"product_cat":[11858,11859,11919],"product_tag":[11860],"edicion":[11865],"editoriales":[11867],"tienda":[],"autor_id":[13830,14410,14389],"universidades_coeditoras":[],"palabras_clave":[],"listado_alfabetico":[],"acf":[],"_links":{"self":[{"href":"https:\/\/wizardly-davinci.82-223-8-23.plesk.page\/en\/wp-json\/wp\/v2\/product\/55187"}],"collection":[{"href":"https:\/\/wizardly-davinci.82-223-8-23.plesk.page\/en\/wp-json\/wp\/v2\/product"}],"about":[{"href":"https:\/\/wizardly-davinci.82-223-8-23.plesk.page\/en\/wp-json\/wp\/v2\/types\/product"}],"replies":[{"embeddable":true,"href":"https:\/\/wizardly-davinci.82-223-8-23.plesk.page\/en\/wp-json\/wp\/v2\/comments?post=55187"}],"wp:featuredmedia":[{"embeddable":true,"href":"https:\/\/wizardly-davinci.82-223-8-23.plesk.page\/en\/wp-json\/wp\/v2\/media\/55188"}],"wp:attachment":[{"href":"https:\/\/wizardly-davinci.82-223-8-23.plesk.page\/en\/wp-json\/wp\/v2\/media?parent=55187"}],"wp:term":[{"taxonomy":"product_cat","embeddable":true,"href":"https:\/\/wizardly-davinci.82-223-8-23.plesk.page\/en\/wp-json\/wp\/v2\/product_cat?post=55187"},{"taxonomy":"product_tag","embeddable":true,"href":"https:\/\/wizardly-davinci.82-223-8-23.plesk.page\/en\/wp-json\/wp\/v2\/product_tag?post=55187"},{"taxonomy":"edicion","embeddable":true,"href":"https:\/\/wizardly-davinci.82-223-8-23.plesk.page\/en\/wp-json\/wp\/v2\/edicion?post=55187"},{"taxonomy":"editoriales","embeddable":true,"href":"https:\/\/wizardly-davinci.82-223-8-23.plesk.page\/en\/wp-json\/wp\/v2\/editoriales?post=55187"},{"taxonomy":"tienda","embeddable":true,"href":"https:\/\/wizardly-davinci.82-223-8-23.plesk.page\/en\/wp-json\/wp\/v2\/tienda?post=55187"},{"taxonomy":"autor_id","embeddable":true,"href":"https:\/\/wizardly-davinci.82-223-8-23.plesk.page\/en\/wp-json\/wp\/v2\/autor_id?post=55187"},{"taxonomy":"universidades_coeditoras","embeddable":true,"href":"https:\/\/wizardly-davinci.82-223-8-23.plesk.page\/en\/wp-json\/wp\/v2\/universidades_coeditoras?post=55187"},{"taxonomy":"palabras_clave","embeddable":true,"href":"https:\/\/wizardly-davinci.82-223-8-23.plesk.page\/en\/wp-json\/wp\/v2\/palabras_clave?post=55187"},{"taxonomy":"listado_alfabetico","embeddable":true,"href":"https:\/\/wizardly-davinci.82-223-8-23.plesk.page\/en\/wp-json\/wp\/v2\/listado_alfabetico?post=55187"}],"curies":[{"name":"wp","href":"https:\/\/api.w.org\/{rel}","templated":true}]}}