{"id":55191,"date":"2019-04-09T23:58:59","date_gmt":"2019-04-09T21:58:59","guid":{"rendered":"https:\/\/octaedro.com\/libro\/diccionario-estudio-salamanca\/"},"modified":"2023-02-22T13:39:31","modified_gmt":"2023-02-22T12:39:31","slug":"diccionario-estudio-salamanca-2","status":"publish","type":"product","link":"https:\/\/wizardly-davinci.82-223-8-23.plesk.page\/en\/producto\/diccionario-estudio-salamanca-2\/","title":{"rendered":"Diccionario estudio Salamanca"},"content":{"rendered":"<p>Did\u00e1ctico porque\u2026<br \/>\n-Ha sido concebido y elaborado por un grupo de profesores de gran experiencia en todos los niveles educativos, sobre todo en la Ense\u00f1anza Secundaria.<br \/>\n-Las definiciones son sencillas, adecuadas a la capacidad comprensiva de los alumnos.Completo porque\u2026<br \/>\n-Contiene 30.124 art\u00edculos y 59.210 acepciones, que han sido extra\u00eddas a partir de un corpus textual de manuales de todas las materias de la Ense\u00f1anza Secundaria.<br \/>\n-Incluye 12.393 tecnicismos, todos del \u00e1mbito de la Ense\u00f1anza Secundaria, definidos con un m\u00e9todo claro y sencillo, y con valiosa informaci\u00f3n enciclop\u00e9dica de gran utilidad para los estudiantes.<br \/>\n-Introduce palabras compuestas y locuciones (con clasificaci\u00f3n actual), destacadas con sublemas en negrita y ordenadas alfab\u00e9ticamente, lo que facilita su consulta.<br \/>\n-Incorpora una selecci\u00f3n de palabras o acepciones de uso muy frecuente en los pa\u00edses de la Am\u00e9rica hispana.<br \/>\n-Recoge las recomendaciones normativas que la Asociaci\u00f3n de Academias de la Lengua Espa\u00f1ola ha publicado en el <em>Diccionario Panhisp\u00e1nico de Dudas <\/em>(2005).<br \/>\nOriginal porque\u2026<br \/>\n-Se adapta espec\u00edficamente a la edad de los alumnos de Secundaria, pues es el primer diccionario que se ha elaborado partiendo de los resultados de una encuesta realizada a los usuarios, los estudiantes.<br \/>\n-Las acepciones est\u00e1n determinadas por el distinto significado d ela palabra, pero, adem\u00e1s, por su distinto contexto de uso, por el contorno ling\u00fc\u00edstico en que aparece y por la estructura sint\u00e1ctica que exige el t\u00e9rmino en cada caso.<\/p>\n","protected":false},"excerpt":{"rendered":"<p>Did\u00e1ctico porque\u2026<br \/>\n-Ha sido concebido y elaborado por un grupo de profesores de gran experiencia en todos los niveles educativos, sobre todo en la Ense\u00f1anza Secundaria.<br \/>\n-Las definiciones son sencillas, adecuadas a la capacidad comprensiva de los alumnos.Completo porque\u2026<br \/>\n-Contiene 30.124 art\u00edculos y 59.210 acepciones, que han sido extra\u00eddas a partir de un corpus textual de manuales de todas las materias de la Ense\u00f1anza Secundaria.<br \/>\n-Incluye 12.393 tecnicismos, todos del \u00e1mbito de la Ense\u00f1anza Secundaria, definidos con un m\u00e9todo claro y sencillo, y con valiosa informaci\u00f3n enciclop\u00e9dica de gran utilidad para los estudiantes.<br \/>\n-Introduce palabras compuestas y locuciones (con clasificaci\u00f3n actual), destacadas con sublemas en negrita y ordenadas alfab\u00e9ticamente, lo que facilita su consulta.<br \/>\n-Incorpora una selecci\u00f3n de palabras o acepciones de uso muy frecuente en los pa\u00edses de la Am\u00e9rica hispana.<br \/>\n-Recoge las recomendaciones normativas que la Asociaci\u00f3n de Academias de la Lengua Espa\u00f1ola ha publicado en el <em>Diccionario Panhisp\u00e1nico de Dudas <\/em>(2005).<br \/>\nOriginal porque\u2026<br \/>\n-Se adapta espec\u00edficamente a la edad de los alumnos de Secundaria, pues es el primer diccionario que se ha elaborado partiendo de los resultados de una encuesta realizada a los usuarios, los estudiantes.<br \/>\n-Las acepciones est\u00e1n determinadas por el distinto significado d ela palabra, pero, adem\u00e1s, por su distinto contexto de uso, por el contorno ling\u00fc\u00edstico en que aparece y por la estructura sint\u00e1ctica que exige el t\u00e9rmino en cada caso.<\/p>\n","protected":false},"featured_media":55192,"comment_status":"open","ping_status":"closed","template":"","meta":{"_et_pb_use_builder":"","_et_pb_old_content":"","_et_gb_content_width":""},"product_cat":[11858,11859,11919],"product_tag":[11860],"edicion":[11865],"editoriales":[11867],"tienda":[],"autor_id":[14139],"universidades_coeditoras":[],"palabras_clave":[],"listado_alfabetico":[],"acf":[],"_links":{"self":[{"href":"https:\/\/wizardly-davinci.82-223-8-23.plesk.page\/en\/wp-json\/wp\/v2\/product\/55191"}],"collection":[{"href":"https:\/\/wizardly-davinci.82-223-8-23.plesk.page\/en\/wp-json\/wp\/v2\/product"}],"about":[{"href":"https:\/\/wizardly-davinci.82-223-8-23.plesk.page\/en\/wp-json\/wp\/v2\/types\/product"}],"replies":[{"embeddable":true,"href":"https:\/\/wizardly-davinci.82-223-8-23.plesk.page\/en\/wp-json\/wp\/v2\/comments?post=55191"}],"wp:featuredmedia":[{"embeddable":true,"href":"https:\/\/wizardly-davinci.82-223-8-23.plesk.page\/en\/wp-json\/wp\/v2\/media\/55192"}],"wp:attachment":[{"href":"https:\/\/wizardly-davinci.82-223-8-23.plesk.page\/en\/wp-json\/wp\/v2\/media?parent=55191"}],"wp:term":[{"taxonomy":"product_cat","embeddable":true,"href":"https:\/\/wizardly-davinci.82-223-8-23.plesk.page\/en\/wp-json\/wp\/v2\/product_cat?post=55191"},{"taxonomy":"product_tag","embeddable":true,"href":"https:\/\/wizardly-davinci.82-223-8-23.plesk.page\/en\/wp-json\/wp\/v2\/product_tag?post=55191"},{"taxonomy":"edicion","embeddable":true,"href":"https:\/\/wizardly-davinci.82-223-8-23.plesk.page\/en\/wp-json\/wp\/v2\/edicion?post=55191"},{"taxonomy":"editoriales","embeddable":true,"href":"https:\/\/wizardly-davinci.82-223-8-23.plesk.page\/en\/wp-json\/wp\/v2\/editoriales?post=55191"},{"taxonomy":"tienda","embeddable":true,"href":"https:\/\/wizardly-davinci.82-223-8-23.plesk.page\/en\/wp-json\/wp\/v2\/tienda?post=55191"},{"taxonomy":"autor_id","embeddable":true,"href":"https:\/\/wizardly-davinci.82-223-8-23.plesk.page\/en\/wp-json\/wp\/v2\/autor_id?post=55191"},{"taxonomy":"universidades_coeditoras","embeddable":true,"href":"https:\/\/wizardly-davinci.82-223-8-23.plesk.page\/en\/wp-json\/wp\/v2\/universidades_coeditoras?post=55191"},{"taxonomy":"palabras_clave","embeddable":true,"href":"https:\/\/wizardly-davinci.82-223-8-23.plesk.page\/en\/wp-json\/wp\/v2\/palabras_clave?post=55191"},{"taxonomy":"listado_alfabetico","embeddable":true,"href":"https:\/\/wizardly-davinci.82-223-8-23.plesk.page\/en\/wp-json\/wp\/v2\/listado_alfabetico?post=55191"}],"curies":[{"name":"wp","href":"https:\/\/api.w.org\/{rel}","templated":true}]}}