{"id":55193,"date":"2019-04-09T23:58:59","date_gmt":"2019-04-09T21:58:59","guid":{"rendered":"https:\/\/octaedro.com\/libro\/las-religiones\/"},"modified":"2023-02-22T13:39:31","modified_gmt":"2023-02-22T12:39:31","slug":"las-religiones-2","status":"publish","type":"product","link":"https:\/\/wizardly-davinci.82-223-8-23.plesk.page\/en\/producto\/las-religiones-2\/","title":{"rendered":"Las religiones"},"content":{"rendered":"<p>\u00bfQu\u00e9 piensas, qu\u00e9 pensamos de las religiones? De una, de todas, del hecho religioso en s\u00ed\u2026 \u201c\u00bfQu\u00e9 pienso? o \u00bfqu\u00e9 opino?\u201d \u2013podr\u00eda ser una respuesta-. Porque no es lo mismo. Para opinar no es imprescindible pensar; quien m\u00e1s quien menos tiene su opini\u00f3n sobre el tema. Pero pensar ya es un asunto m\u00e1s complicado; requiere conocimientos, comprensi\u00f3n de los porqu\u00e9s y los comos, rastrear en el interior de un conglomerado que a\u00fana realidades inmensamente dispares\u2026 \u00bfPor d\u00f3nde empezar?<\/p>\n<p>\u00bfPor qu\u00e9 no por el principio? Esa ser\u00eda la propuesta de este libro: retroceder hasta situarse, en la medida de lo posible, en los or\u00edgenes de algunos movimientos religiosos acercarse a algunos personajes clave. Caminar cerca de Siddharta, el Buda; de Satyakama Jabala, de rab\u00ed Hilel; de Yeshua, el Cristo, y del profeta Mahoma; cerca de sus inquietudes y de los conflictos de su tiempo, de sus dudas y de sus respuestas. Y, desde esa proximidad, procuraremos analizar y valorar. Podremos empezar a reflexionar.<br \/>\nY a\u00fan nos quedar\u00e1 mucho camino por delante. Porque las religiones son fen\u00f3menos sociales complejos que no se ci\u00f1en ala experiencia vital de determinados personajes. Pero acercarnos a ellos nos orientar\u00e1 en la tarea de interpretaci\u00f3n; ellos ser\u00e1n la llave que nos permitir\u00e1 adentrarnos en unas realidades que escapan a toda simplificaci\u00f3n. Y en el camino es posible que descubramos, adem\u00e1s, que hay inquietudes e interrogantes que resultan m\u00e1s actuales de lo que podr\u00eda parecer\u2026<\/p>\n","protected":false},"excerpt":{"rendered":"<p>\u00bfQu\u00e9 piensas, qu\u00e9 pensamos de las religiones? De una, de todas, del hecho religioso en s\u00ed\u2026 \u201c\u00bfQu\u00e9 pienso? o \u00bfqu\u00e9 opino?\u201d \u2013podr\u00eda ser una respuesta-. Porque no es lo mismo. Para opinar no es imprescindible pensar; quien m\u00e1s quien menos tiene su opini\u00f3n sobre el tema. Pero pensar ya es un asunto m\u00e1s complicado; requiere conocimientos, comprensi\u00f3n de los porqu\u00e9s y los comos, rastrear en el interior de un conglomerado que a\u00fana realidades inmensamente dispares\u2026 \u00bfPor d\u00f3nde empezar?<\/p>\n<p>\u00bfPor qu\u00e9 no por el principio? Esa ser\u00eda la propuesta de este libro: retroceder hasta situarse, en la medida de lo posible, en los or\u00edgenes de algunos movimientos religiosos acercarse a algunos personajes clave. Caminar cerca de Siddharta, el Buda; de Satyakama Jabala, de rab\u00ed Hilel; de Yeshua, el Cristo, y del profeta Mahoma; cerca de sus inquietudes y de los conflictos de su tiempo, de sus dudas y de sus respuestas. Y, desde esa proximidad, procuraremos analizar y valorar. Podremos empezar a reflexionar.<br \/>\nY a\u00fan nos quedar\u00e1 mucho camino por delante. Porque las religiones son fen\u00f3menos sociales complejos que no se ci\u00f1en ala experiencia vital de determinados personajes. Pero acercarnos a ellos nos orientar\u00e1 en la tarea de interpretaci\u00f3n; ellos ser\u00e1n la llave que nos permitir\u00e1 adentrarnos en unas realidades que escapan a toda simplificaci\u00f3n. Y en el camino es posible que descubramos, adem\u00e1s, que hay inquietudes e interrogantes que resultan m\u00e1s actuales de lo que podr\u00eda parecer\u2026<\/p>\n","protected":false},"featured_media":55194,"comment_status":"open","ping_status":"closed","template":"","meta":{"_et_pb_use_builder":"","_et_pb_old_content":"","_et_gb_content_width":""},"product_cat":[11858,11859],"product_tag":[11860],"edicion":[11865],"editoriales":[11867],"tienda":[],"autor_id":[14354],"universidades_coeditoras":[],"palabras_clave":[],"listado_alfabetico":[],"acf":[],"_links":{"self":[{"href":"https:\/\/wizardly-davinci.82-223-8-23.plesk.page\/en\/wp-json\/wp\/v2\/product\/55193"}],"collection":[{"href":"https:\/\/wizardly-davinci.82-223-8-23.plesk.page\/en\/wp-json\/wp\/v2\/product"}],"about":[{"href":"https:\/\/wizardly-davinci.82-223-8-23.plesk.page\/en\/wp-json\/wp\/v2\/types\/product"}],"replies":[{"embeddable":true,"href":"https:\/\/wizardly-davinci.82-223-8-23.plesk.page\/en\/wp-json\/wp\/v2\/comments?post=55193"}],"wp:featuredmedia":[{"embeddable":true,"href":"https:\/\/wizardly-davinci.82-223-8-23.plesk.page\/en\/wp-json\/wp\/v2\/media\/55194"}],"wp:attachment":[{"href":"https:\/\/wizardly-davinci.82-223-8-23.plesk.page\/en\/wp-json\/wp\/v2\/media?parent=55193"}],"wp:term":[{"taxonomy":"product_cat","embeddable":true,"href":"https:\/\/wizardly-davinci.82-223-8-23.plesk.page\/en\/wp-json\/wp\/v2\/product_cat?post=55193"},{"taxonomy":"product_tag","embeddable":true,"href":"https:\/\/wizardly-davinci.82-223-8-23.plesk.page\/en\/wp-json\/wp\/v2\/product_tag?post=55193"},{"taxonomy":"edicion","embeddable":true,"href":"https:\/\/wizardly-davinci.82-223-8-23.plesk.page\/en\/wp-json\/wp\/v2\/edicion?post=55193"},{"taxonomy":"editoriales","embeddable":true,"href":"https:\/\/wizardly-davinci.82-223-8-23.plesk.page\/en\/wp-json\/wp\/v2\/editoriales?post=55193"},{"taxonomy":"tienda","embeddable":true,"href":"https:\/\/wizardly-davinci.82-223-8-23.plesk.page\/en\/wp-json\/wp\/v2\/tienda?post=55193"},{"taxonomy":"autor_id","embeddable":true,"href":"https:\/\/wizardly-davinci.82-223-8-23.plesk.page\/en\/wp-json\/wp\/v2\/autor_id?post=55193"},{"taxonomy":"universidades_coeditoras","embeddable":true,"href":"https:\/\/wizardly-davinci.82-223-8-23.plesk.page\/en\/wp-json\/wp\/v2\/universidades_coeditoras?post=55193"},{"taxonomy":"palabras_clave","embeddable":true,"href":"https:\/\/wizardly-davinci.82-223-8-23.plesk.page\/en\/wp-json\/wp\/v2\/palabras_clave?post=55193"},{"taxonomy":"listado_alfabetico","embeddable":true,"href":"https:\/\/wizardly-davinci.82-223-8-23.plesk.page\/en\/wp-json\/wp\/v2\/listado_alfabetico?post=55193"}],"curies":[{"name":"wp","href":"https:\/\/api.w.org\/{rel}","templated":true}]}}