{"id":55195,"date":"2019-04-09T23:58:58","date_gmt":"2019-04-09T21:58:58","guid":{"rendered":"https:\/\/octaedro.com\/libro\/auxiliar-para-el-comentario-de-textos-literarios\/"},"modified":"2023-02-22T13:39:31","modified_gmt":"2023-02-22T12:39:31","slug":"auxiliar-para-el-comentario-de-textos-literarios-2","status":"publish","type":"product","link":"https:\/\/wizardly-davinci.82-223-8-23.plesk.page\/en\/producto\/auxiliar-para-el-comentario-de-textos-literarios-2\/","title":{"rendered":"Auxiliar para el comentario de textos literarios"},"content":{"rendered":"<p>El Auxiliar para el comentario de textos literarios es un libro de probada eficacia entre alumnos y profesores de ense\u00f1anza secundaria. Re\u00fane, de forma clara y ordenada, los elementos necesarios para realizar una lectura cr\u00edtica de textos literarios (poes\u00eda y prosa) y, sobre todo, su comentario formal.De f\u00e1cil manejo, su uso como material de apoyo facilita enormemente la labor del profesor, a la vez que familiariza al estudiante tanto con la terminolog\u00eda literaria como con un m\u00e9todo de trabajo, document\u00e1ndolo con numerosos ejemplos, textos comentados y propuesta de ejercicios. Finalmente, su pr\u00e1ctica promueve una mayor libertad expresiva, ya que, como se insiste en el Auxiliar, no existe un \u00fanico m\u00e9todo de comentario, sino que cualquier explicaci\u00f3n razonada y ordenada es tan v\u00e1lida como otra, raz\u00f3n por la que el manual se propone, fundamentalmente, ofrecer instrumentos y valores, no f\u00f3rmulas acabadas.<\/p>\n","protected":false},"excerpt":{"rendered":"<p>El Auxiliar para el comentario de textos literarios es un libro de probada eficacia entre alumnos y profesores de ense\u00f1anza secundaria. Re\u00fane, de forma clara y ordenada, los elementos necesarios para realizar una lectura cr\u00edtica de textos literarios (poes\u00eda y prosa) y, sobre todo, su comentario formal.De f\u00e1cil manejo, su uso como material de apoyo facilita enormemente la labor del profesor, a la vez que familiariza al estudiante tanto con la terminolog\u00eda literaria como con un m\u00e9todo de trabajo, document\u00e1ndolo con numerosos ejemplos, textos comentados y propuesta de ejercicios. Finalmente, su pr\u00e1ctica promueve una mayor libertad expresiva, ya que, como se insiste en el Auxiliar, no existe un \u00fanico m\u00e9todo de comentario, sino que cualquier explicaci\u00f3n razonada y ordenada es tan v\u00e1lida como otra, raz\u00f3n por la que el manual se propone, fundamentalmente, ofrecer instrumentos y valores, no f\u00f3rmulas acabadas.<\/p>\n","protected":false},"featured_media":55196,"comment_status":"open","ping_status":"closed","template":"","meta":{"_et_pb_use_builder":"","_et_pb_old_content":"","_et_gb_content_width":""},"product_cat":[11858],"product_tag":[11860],"edicion":[11865],"editoriales":[11867],"tienda":[],"autor_id":[14033],"universidades_coeditoras":[],"palabras_clave":[],"listado_alfabetico":[],"acf":[],"_links":{"self":[{"href":"https:\/\/wizardly-davinci.82-223-8-23.plesk.page\/en\/wp-json\/wp\/v2\/product\/55195"}],"collection":[{"href":"https:\/\/wizardly-davinci.82-223-8-23.plesk.page\/en\/wp-json\/wp\/v2\/product"}],"about":[{"href":"https:\/\/wizardly-davinci.82-223-8-23.plesk.page\/en\/wp-json\/wp\/v2\/types\/product"}],"replies":[{"embeddable":true,"href":"https:\/\/wizardly-davinci.82-223-8-23.plesk.page\/en\/wp-json\/wp\/v2\/comments?post=55195"}],"wp:featuredmedia":[{"embeddable":true,"href":"https:\/\/wizardly-davinci.82-223-8-23.plesk.page\/en\/wp-json\/wp\/v2\/media\/55196"}],"wp:attachment":[{"href":"https:\/\/wizardly-davinci.82-223-8-23.plesk.page\/en\/wp-json\/wp\/v2\/media?parent=55195"}],"wp:term":[{"taxonomy":"product_cat","embeddable":true,"href":"https:\/\/wizardly-davinci.82-223-8-23.plesk.page\/en\/wp-json\/wp\/v2\/product_cat?post=55195"},{"taxonomy":"product_tag","embeddable":true,"href":"https:\/\/wizardly-davinci.82-223-8-23.plesk.page\/en\/wp-json\/wp\/v2\/product_tag?post=55195"},{"taxonomy":"edicion","embeddable":true,"href":"https:\/\/wizardly-davinci.82-223-8-23.plesk.page\/en\/wp-json\/wp\/v2\/edicion?post=55195"},{"taxonomy":"editoriales","embeddable":true,"href":"https:\/\/wizardly-davinci.82-223-8-23.plesk.page\/en\/wp-json\/wp\/v2\/editoriales?post=55195"},{"taxonomy":"tienda","embeddable":true,"href":"https:\/\/wizardly-davinci.82-223-8-23.plesk.page\/en\/wp-json\/wp\/v2\/tienda?post=55195"},{"taxonomy":"autor_id","embeddable":true,"href":"https:\/\/wizardly-davinci.82-223-8-23.plesk.page\/en\/wp-json\/wp\/v2\/autor_id?post=55195"},{"taxonomy":"universidades_coeditoras","embeddable":true,"href":"https:\/\/wizardly-davinci.82-223-8-23.plesk.page\/en\/wp-json\/wp\/v2\/universidades_coeditoras?post=55195"},{"taxonomy":"palabras_clave","embeddable":true,"href":"https:\/\/wizardly-davinci.82-223-8-23.plesk.page\/en\/wp-json\/wp\/v2\/palabras_clave?post=55195"},{"taxonomy":"listado_alfabetico","embeddable":true,"href":"https:\/\/wizardly-davinci.82-223-8-23.plesk.page\/en\/wp-json\/wp\/v2\/listado_alfabetico?post=55195"}],"curies":[{"name":"wp","href":"https:\/\/api.w.org\/{rel}","templated":true}]}}