{"id":55197,"date":"2019-04-09T23:58:58","date_gmt":"2019-04-09T21:58:58","guid":{"rendered":"https:\/\/octaedro.com\/libro\/antologia-del-teatro\/"},"modified":"2023-02-22T13:39:31","modified_gmt":"2023-02-22T12:39:31","slug":"antologia-del-teatro-2","status":"publish","type":"product","link":"https:\/\/wizardly-davinci.82-223-8-23.plesk.page\/en\/producto\/antologia-del-teatro-2\/","title":{"rendered":"Antolog\u00eda del teatro"},"content":{"rendered":"<p>He aqu\u00ed una gozosa Antolog\u00eda de Teatro, dirigida a los alumnos y profesores de Ense\u00f1anzas medias superiores. En ella se dan cita nombres y textos universales \u2013Cervantes, el an\u00f3nimo medieval de la Farsa de Maese Patelin, Moli\u00e8re, Chejov- con otros m\u00e1s cercanos a nosotros: Arrabal, Beckett, Sinisterra&#8230; La selecci\u00f3n ha tenido igualmente en cuenta la variedad tem\u00e1tica y estil\u00edstica, el humor y la poes\u00eda, el teatro dialogado y el teatro experimental m\u00e1s reciente.Pensado como instrumento pedag\u00f3gico auxiliar para cursos y talleres, esta Antolog\u00eda va predecida de una \u201cPeque\u00f1a gu\u00eda para la lectura y la escenificaci\u00f3n de una obra de teatro\u201d, y redactada con rigor y sencillez, que ser\u00e1 sumamente \u00fatil a profesores y alumnos, junto con las notas de escenificaci\u00f3n, que siguen a cada uno de los textos.<\/p>\n","protected":false},"excerpt":{"rendered":"<p>He aqu\u00ed una gozosa Antolog\u00eda de Teatro, dirigida a los alumnos y profesores de Ense\u00f1anzas medias superiores. En ella se dan cita nombres y textos universales \u2013Cervantes, el an\u00f3nimo medieval de la Farsa de Maese Patelin, Moli\u00e8re, Chejov- con otros m\u00e1s cercanos a nosotros: Arrabal, Beckett, Sinisterra&#8230; La selecci\u00f3n ha tenido igualmente en cuenta la variedad tem\u00e1tica y estil\u00edstica, el humor y la poes\u00eda, el teatro dialogado y el teatro experimental m\u00e1s reciente.Pensado como instrumento pedag\u00f3gico auxiliar para cursos y talleres, esta Antolog\u00eda va predecida de una \u201cPeque\u00f1a gu\u00eda para la lectura y la escenificaci\u00f3n de una obra de teatro\u201d, y redactada con rigor y sencillez, que ser\u00e1 sumamente \u00fatil a profesores y alumnos, junto con las notas de escenificaci\u00f3n, que siguen a cada uno de los textos.<\/p>\n","protected":false},"featured_media":55198,"comment_status":"open","ping_status":"closed","template":"","meta":{"_et_pb_use_builder":"","_et_pb_old_content":"","_et_gb_content_width":""},"product_cat":[11858],"product_tag":[11860],"edicion":[11865],"editoriales":[11867],"tienda":[],"autor_id":[20022],"universidades_coeditoras":[],"palabras_clave":[],"listado_alfabetico":[],"acf":[],"_links":{"self":[{"href":"https:\/\/wizardly-davinci.82-223-8-23.plesk.page\/en\/wp-json\/wp\/v2\/product\/55197"}],"collection":[{"href":"https:\/\/wizardly-davinci.82-223-8-23.plesk.page\/en\/wp-json\/wp\/v2\/product"}],"about":[{"href":"https:\/\/wizardly-davinci.82-223-8-23.plesk.page\/en\/wp-json\/wp\/v2\/types\/product"}],"replies":[{"embeddable":true,"href":"https:\/\/wizardly-davinci.82-223-8-23.plesk.page\/en\/wp-json\/wp\/v2\/comments?post=55197"}],"wp:featuredmedia":[{"embeddable":true,"href":"https:\/\/wizardly-davinci.82-223-8-23.plesk.page\/en\/wp-json\/wp\/v2\/media\/55198"}],"wp:attachment":[{"href":"https:\/\/wizardly-davinci.82-223-8-23.plesk.page\/en\/wp-json\/wp\/v2\/media?parent=55197"}],"wp:term":[{"taxonomy":"product_cat","embeddable":true,"href":"https:\/\/wizardly-davinci.82-223-8-23.plesk.page\/en\/wp-json\/wp\/v2\/product_cat?post=55197"},{"taxonomy":"product_tag","embeddable":true,"href":"https:\/\/wizardly-davinci.82-223-8-23.plesk.page\/en\/wp-json\/wp\/v2\/product_tag?post=55197"},{"taxonomy":"edicion","embeddable":true,"href":"https:\/\/wizardly-davinci.82-223-8-23.plesk.page\/en\/wp-json\/wp\/v2\/edicion?post=55197"},{"taxonomy":"editoriales","embeddable":true,"href":"https:\/\/wizardly-davinci.82-223-8-23.plesk.page\/en\/wp-json\/wp\/v2\/editoriales?post=55197"},{"taxonomy":"tienda","embeddable":true,"href":"https:\/\/wizardly-davinci.82-223-8-23.plesk.page\/en\/wp-json\/wp\/v2\/tienda?post=55197"},{"taxonomy":"autor_id","embeddable":true,"href":"https:\/\/wizardly-davinci.82-223-8-23.plesk.page\/en\/wp-json\/wp\/v2\/autor_id?post=55197"},{"taxonomy":"universidades_coeditoras","embeddable":true,"href":"https:\/\/wizardly-davinci.82-223-8-23.plesk.page\/en\/wp-json\/wp\/v2\/universidades_coeditoras?post=55197"},{"taxonomy":"palabras_clave","embeddable":true,"href":"https:\/\/wizardly-davinci.82-223-8-23.plesk.page\/en\/wp-json\/wp\/v2\/palabras_clave?post=55197"},{"taxonomy":"listado_alfabetico","embeddable":true,"href":"https:\/\/wizardly-davinci.82-223-8-23.plesk.page\/en\/wp-json\/wp\/v2\/listado_alfabetico?post=55197"}],"curies":[{"name":"wp","href":"https:\/\/api.w.org\/{rel}","templated":true}]}}