{"id":55201,"date":"2019-04-09T23:58:57","date_gmt":"2019-04-09T21:58:57","guid":{"rendered":"https:\/\/octaedro.com\/libro\/el-analisis-gramatical\/"},"modified":"2023-02-22T13:39:36","modified_gmt":"2023-02-22T12:39:36","slug":"el-analisis-gramatical","status":"publish","type":"product","link":"https:\/\/wizardly-davinci.82-223-8-23.plesk.page\/en\/producto\/el-analisis-gramatical\/","title":{"rendered":"El an\u00e1lisis gramatical"},"content":{"rendered":"<p><span class=\"destacat\">El an\u00e1lisis gramatical<\/span> es fruto de la experiencia docente y ha sido concebido como un instrumento did\u00e1ctico. Es, al mismo tiempo, una completa gram\u00e1tica del espa\u00f1ol actual y un manual de an\u00e1lisis gramatical.<br \/>\nNuestro objetivo es que sea, sobre todo, \u00fatil. Tanto para la consulta puntual como para la preparaci\u00f3n de un tema o para el aprendizaje de un m\u00e9todo de an\u00e1lisis sint\u00e1ctico, todo ello a nivel te\u00f3rico y pr\u00e1ctico y con diferentes niveles de profundizaci\u00f3n. Para facilitar esta finalidad, el libro contiene un detallado \u00edndice de materias y cada tema ha sido redactado con un cierto grado de autonom\u00eda, de manera que no es necesario remitir a otras para seguir la explicaci\u00f3n de lo que se est\u00e1 tratando.La teor\u00eda gramatical se expone de forma clara y ordenada, con numerosos ejemplos comentados. El m\u00e9todo de an\u00e1lisis utilizado es f\u00e1cil, riguroso y asequible. Sigue un orden progresivo: empezamos analizando oraciones muy sencillas y con un m\u00e9todo muy simple y a medida que avanzan los temas el an\u00e1lisis se va enriqueciendo hasta hacerse completo.<br \/>\nAl final del libro se ense\u00f1a la manera de realizar un an\u00e1lisis morfosint\u00e1ctico m\u00e1s minucioso y se explica detalladamente c\u00f3mo realizar el an\u00e1lisis por diagrama arb\u00f3reo, combin\u00e1ndolo con un comentario gramatical.<\/p>\n","protected":false},"excerpt":{"rendered":"<p><span class=\"destacat\">El an\u00e1lisis gramatical<\/span> es fruto de la experiencia docente y ha sido concebido como un instrumento did\u00e1ctico. Es, al mismo tiempo, una completa gram\u00e1tica del espa\u00f1ol actual y un manual de an\u00e1lisis gramatical.<br \/>\nNuestro objetivo es que sea, sobre todo, \u00fatil. Tanto para la consulta puntual como para la preparaci\u00f3n de un tema o para el aprendizaje de un m\u00e9todo de an\u00e1lisis sint\u00e1ctico, todo ello a nivel te\u00f3rico y pr\u00e1ctico y con diferentes niveles de profundizaci\u00f3n. Para facilitar esta finalidad, el libro contiene un detallado \u00edndice de materias y cada tema ha sido redactado con un cierto grado de autonom\u00eda, de manera que no es necesario remitir a otras para seguir la explicaci\u00f3n de lo que se est\u00e1 tratando.La teor\u00eda gramatical se expone de forma clara y ordenada, con numerosos ejemplos comentados. El m\u00e9todo de an\u00e1lisis utilizado es f\u00e1cil, riguroso y asequible. Sigue un orden progresivo: empezamos analizando oraciones muy sencillas y con un m\u00e9todo muy simple y a medida que avanzan los temas el an\u00e1lisis se va enriqueciendo hasta hacerse completo.<br \/>\nAl final del libro se ense\u00f1a la manera de realizar un an\u00e1lisis morfosint\u00e1ctico m\u00e1s minucioso y se explica detalladamente c\u00f3mo realizar el an\u00e1lisis por diagrama arb\u00f3reo, combin\u00e1ndolo con un comentario gramatical.<\/p>\n","protected":false},"featured_media":55203,"comment_status":"open","ping_status":"closed","template":"","meta":{"_et_pb_use_builder":"","_et_pb_old_content":"","_et_gb_content_width":""},"product_cat":[11858],"product_tag":[11860],"edicion":[],"editoriales":[11867],"tienda":[],"autor_id":[14033],"universidades_coeditoras":[],"palabras_clave":[],"listado_alfabetico":[],"acf":[],"_links":{"self":[{"href":"https:\/\/wizardly-davinci.82-223-8-23.plesk.page\/en\/wp-json\/wp\/v2\/product\/55201"}],"collection":[{"href":"https:\/\/wizardly-davinci.82-223-8-23.plesk.page\/en\/wp-json\/wp\/v2\/product"}],"about":[{"href":"https:\/\/wizardly-davinci.82-223-8-23.plesk.page\/en\/wp-json\/wp\/v2\/types\/product"}],"replies":[{"embeddable":true,"href":"https:\/\/wizardly-davinci.82-223-8-23.plesk.page\/en\/wp-json\/wp\/v2\/comments?post=55201"}],"wp:featuredmedia":[{"embeddable":true,"href":"https:\/\/wizardly-davinci.82-223-8-23.plesk.page\/en\/wp-json\/wp\/v2\/media\/55203"}],"wp:attachment":[{"href":"https:\/\/wizardly-davinci.82-223-8-23.plesk.page\/en\/wp-json\/wp\/v2\/media?parent=55201"}],"wp:term":[{"taxonomy":"product_cat","embeddable":true,"href":"https:\/\/wizardly-davinci.82-223-8-23.plesk.page\/en\/wp-json\/wp\/v2\/product_cat?post=55201"},{"taxonomy":"product_tag","embeddable":true,"href":"https:\/\/wizardly-davinci.82-223-8-23.plesk.page\/en\/wp-json\/wp\/v2\/product_tag?post=55201"},{"taxonomy":"edicion","embeddable":true,"href":"https:\/\/wizardly-davinci.82-223-8-23.plesk.page\/en\/wp-json\/wp\/v2\/edicion?post=55201"},{"taxonomy":"editoriales","embeddable":true,"href":"https:\/\/wizardly-davinci.82-223-8-23.plesk.page\/en\/wp-json\/wp\/v2\/editoriales?post=55201"},{"taxonomy":"tienda","embeddable":true,"href":"https:\/\/wizardly-davinci.82-223-8-23.plesk.page\/en\/wp-json\/wp\/v2\/tienda?post=55201"},{"taxonomy":"autor_id","embeddable":true,"href":"https:\/\/wizardly-davinci.82-223-8-23.plesk.page\/en\/wp-json\/wp\/v2\/autor_id?post=55201"},{"taxonomy":"universidades_coeditoras","embeddable":true,"href":"https:\/\/wizardly-davinci.82-223-8-23.plesk.page\/en\/wp-json\/wp\/v2\/universidades_coeditoras?post=55201"},{"taxonomy":"palabras_clave","embeddable":true,"href":"https:\/\/wizardly-davinci.82-223-8-23.plesk.page\/en\/wp-json\/wp\/v2\/palabras_clave?post=55201"},{"taxonomy":"listado_alfabetico","embeddable":true,"href":"https:\/\/wizardly-davinci.82-223-8-23.plesk.page\/en\/wp-json\/wp\/v2\/listado_alfabetico?post=55201"}],"curies":[{"name":"wp","href":"https:\/\/api.w.org\/{rel}","templated":true}]}}