{"id":55202,"date":"2019-04-09T23:59:00","date_gmt":"2019-04-09T21:59:00","guid":{"rendered":"https:\/\/octaedro.com\/libro\/una-historia-de-las-religiones\/"},"modified":"2023-02-22T13:39:36","modified_gmt":"2023-02-22T12:39:36","slug":"una-historia-de-las-religiones-2","status":"publish","type":"product","link":"https:\/\/wizardly-davinci.82-223-8-23.plesk.page\/en\/producto\/una-historia-de-las-religiones-2\/","title":{"rendered":"Una historia de las religiones"},"content":{"rendered":"<p>Miles de millones de personas se definen como religiosas y\u2026 muchas otras, no. \u00bfQu\u00e9 son la religiones? \u00bfPor qu\u00e9 tantas? \u00bfPor qu\u00e9 tantas ideas y opiniones distintas? \u00bfQu\u00e9 relaci\u00f3n guarda entre s\u00ed todo lo que forma parte de una religi\u00f3n? Lo que puedan aportar las religiones \u00bfes de inter\u00e9s exclusivo de los creyentes o tiene alg\u00fan inter\u00e9s general?<br \/>\n<em>Una historia de las religiones<\/em> quiere ofrecer herramientas que permitan construir respuestas a preguntas como \u00e9stas. Presenta recursos para poder interpretar una realidad que es en s\u00ed misma muy plural y mutifac\u00e9tica; recoge ejemplos de creencias, de dogmas, de rituales; ejemplos de costumbres sociales y tambi\u00e9n de una b\u00fasqueda de la verdad que va m\u00e1s all\u00e1 de cualquier norma o pr\u00e1ctia social. Muestra las preocupaciones y aportaciones de gentes de tiempos y lugares muy distintos, situados en su contexto, porque las condiciones de vida se modifican y las sociedades tambi\u00e9n. Los significados de los gestos y de las costumbres se transforman, las religiones pasan por distintas etapas.<\/p>\n","protected":false},"excerpt":{"rendered":"<p>Miles de millones de personas se definen como religiosas y\u2026 muchas otras, no. \u00bfQu\u00e9 son la religiones? \u00bfPor qu\u00e9 tantas? \u00bfPor qu\u00e9 tantas ideas y opiniones distintas? \u00bfQu\u00e9 relaci\u00f3n guarda entre s\u00ed todo lo que forma parte de una religi\u00f3n? Lo que puedan aportar las religiones \u00bfes de inter\u00e9s exclusivo de los creyentes o tiene alg\u00fan inter\u00e9s general?<br \/>\n<em>Una historia de las religiones<\/em> quiere ofrecer herramientas que permitan construir respuestas a preguntas como \u00e9stas. Presenta recursos para poder interpretar una realidad que es en s\u00ed misma muy plural y mutifac\u00e9tica; recoge ejemplos de creencias, de dogmas, de rituales; ejemplos de costumbres sociales y tambi\u00e9n de una b\u00fasqueda de la verdad que va m\u00e1s all\u00e1 de cualquier norma o pr\u00e1ctia social. Muestra las preocupaciones y aportaciones de gentes de tiempos y lugares muy distintos, situados en su contexto, porque las condiciones de vida se modifican y las sociedades tambi\u00e9n. Los significados de los gestos y de las costumbres se transforman, las religiones pasan por distintas etapas.<\/p>\n","protected":false},"featured_media":55204,"comment_status":"open","ping_status":"closed","template":"","meta":{"_et_pb_use_builder":"","_et_pb_old_content":"","_et_gb_content_width":""},"product_cat":[11858,11859],"product_tag":[11860],"edicion":[11865],"editoriales":[11867],"tienda":[],"autor_id":[14354,20024],"universidades_coeditoras":[],"palabras_clave":[],"listado_alfabetico":[],"acf":[],"_links":{"self":[{"href":"https:\/\/wizardly-davinci.82-223-8-23.plesk.page\/en\/wp-json\/wp\/v2\/product\/55202"}],"collection":[{"href":"https:\/\/wizardly-davinci.82-223-8-23.plesk.page\/en\/wp-json\/wp\/v2\/product"}],"about":[{"href":"https:\/\/wizardly-davinci.82-223-8-23.plesk.page\/en\/wp-json\/wp\/v2\/types\/product"}],"replies":[{"embeddable":true,"href":"https:\/\/wizardly-davinci.82-223-8-23.plesk.page\/en\/wp-json\/wp\/v2\/comments?post=55202"}],"wp:featuredmedia":[{"embeddable":true,"href":"https:\/\/wizardly-davinci.82-223-8-23.plesk.page\/en\/wp-json\/wp\/v2\/media\/55204"}],"wp:attachment":[{"href":"https:\/\/wizardly-davinci.82-223-8-23.plesk.page\/en\/wp-json\/wp\/v2\/media?parent=55202"}],"wp:term":[{"taxonomy":"product_cat","embeddable":true,"href":"https:\/\/wizardly-davinci.82-223-8-23.plesk.page\/en\/wp-json\/wp\/v2\/product_cat?post=55202"},{"taxonomy":"product_tag","embeddable":true,"href":"https:\/\/wizardly-davinci.82-223-8-23.plesk.page\/en\/wp-json\/wp\/v2\/product_tag?post=55202"},{"taxonomy":"edicion","embeddable":true,"href":"https:\/\/wizardly-davinci.82-223-8-23.plesk.page\/en\/wp-json\/wp\/v2\/edicion?post=55202"},{"taxonomy":"editoriales","embeddable":true,"href":"https:\/\/wizardly-davinci.82-223-8-23.plesk.page\/en\/wp-json\/wp\/v2\/editoriales?post=55202"},{"taxonomy":"tienda","embeddable":true,"href":"https:\/\/wizardly-davinci.82-223-8-23.plesk.page\/en\/wp-json\/wp\/v2\/tienda?post=55202"},{"taxonomy":"autor_id","embeddable":true,"href":"https:\/\/wizardly-davinci.82-223-8-23.plesk.page\/en\/wp-json\/wp\/v2\/autor_id?post=55202"},{"taxonomy":"universidades_coeditoras","embeddable":true,"href":"https:\/\/wizardly-davinci.82-223-8-23.plesk.page\/en\/wp-json\/wp\/v2\/universidades_coeditoras?post=55202"},{"taxonomy":"palabras_clave","embeddable":true,"href":"https:\/\/wizardly-davinci.82-223-8-23.plesk.page\/en\/wp-json\/wp\/v2\/palabras_clave?post=55202"},{"taxonomy":"listado_alfabetico","embeddable":true,"href":"https:\/\/wizardly-davinci.82-223-8-23.plesk.page\/en\/wp-json\/wp\/v2\/listado_alfabetico?post=55202"}],"curies":[{"name":"wp","href":"https:\/\/api.w.org\/{rel}","templated":true}]}}