{"id":55219,"date":"2019-04-09T23:58:54","date_gmt":"2019-04-09T21:58:54","guid":{"rendered":"https:\/\/octaedro.com\/libro\/hablar-escuchar-conversar\/"},"modified":"2023-02-22T13:39:36","modified_gmt":"2023-02-22T12:39:36","slug":"hablar-escuchar-conversar-2","status":"publish","type":"product","link":"https:\/\/wizardly-davinci.82-223-8-23.plesk.page\/en\/producto\/hablar-escuchar-conversar-2\/","title":{"rendered":"Hablar, escuchar, conversar"},"content":{"rendered":"<p>Para ser hablantes reflexivos y respetuosos no basta con conocer una lengua. Hay que saber adem\u00e1s cu\u00e1ndo hablar y cu\u00e1ndo callar; c\u00f3mo tomar (y dejar) la palabra; qu\u00e9 elementos verbales y no verbales favorecen una escucha activa; c\u00f3mo adecuar nuestros usos ling\u00fc\u00edsticos al contexto en que nos desenvolvemos y a nuestra intenci\u00f3n comunicativa; c\u00f3mo salir al paso de incomprensiones y malentendidos.<br \/>\nSer hablantes reflexivos y respetuosos implica, tambi\u00e9n y sobre todo, ser sensibles a los usos discriminatorios del lenguaje y los abusos de poder a trav\u00e9s de la palabra. Porque aprender a discrepar sin herir, elogiar sin adular, aconsejar sin ofender, invitar sin coaccionar, ordenar sin humillar\u2026 no es tarea f\u00e1cil. Y aunque dicen que a conversar se aprende sobre la marcha, estas p\u00e1ginas apuestan por una \u201cpedagog\u00eda de la conversaci\u00f3n\u201d en las aulas de secundaria.<\/p>\n","protected":false},"excerpt":{"rendered":"<p>Para ser hablantes reflexivos y respetuosos no basta con conocer una lengua. Hay que saber adem\u00e1s cu\u00e1ndo hablar y cu\u00e1ndo callar; c\u00f3mo tomar (y dejar) la palabra; qu\u00e9 elementos verbales y no verbales favorecen una escucha activa; c\u00f3mo adecuar nuestros usos ling\u00fc\u00edsticos al contexto en que nos desenvolvemos y a nuestra intenci\u00f3n comunicativa; c\u00f3mo salir al paso de incomprensiones y malentendidos.<br \/>\nSer hablantes reflexivos y respetuosos implica, tambi\u00e9n y sobre todo, ser sensibles a los usos discriminatorios del lenguaje y los abusos de poder a trav\u00e9s de la palabra. Porque aprender a discrepar sin herir, elogiar sin adular, aconsejar sin ofender, invitar sin coaccionar, ordenar sin humillar\u2026 no es tarea f\u00e1cil. Y aunque dicen que a conversar se aprende sobre la marcha, estas p\u00e1ginas apuestan por una \u201cpedagog\u00eda de la conversaci\u00f3n\u201d en las aulas de secundaria.<\/p>\n","protected":false},"featured_media":55220,"comment_status":"open","ping_status":"closed","template":"","meta":{"_et_pb_use_builder":"","_et_pb_old_content":"","_et_gb_content_width":""},"product_cat":[11858,11859],"product_tag":[11860],"edicion":[],"editoriales":[11867],"tienda":[],"autor_id":[14301,14493],"universidades_coeditoras":[],"palabras_clave":[],"listado_alfabetico":[],"acf":[],"_links":{"self":[{"href":"https:\/\/wizardly-davinci.82-223-8-23.plesk.page\/en\/wp-json\/wp\/v2\/product\/55219"}],"collection":[{"href":"https:\/\/wizardly-davinci.82-223-8-23.plesk.page\/en\/wp-json\/wp\/v2\/product"}],"about":[{"href":"https:\/\/wizardly-davinci.82-223-8-23.plesk.page\/en\/wp-json\/wp\/v2\/types\/product"}],"replies":[{"embeddable":true,"href":"https:\/\/wizardly-davinci.82-223-8-23.plesk.page\/en\/wp-json\/wp\/v2\/comments?post=55219"}],"wp:featuredmedia":[{"embeddable":true,"href":"https:\/\/wizardly-davinci.82-223-8-23.plesk.page\/en\/wp-json\/wp\/v2\/media\/55220"}],"wp:attachment":[{"href":"https:\/\/wizardly-davinci.82-223-8-23.plesk.page\/en\/wp-json\/wp\/v2\/media?parent=55219"}],"wp:term":[{"taxonomy":"product_cat","embeddable":true,"href":"https:\/\/wizardly-davinci.82-223-8-23.plesk.page\/en\/wp-json\/wp\/v2\/product_cat?post=55219"},{"taxonomy":"product_tag","embeddable":true,"href":"https:\/\/wizardly-davinci.82-223-8-23.plesk.page\/en\/wp-json\/wp\/v2\/product_tag?post=55219"},{"taxonomy":"edicion","embeddable":true,"href":"https:\/\/wizardly-davinci.82-223-8-23.plesk.page\/en\/wp-json\/wp\/v2\/edicion?post=55219"},{"taxonomy":"editoriales","embeddable":true,"href":"https:\/\/wizardly-davinci.82-223-8-23.plesk.page\/en\/wp-json\/wp\/v2\/editoriales?post=55219"},{"taxonomy":"tienda","embeddable":true,"href":"https:\/\/wizardly-davinci.82-223-8-23.plesk.page\/en\/wp-json\/wp\/v2\/tienda?post=55219"},{"taxonomy":"autor_id","embeddable":true,"href":"https:\/\/wizardly-davinci.82-223-8-23.plesk.page\/en\/wp-json\/wp\/v2\/autor_id?post=55219"},{"taxonomy":"universidades_coeditoras","embeddable":true,"href":"https:\/\/wizardly-davinci.82-223-8-23.plesk.page\/en\/wp-json\/wp\/v2\/universidades_coeditoras?post=55219"},{"taxonomy":"palabras_clave","embeddable":true,"href":"https:\/\/wizardly-davinci.82-223-8-23.plesk.page\/en\/wp-json\/wp\/v2\/palabras_clave?post=55219"},{"taxonomy":"listado_alfabetico","embeddable":true,"href":"https:\/\/wizardly-davinci.82-223-8-23.plesk.page\/en\/wp-json\/wp\/v2\/listado_alfabetico?post=55219"}],"curies":[{"name":"wp","href":"https:\/\/api.w.org\/{rel}","templated":true}]}}