{"id":55227,"date":"2019-04-09T23:58:53","date_gmt":"2019-04-09T21:58:53","guid":{"rendered":"https:\/\/octaedro.com\/libro\/hablar-en-publico\/"},"modified":"2023-02-22T13:39:37","modified_gmt":"2023-02-22T12:39:37","slug":"hablar-en-publico-2","status":"publish","type":"product","link":"https:\/\/wizardly-davinci.82-223-8-23.plesk.page\/en\/producto\/hablar-en-publico-2\/","title":{"rendered":"Hablar en p\u00fablico"},"content":{"rendered":"<p>Hablar ante un auditorio es probablemente la tarea m\u00e1s dif\u00edcil que los docentes puedan exigir de sus alumnos. <em>Hablar en p\u00fablico<\/em> os ayudar\u00e1 a darles los recursos y el apoyo que necesitan para superar sus temores y convertirse en comunicadores eficaces.<br \/>\nLa primera parte de la obra propone diversas estrategias y t\u00e9cnicas para realizar presentaciones orales divertidas e interesantes. Las numerosas actividades, presentadas en forma de juegos, permiten a los que educan acompa\u00f1ar gradualmente a sus alumnos a la toma de palabra en p\u00fablico. La segunda parte del libro ofrece pistas y sugerencias para guiar, observar y evaluar a los que estudian durante sus comunicaciones orales.<em>Hablar en p\u00fablico<\/em> os servir\u00e1 tambi\u00e9n para formar oyentes respetuosos y conscientes. La palabra y la escucha van unidas en la comunicaci\u00f3n y ambas son habilidades que se aprenden y cultivan a lo largo de la vida.<\/p>\n","protected":false},"excerpt":{"rendered":"<p>Hablar ante un auditorio es probablemente la tarea m\u00e1s dif\u00edcil que los docentes puedan exigir de sus alumnos. <em>Hablar en p\u00fablico<\/em> os ayudar\u00e1 a darles los recursos y el apoyo que necesitan para superar sus temores y convertirse en comunicadores eficaces.<br \/>\nLa primera parte de la obra propone diversas estrategias y t\u00e9cnicas para realizar presentaciones orales divertidas e interesantes. Las numerosas actividades, presentadas en forma de juegos, permiten a los que educan acompa\u00f1ar gradualmente a sus alumnos a la toma de palabra en p\u00fablico. La segunda parte del libro ofrece pistas y sugerencias para guiar, observar y evaluar a los que estudian durante sus comunicaciones orales. <em>Hablar en p\u00fablico<\/em> os servir\u00e1 tambi\u00e9n para formar oyentes respetuosos y conscientes. La palabra y la escucha van unidas en la comunicaci\u00f3n y ambas son habilidades que se aprenden y cultivan a lo largo de la vida.<\/p>\n","protected":false},"featured_media":55228,"comment_status":"open","ping_status":"closed","template":"","meta":{"_et_pb_use_builder":"","_et_pb_old_content":"","_et_gb_content_width":""},"product_cat":[11858,11859],"product_tag":[11860],"edicion":[11865],"editoriales":[11867],"tienda":[],"autor_id":[14680],"universidades_coeditoras":[],"palabras_clave":[],"listado_alfabetico":[],"acf":[],"_links":{"self":[{"href":"https:\/\/wizardly-davinci.82-223-8-23.plesk.page\/en\/wp-json\/wp\/v2\/product\/55227"}],"collection":[{"href":"https:\/\/wizardly-davinci.82-223-8-23.plesk.page\/en\/wp-json\/wp\/v2\/product"}],"about":[{"href":"https:\/\/wizardly-davinci.82-223-8-23.plesk.page\/en\/wp-json\/wp\/v2\/types\/product"}],"replies":[{"embeddable":true,"href":"https:\/\/wizardly-davinci.82-223-8-23.plesk.page\/en\/wp-json\/wp\/v2\/comments?post=55227"}],"wp:featuredmedia":[{"embeddable":true,"href":"https:\/\/wizardly-davinci.82-223-8-23.plesk.page\/en\/wp-json\/wp\/v2\/media\/55228"}],"wp:attachment":[{"href":"https:\/\/wizardly-davinci.82-223-8-23.plesk.page\/en\/wp-json\/wp\/v2\/media?parent=55227"}],"wp:term":[{"taxonomy":"product_cat","embeddable":true,"href":"https:\/\/wizardly-davinci.82-223-8-23.plesk.page\/en\/wp-json\/wp\/v2\/product_cat?post=55227"},{"taxonomy":"product_tag","embeddable":true,"href":"https:\/\/wizardly-davinci.82-223-8-23.plesk.page\/en\/wp-json\/wp\/v2\/product_tag?post=55227"},{"taxonomy":"edicion","embeddable":true,"href":"https:\/\/wizardly-davinci.82-223-8-23.plesk.page\/en\/wp-json\/wp\/v2\/edicion?post=55227"},{"taxonomy":"editoriales","embeddable":true,"href":"https:\/\/wizardly-davinci.82-223-8-23.plesk.page\/en\/wp-json\/wp\/v2\/editoriales?post=55227"},{"taxonomy":"tienda","embeddable":true,"href":"https:\/\/wizardly-davinci.82-223-8-23.plesk.page\/en\/wp-json\/wp\/v2\/tienda?post=55227"},{"taxonomy":"autor_id","embeddable":true,"href":"https:\/\/wizardly-davinci.82-223-8-23.plesk.page\/en\/wp-json\/wp\/v2\/autor_id?post=55227"},{"taxonomy":"universidades_coeditoras","embeddable":true,"href":"https:\/\/wizardly-davinci.82-223-8-23.plesk.page\/en\/wp-json\/wp\/v2\/universidades_coeditoras?post=55227"},{"taxonomy":"palabras_clave","embeddable":true,"href":"https:\/\/wizardly-davinci.82-223-8-23.plesk.page\/en\/wp-json\/wp\/v2\/palabras_clave?post=55227"},{"taxonomy":"listado_alfabetico","embeddable":true,"href":"https:\/\/wizardly-davinci.82-223-8-23.plesk.page\/en\/wp-json\/wp\/v2\/listado_alfabetico?post=55227"}],"curies":[{"name":"wp","href":"https:\/\/api.w.org\/{rel}","templated":true}]}}