{"id":55265,"date":"2019-04-09T23:58:52","date_gmt":"2019-04-09T21:58:52","guid":{"rendered":"https:\/\/octaedro.com\/libro\/textos-informativos-breves-y-claros\/"},"modified":"2023-02-22T13:39:47","modified_gmt":"2023-02-22T12:39:47","slug":"textos-informativos-breves-y-claros","status":"publish","type":"product","link":"https:\/\/wizardly-davinci.82-223-8-23.plesk.page\/en\/producto\/textos-informativos-breves-y-claros\/","title":{"rendered":"Textos informativos breves y claros"},"content":{"rendered":"<p>Este no es un libro te\u00f3rico ni pretende ser un tratado de composici\u00f3n. Es una presentaci\u00f3n eficaz de los principios b\u00e1sicos que se han de tener en cuenta a la hora de redactar escritos de tipo informativo. La mayor\u00eda de sus cap\u00edtulos ofrecen un apartado de ejercicios para poner en pr\u00e1ctica lo explicado. Textos informativos breves y claros ha sido dise\u00f1ado teniendo en mente a los estudiantes universitarios, y tambi\u00e9n a los muchos profesionales y funcionarios cuyo trabajo diario incluye la redacci\u00f3n de informes, proyectos o manuales. Tambi\u00e9n ser\u00e1 \u00fatil para los profesionales que desean divulgar sus investigaciones y hallazgos.<\/p>\n","protected":false},"excerpt":{"rendered":"<p>Este no es un libro te\u00f3rico ni pretende ser un tratado de composici\u00f3n. Es una presentaci\u00f3n eficaz de los principios b\u00e1sicos que se han de tener en cuenta a la hora de redactar escritos de tipo informativo. La mayor\u00eda de sus cap\u00edtulos ofrecen un apartado de ejercicios para poner en pr\u00e1ctica lo explicado. Textos informativos breves y claros ha sido dise\u00f1ado teniendo en mente a los estudiantes universitarios, y tambi\u00e9n a los muchos profesionales y funcionarios cuyo trabajo diario incluye la redacci\u00f3n de informes, proyectos o manuales. Tambi\u00e9n ser\u00e1 \u00fatil para los profesionales que desean divulgar sus investigaciones y hallazgos.<\/p>\n","protected":false},"featured_media":55267,"comment_status":"open","ping_status":"closed","template":"","meta":{"_et_pb_use_builder":"","_et_pb_old_content":"","_et_gb_content_width":""},"product_cat":[11858],"product_tag":[],"edicion":[],"editoriales":[11867],"tienda":[],"autor_id":[14067],"universidades_coeditoras":[],"palabras_clave":[],"listado_alfabetico":[],"acf":[],"_links":{"self":[{"href":"https:\/\/wizardly-davinci.82-223-8-23.plesk.page\/en\/wp-json\/wp\/v2\/product\/55265"}],"collection":[{"href":"https:\/\/wizardly-davinci.82-223-8-23.plesk.page\/en\/wp-json\/wp\/v2\/product"}],"about":[{"href":"https:\/\/wizardly-davinci.82-223-8-23.plesk.page\/en\/wp-json\/wp\/v2\/types\/product"}],"replies":[{"embeddable":true,"href":"https:\/\/wizardly-davinci.82-223-8-23.plesk.page\/en\/wp-json\/wp\/v2\/comments?post=55265"}],"wp:featuredmedia":[{"embeddable":true,"href":"https:\/\/wizardly-davinci.82-223-8-23.plesk.page\/en\/wp-json\/wp\/v2\/media\/55267"}],"wp:attachment":[{"href":"https:\/\/wizardly-davinci.82-223-8-23.plesk.page\/en\/wp-json\/wp\/v2\/media?parent=55265"}],"wp:term":[{"taxonomy":"product_cat","embeddable":true,"href":"https:\/\/wizardly-davinci.82-223-8-23.plesk.page\/en\/wp-json\/wp\/v2\/product_cat?post=55265"},{"taxonomy":"product_tag","embeddable":true,"href":"https:\/\/wizardly-davinci.82-223-8-23.plesk.page\/en\/wp-json\/wp\/v2\/product_tag?post=55265"},{"taxonomy":"edicion","embeddable":true,"href":"https:\/\/wizardly-davinci.82-223-8-23.plesk.page\/en\/wp-json\/wp\/v2\/edicion?post=55265"},{"taxonomy":"editoriales","embeddable":true,"href":"https:\/\/wizardly-davinci.82-223-8-23.plesk.page\/en\/wp-json\/wp\/v2\/editoriales?post=55265"},{"taxonomy":"tienda","embeddable":true,"href":"https:\/\/wizardly-davinci.82-223-8-23.plesk.page\/en\/wp-json\/wp\/v2\/tienda?post=55265"},{"taxonomy":"autor_id","embeddable":true,"href":"https:\/\/wizardly-davinci.82-223-8-23.plesk.page\/en\/wp-json\/wp\/v2\/autor_id?post=55265"},{"taxonomy":"universidades_coeditoras","embeddable":true,"href":"https:\/\/wizardly-davinci.82-223-8-23.plesk.page\/en\/wp-json\/wp\/v2\/universidades_coeditoras?post=55265"},{"taxonomy":"palabras_clave","embeddable":true,"href":"https:\/\/wizardly-davinci.82-223-8-23.plesk.page\/en\/wp-json\/wp\/v2\/palabras_clave?post=55265"},{"taxonomy":"listado_alfabetico","embeddable":true,"href":"https:\/\/wizardly-davinci.82-223-8-23.plesk.page\/en\/wp-json\/wp\/v2\/listado_alfabetico?post=55265"}],"curies":[{"name":"wp","href":"https:\/\/api.w.org\/{rel}","templated":true}]}}