{"id":55315,"date":"2019-04-09T23:58:39","date_gmt":"2019-04-09T21:58:39","guid":{"rendered":"https:\/\/octaedro.com\/libro\/el-discurso-literario-y-su-aplicacion-didactica-en-el-aula-de-e-le\/"},"modified":"2023-02-22T13:39:57","modified_gmt":"2023-02-22T12:39:57","slug":"el-discurso-literario-y-su-aplicacion-didactica-en-el-aula-de-e-le","status":"publish","type":"product","link":"https:\/\/wizardly-davinci.82-223-8-23.plesk.page\/en\/producto\/el-discurso-literario-y-su-aplicacion-didactica-en-el-aula-de-e-le\/","title":{"rendered":"El discurso literario y su aplicaci\u00f3n did\u00e1ctica en el aula de E\/LE"},"content":{"rendered":"<p>\u00bfExiste una ideolog\u00eda dominante que recorre los distintos enfoques de la ense\u00f1anza-aprendizaje de lenguas? En concreto, \u00bfcabe pensar en una norma inconsciente que determina el papel que desempe\u00f1a la literatura en el aula de lenguas extranjeras y segundas lenguas? Una de las claves que se proponen para dilucidar estas cuestiones proviene de la aplicaci\u00f3n que el autor hace de la teor\u00eda de la \u00abradical historicidad\u00bb y \u00abel inconsciente ideol\u00f3gico\u00bb, del pensador y cr\u00edtico marxista de la literatura <strong>Juan Carlos Rodr\u00edguez<\/strong>.<\/p>\n<p>En efecto, en la ense\u00f1anza de lenguas queda siempre descartada la radical historicidad del discurso, de las nociones que lo configuran tanto en sus aspectos subjetivos como objetivos, tanto en la teor\u00eda como en la pr\u00e1ctica. A este prop\u00f3sito, el autor propone delimitar un tercer nivel en las secuencias did\u00e1cticas que se ofrecen: el nivel \u00abradicalmente hist\u00f3rico\u00bb, pensado para poner de relieve los presupuestos subjetivos y objetivos, as\u00ed como la importancia de empezar a pensar desde una consciencia de la propia historicidad no siempre extensible a todas las \u00e9pocas, pero s\u00ed a todas nuestras lenguas modernas.<\/p>\n","protected":false},"excerpt":{"rendered":"<p>\u00bfExiste una ideolog\u00eda dominante que recorre los distintos enfoques de la ense\u00f1anza-aprendizaje de lenguas? En concreto, \u00bfcabe pensar en una norma inconsciente que determina el papel que desempe\u00f1a la literatura en el aula de lenguas extranjeras y segundas lenguas? Una de las claves que se proponen para dilucidar estas cuestiones proviene de la aplicaci\u00f3n que el autor hace de la teor\u00eda de la \u00abradical historicidad\u00bb y \u00abel inconsciente ideol\u00f3gico\u00bb, del pensador y cr\u00edtico marxista de la literatura <strong>Juan Carlos Rodr\u00edguez<\/strong>.<\/p>\n<p>En efecto, en la ense\u00f1anza de lenguas queda siempre descartada la radical historicidad del discurso, de las nociones que lo configuran tanto en sus aspectos subjetivos como objetivos, tanto en la teor\u00eda como en la pr\u00e1ctica. A este prop\u00f3sito, el autor propone delimitar un tercer nivel en las secuencias did\u00e1cticas que se ofrecen: el nivel \u00abradicalmente hist\u00f3rico\u00bb, pensado para poner de relieve los presupuestos subjetivos y objetivos, as\u00ed como la importancia de empezar a pensar desde una consciencia de la propia historicidad no siempre extensible a todas las \u00e9pocas, pero s\u00ed a todas nuestras lenguas modernas.<\/p>\n","protected":false},"featured_media":55320,"comment_status":"open","ping_status":"closed","template":"","meta":{"_et_pb_use_builder":"","_et_pb_old_content":"","_et_gb_content_width":""},"product_cat":[11858,11859],"product_tag":[11860],"edicion":[],"editoriales":[11867],"tienda":[],"autor_id":[14037],"universidades_coeditoras":[14901],"palabras_clave":[],"listado_alfabetico":[],"acf":[],"_links":{"self":[{"href":"https:\/\/wizardly-davinci.82-223-8-23.plesk.page\/en\/wp-json\/wp\/v2\/product\/55315"}],"collection":[{"href":"https:\/\/wizardly-davinci.82-223-8-23.plesk.page\/en\/wp-json\/wp\/v2\/product"}],"about":[{"href":"https:\/\/wizardly-davinci.82-223-8-23.plesk.page\/en\/wp-json\/wp\/v2\/types\/product"}],"replies":[{"embeddable":true,"href":"https:\/\/wizardly-davinci.82-223-8-23.plesk.page\/en\/wp-json\/wp\/v2\/comments?post=55315"}],"wp:featuredmedia":[{"embeddable":true,"href":"https:\/\/wizardly-davinci.82-223-8-23.plesk.page\/en\/wp-json\/wp\/v2\/media\/55320"}],"wp:attachment":[{"href":"https:\/\/wizardly-davinci.82-223-8-23.plesk.page\/en\/wp-json\/wp\/v2\/media?parent=55315"}],"wp:term":[{"taxonomy":"product_cat","embeddable":true,"href":"https:\/\/wizardly-davinci.82-223-8-23.plesk.page\/en\/wp-json\/wp\/v2\/product_cat?post=55315"},{"taxonomy":"product_tag","embeddable":true,"href":"https:\/\/wizardly-davinci.82-223-8-23.plesk.page\/en\/wp-json\/wp\/v2\/product_tag?post=55315"},{"taxonomy":"edicion","embeddable":true,"href":"https:\/\/wizardly-davinci.82-223-8-23.plesk.page\/en\/wp-json\/wp\/v2\/edicion?post=55315"},{"taxonomy":"editoriales","embeddable":true,"href":"https:\/\/wizardly-davinci.82-223-8-23.plesk.page\/en\/wp-json\/wp\/v2\/editoriales?post=55315"},{"taxonomy":"tienda","embeddable":true,"href":"https:\/\/wizardly-davinci.82-223-8-23.plesk.page\/en\/wp-json\/wp\/v2\/tienda?post=55315"},{"taxonomy":"autor_id","embeddable":true,"href":"https:\/\/wizardly-davinci.82-223-8-23.plesk.page\/en\/wp-json\/wp\/v2\/autor_id?post=55315"},{"taxonomy":"universidades_coeditoras","embeddable":true,"href":"https:\/\/wizardly-davinci.82-223-8-23.plesk.page\/en\/wp-json\/wp\/v2\/universidades_coeditoras?post=55315"},{"taxonomy":"palabras_clave","embeddable":true,"href":"https:\/\/wizardly-davinci.82-223-8-23.plesk.page\/en\/wp-json\/wp\/v2\/palabras_clave?post=55315"},{"taxonomy":"listado_alfabetico","embeddable":true,"href":"https:\/\/wizardly-davinci.82-223-8-23.plesk.page\/en\/wp-json\/wp\/v2\/listado_alfabetico?post=55315"}],"curies":[{"name":"wp","href":"https:\/\/api.w.org\/{rel}","templated":true}]}}