{"id":55318,"date":"2019-04-09T23:58:41","date_gmt":"2019-04-09T21:58:41","guid":{"rendered":"https:\/\/octaedro.com\/libro\/crear-con-palabras-aprender-una-lengua\/"},"modified":"2023-02-22T13:39:57","modified_gmt":"2023-02-22T12:39:57","slug":"crear-con-palabras-aprender-una-lengua-2","status":"publish","type":"product","link":"https:\/\/wizardly-davinci.82-223-8-23.plesk.page\/en\/producto\/crear-con-palabras-aprender-una-lengua-2\/","title":{"rendered":"Crear con palabras: aprender una lengua"},"content":{"rendered":"<p><em>Crear con palabras: Aprender una lengua<\/em> es un libro en el que se trabaja y potencia la expresi\u00f3n escrita a trav\u00e9s de la creatividad. El material que se recoge es fruto de varios a\u00f1os realizando talleres de escritura en el contexto de aprendizaje del espa\u00f1ol como lengua extranjera\/segunda lengua\/lengua materna. Las actividades que se proponen se han organizado en forma de taller, pero con la posibilidad de que se pueden realizar \u2013algunas con ligeras modificaciones\u2013 por s\u00ed mismas, o en bloques de sesiones y sin necesidad de ce\u00f1irse al orden establecido en el que se presentan.<\/p>\n<p>Este taller de escritura ayuda al profesorado y al alumnado a convertir la escritura en una tarea motivadora y divertida; al mismo tiempo, favorece de manera significativa el aprendizaje ling\u00fc\u00edstico. Se sustenta en una metodolog\u00eda comunicativa donde la ense\u00f1anza constituye un proceso significativo y funcional que tiene como centro de dicho proceso al propio alumno. Asimismo, sigue las directrices del Marco Com\u00fan Europeo de Referencia de las Lenguas (Consejo de Europa, 2002) y las indicaciones para el espa\u00f1ol recogidas en el Plan Curricular del Instituto Cervantes (Instituto Cervantes, 2006).<\/p>\n<p>Por \u00faltimo, los docentes de lengua encontrar\u00e1n este material no exclusivo para la ense\u00f1anza del espa\u00f1ol como LE\/L2, pues las actividades tienen relaci\u00f3n con los contenidos curriculares de Primaria o Secundaria y pueden ser empleadas (en forma de taller o aisladas) para hacer de la escritura una tarea menos mon\u00f3tona y m\u00e1s creativa.<\/p>\n","protected":false},"excerpt":{"rendered":"<p><em>Crear con palabras: Aprender una lengua<\/em> es un libro en el que se trabaja y potencia la expresi\u00f3n escrita a trav\u00e9s de la creatividad. El material que se recoge es fruto de varios a\u00f1os realizando talleres de escritura en el contexto de aprendizaje del espa\u00f1ol como lengua extranjera\/segunda lengua\/lengua materna. Las actividades que se proponen se han organizado en forma de taller, pero con la posibilidad de que se pueden realizar \u2013algunas con ligeras modificaciones\u2013 por s\u00ed mismas, o en bloques de sesiones y sin necesidad de ce\u00f1irse al orden establecido en el que se presentan.<\/p>\n<p>Este taller de escritura ayuda al profesorado y al alumnado a convertir la escritura en una tarea motivadora y divertida; al mismo tiempo, favorece de manera significativa el aprendizaje ling\u00fc\u00edstico. Se sustenta en una metodolog\u00eda comunicativa donde la ense\u00f1anza constituye un proceso significativo y funcional que tiene como centro de dicho proceso al propio alumno. Asimismo, sigue las directrices del Marco Com\u00fan Europeo de Referencia de las Lenguas (Consejo de Europa, 2002) y las indicaciones para el espa\u00f1ol recogidas en el Plan Curricular del Instituto Cervantes (Instituto Cervantes, 2006).<\/p>\n<p>Por \u00faltimo, los docentes de lengua encontrar\u00e1n este material no exclusivo para la ense\u00f1anza del espa\u00f1ol como LE\/L2, pues las actividades tienen relaci\u00f3n con los contenidos curriculares de Primaria o Secundaria y pueden ser empleadas (en forma de taller o aisladas) para hacer de la escritura una tarea menos mon\u00f3tona y m\u00e1s creativa.<\/p>\n","protected":false},"featured_media":55319,"comment_status":"open","ping_status":"closed","template":"","meta":{"_et_pb_use_builder":"","_et_pb_old_content":"","_et_gb_content_width":""},"product_cat":[11858],"product_tag":[11860],"edicion":[11865],"editoriales":[11867],"tienda":[],"autor_id":[13814],"universidades_coeditoras":[],"palabras_clave":[],"listado_alfabetico":[],"acf":[],"_links":{"self":[{"href":"https:\/\/wizardly-davinci.82-223-8-23.plesk.page\/en\/wp-json\/wp\/v2\/product\/55318"}],"collection":[{"href":"https:\/\/wizardly-davinci.82-223-8-23.plesk.page\/en\/wp-json\/wp\/v2\/product"}],"about":[{"href":"https:\/\/wizardly-davinci.82-223-8-23.plesk.page\/en\/wp-json\/wp\/v2\/types\/product"}],"replies":[{"embeddable":true,"href":"https:\/\/wizardly-davinci.82-223-8-23.plesk.page\/en\/wp-json\/wp\/v2\/comments?post=55318"}],"wp:featuredmedia":[{"embeddable":true,"href":"https:\/\/wizardly-davinci.82-223-8-23.plesk.page\/en\/wp-json\/wp\/v2\/media\/55319"}],"wp:attachment":[{"href":"https:\/\/wizardly-davinci.82-223-8-23.plesk.page\/en\/wp-json\/wp\/v2\/media?parent=55318"}],"wp:term":[{"taxonomy":"product_cat","embeddable":true,"href":"https:\/\/wizardly-davinci.82-223-8-23.plesk.page\/en\/wp-json\/wp\/v2\/product_cat?post=55318"},{"taxonomy":"product_tag","embeddable":true,"href":"https:\/\/wizardly-davinci.82-223-8-23.plesk.page\/en\/wp-json\/wp\/v2\/product_tag?post=55318"},{"taxonomy":"edicion","embeddable":true,"href":"https:\/\/wizardly-davinci.82-223-8-23.plesk.page\/en\/wp-json\/wp\/v2\/edicion?post=55318"},{"taxonomy":"editoriales","embeddable":true,"href":"https:\/\/wizardly-davinci.82-223-8-23.plesk.page\/en\/wp-json\/wp\/v2\/editoriales?post=55318"},{"taxonomy":"tienda","embeddable":true,"href":"https:\/\/wizardly-davinci.82-223-8-23.plesk.page\/en\/wp-json\/wp\/v2\/tienda?post=55318"},{"taxonomy":"autor_id","embeddable":true,"href":"https:\/\/wizardly-davinci.82-223-8-23.plesk.page\/en\/wp-json\/wp\/v2\/autor_id?post=55318"},{"taxonomy":"universidades_coeditoras","embeddable":true,"href":"https:\/\/wizardly-davinci.82-223-8-23.plesk.page\/en\/wp-json\/wp\/v2\/universidades_coeditoras?post=55318"},{"taxonomy":"palabras_clave","embeddable":true,"href":"https:\/\/wizardly-davinci.82-223-8-23.plesk.page\/en\/wp-json\/wp\/v2\/palabras_clave?post=55318"},{"taxonomy":"listado_alfabetico","embeddable":true,"href":"https:\/\/wizardly-davinci.82-223-8-23.plesk.page\/en\/wp-json\/wp\/v2\/listado_alfabetico?post=55318"}],"curies":[{"name":"wp","href":"https:\/\/api.w.org\/{rel}","templated":true}]}}